{"id":7455,"date":"2025-10-30T14:52:24","date_gmt":"2025-10-30T13:52:24","guid":{"rendered":"https:\/\/cheries-cheris.com\/festival\/?page_id=7455"},"modified":"2025-10-31T14:08:43","modified_gmt":"2025-10-31T13:08:43","slug":"soirees-2025","status":"publish","type":"page","link":"https:\/\/cheries-cheris.com\/festival\/31eme-festival-du-film-lgbtqia-de-paris-du-15-au-25-novembre-2025\/soirees-2025\/","title":{"rendered":"Soir\u00e9es"},"content":{"rendered":"<section class=\"kc-elm kc-css-258098 kc_row\"><div class=\"kc-row-container  kc-container\"><div class=\"kc-wrap-columns\"><div class=\"kc-elm kc-css-356460 kc_col-sm-12 kc_column kc_col-sm-12\"><div class=\"kc-col-container\"><div class=\"kc-elm kc-css-593693 kc_shortcode kc_single_image\">\n\n        <img decoding=\"async\" src=\"https:\/\/cheries-cheris.com\/festival\/wp-content\/uploads\/2025\/10\/12-11-25-Afterwork.jpg\" class=\"\" alt=\"Flyer Afterwork :apos:Before Festival:apos: 12\/11 Le Cirque\" \/>    <\/div>\n<div class=\"kc-elm kc-css-405523\" style=\"height: 40px; clear: both; width:100%;\"><\/div><div class=\"kc-elm kc-css-471720 kc_text_block\"><\/p>\n<h2>Afterwork \u201cBefore Festival \u2013 Entre Femmes\u201d<\/h2>\n<p><strong>Mercredi 12 novembre 2025 \u2013 Le Cirque, 141 rue Saint-Martin, Paris 4e<\/strong><\/p>\n<p>Un afterwork convivial et bienveillant, organis\u00e9 avec Elle \u00c9moi, pour se retrouver entre femmes avant l\u2019ouverture du festival. Discussions et rencontres autour d\u2019un verre, dans une ambiance inclusive.<\/p>\n<p>\n<\/div><div class=\"kc-elm kc-css-822157\" style=\"height: 60px; clear: both; width:100%;\"><\/div><div class=\"kc-elm kc-css-97966 kc_shortcode kc_single_image\">\n\n        <img decoding=\"async\" src=\"https:\/\/cheries-cheris.com\/festival\/wp-content\/uploads\/2025\/10\/14-11-25-soiree-Tango.jpg\" class=\"\" alt=\"Flyer soir\u00e9e Ch\u00e9ries-Ch\u00e9ris au Tango le 14\/11\" \/>    <\/div>\n<div class=\"kc-elm kc-css-133336\" style=\"height: 40px; clear: both; width:100%;\"><\/div><div class=\"kc-elm kc-css-25864 kc_text_block\"><\/p>\n<h2>Soir\u00e9e \u201cBefore Festival\u201d \u2013 Ch\u00e9ries-Ch\u00e9ris au Tango<\/h2>\n<p><strong>Vendredi 14 novembre 2025 \u2013 Le Tango, 11 rue au Maire, Paris 3e<\/strong><\/p>\n<p>La soir\u00e9e \u201cBefore Festival\u201d pour c\u00e9l\u00e9brer le lancement de la 31\u1d49 \u00e9dition ! Une nuit de retrouvailles et de f\u00eate au Tango, lieu mythique de la culture LGBTQIA+ parisienne.<br \/>Entr\u00e9e gratuite de 22h30 \u00e0 23h30.<\/p>\n<p>\n<\/div><div class=\"kc-elm kc-css-823941\" style=\"height: 60px; clear: both; width:100%;\"><\/div><div class=\"kc-elm kc-css-174224 kc_shortcode kc_single_image\">\n\n        <img decoding=\"async\" src=\"https:\/\/cheries-cheris.com\/festival\/wp-content\/uploads\/2025\/10\/15-11-25-soiree-les-souffleuses.jpg\" class=\"\" alt=\"Flyer soir\u00e9e :quot:Oh Ch\u00e9rie Ch\u00e9ri:quot: Les Souffleuses 15\/11\" \/>    <\/div>\n<div class=\"kc-elm kc-css-643986\" style=\"height: 40px; clear: both; width:100%;\"><\/div><div class=\"kc-elm kc-css-168647 kc_text_block\"><\/p>\n<h2>\u201cOh Ch\u00e9rie Ch\u00e9ri\u2026\u201d \u2013 Soir\u00e9e de lancement<\/h2>\n<p><strong>Samedi 15 novembre 2025 \u2013 Les Souffleuses, 7 rue de la Verrerie, Paris 4e<\/strong><\/p>\n<p>La grande soir\u00e9e de lancement du festival avec Herr Pop et ses Amies Amis : Melanie Lennox &#038; Tonie Truand (Bordelle \/ Bordeaux), Beky &#038; Horst (Kiekebiche \/ Bruxelles), NPG &#038; DJ Steph (PopinGays \/ Paname).<span class=\"gmail_default\">\u00a0<\/span>Des sets de DJs queer pour faire vibrer le dancefloor des Souffleuses jusqu\u2019\u00e0 l\u2019aube !<\/p>\n<p>\n<\/div><div class=\"kc-elm kc-css-594896\" style=\"height: 60px; clear: both; width:100%;\"><\/div><div class=\"kc-elm kc-css-353036 kc_shortcode kc_single_image\">\n\n        <img decoding=\"async\" src=\"https:\/\/cheries-cheris.com\/festival\/wp-content\/uploads\/2025\/10\/19-11-25-apero-bunker.jpg\" class=\"\" alt=\"flyer Ap\u00e9ro Ch\u00e9ries-Ch\u00e9ris au Bunker le 19\/11\" \/>    <\/div>\n<div class=\"kc-elm kc-css-212127\" style=\"height: 40px; clear: both; width:100%;\"><\/div><div class=\"kc-elm kc-css-369866 kc_text_block\"><\/p>\n<h2>L\u2019Ap\u00e9ro au Bunker \u2013 Discussion autour du cin\u00e9ma<\/h2>\n<p><strong>Mercredi 19 novembre 2025 \u2013 Le Bunker, 54 rue Guy M\u00f4quet, Paris 17e<\/strong><\/p>\n<p>Projection, discussion et ap\u00e9ro autour du cin\u00e9ma queer dans l\u2019ambiance festive et libre du Bunker Paris. Un moment de convivialit\u00e9 pour \u00e9changer, d\u00e9battre et se rencontrer autour du 7\u1d49 art LGBTQIA+.<\/p>\n<p>\n<\/div><div class=\"kc-elm kc-css-143766\" style=\"height: 60px; clear: both; width:100%;\"><\/div><div class=\"kc-elm kc-css-752386 kc_shortcode kc_single_image\">\n\n        <img decoding=\"async\" src=\"https:\/\/cheries-cheris.com\/festival\/wp-content\/uploads\/2025\/10\/20-11-25-soiree-Raidd.jpg\" class=\"\" alt=\"flyer soir\u00e9e Ch\u00e9ries-Ch\u00e9ris au Raidd le 20\/11\" \/>    <\/div>\n<div class=\"kc-elm kc-css-446734\" style=\"height: 40px; clear: both; width:100%;\"><\/div><div class=\"kc-elm kc-css-152993 kc_text_block\"><\/p>\n<h2>BFF \u2013\u00a0Lady Gaga Artpop Night<\/h2>\n<p><strong>Jeudi 20 novembre 2025 \u2013 Le Raidd, 23 rue du Temple, Paris 4e<\/strong><\/p>\n<p>\u00c0 l\u2019occasion de la venue de Lady Gaga \u00e0 Paris pour sa tourn\u00e9e The Mayhem Ball (17-18-20-22 novembre \u00e0 l\u2019Accor Arena), Ch\u00e9ries-Ch\u00e9ris s\u2019associe au Raidd Bar pour une nuit pop et d\u00e9lirante<span class=\"gmail_default\">\u00a0<\/span>!\u00a0 Performances, sensualit\u00e9 queer et \u00e9nergie Artpop avec Coco Ricard, Thomy K et Andrei Olariu. Entr\u00e9e gratuite, ambiance torride et shower boys mythiques !<\/p>\n<p>\n<\/div><div class=\"kc-elm kc-css-312291\" style=\"height: 60px; clear: both; width:100%;\"><\/div><div class=\"kc-elm kc-css-653143 kc_shortcode kc_single_image\">\n\n        <img decoding=\"async\" src=\"https:\/\/cheries-cheris.com\/festival\/wp-content\/uploads\/2025\/10\/21-11-25-after-movie.jpg\" class=\"\" alt=\"Flyer after movie 21\/11 rotonde Stalingrad\" \/>    <\/div>\n<div class=\"kc-elm kc-css-240101\" style=\"height: 40px; clear: both; width:100%;\"><\/div><div class=\"kc-elm kc-css-229823 kc_text_block\"><\/p>\n<h2>L\u2019After Movie \u2013 Karaok\u00e9 &#038; DJ Set<\/h2>\n<p><strong>Vendredi 21 novembre 2025 \u2013 La Rotonde Stalingrad, Paris 19e<\/strong><\/p>\n<p>Le festival s\u2019invite \u00e0 La Rotonde Stalingrad pour un grand karaok\u00e9 \u201cmusiques de films queer &#038; allies\u201d, suivi d\u2019un DJ set d\u2019Aster Sequin. Un moment pop et festif pour chanter, danser et prolonger la magie du cin\u00e9ma.<\/p>\n<p>\n<\/div><div class=\"kc-elm kc-css-533703\" style=\"height: 60px; clear: both; width:100%;\"><\/div><div class=\"kc-elm kc-css-597891 kc_shortcode kc_single_image\">\n\n        <a  href=\"https:\/\/shotgun.live\/fr\/events\/gang-bambi-dramatchiiique-after-cheries-cheris-festival\" title=\"\" target=\"_blank\">\n        <img decoding=\"async\" src=\"https:\/\/cheries-cheris.com\/festival\/wp-content\/uploads\/2025\/10\/22-11-2-soiree-a-la-folie.jpg\" class=\"\" alt=\"Flyer soir\u00e9e :quot:Gang Bambi Dramatchiiique:quot: 22\/11 A la Folie\" \/>    <\/a>\n    <\/div>\n<div class=\"kc-elm kc-css-173995\" style=\"height: 40px; clear: both; width:100%;\"><\/div><div class=\"kc-elm kc-css-126707 kc_text_block\"><\/p>\n<h2>Gang Bambi \u201cDramatchiiique\u201d<\/h2>\n<p><strong>Samedi 22 novembre 2025 \u2013 \u00c0 la Folie, Parc de la Villette, 26 avenue Corentin Cariou, Paris 19e<\/strong><\/p>\n<p>Clubbing, drag shows et courts m\u00e9trages : la Gang Bambi revient en force pour une nuit \u201cdramatchiiique\u201d en partenariat avec le festival. Costumes, paillettes et performances flamboyantes jusqu\u2019au petit matin.<\/p>\n<p>\n<\/div><div class=\"kc-elm kc-css-289093\" style=\"height: 60px; clear: both; width:100%;\"><\/div><div class=\"kc-elm kc-css-242635 kc_shortcode kc_single_image\">\n\n        <img decoding=\"async\" src=\"https:\/\/cheries-cheris.com\/festival\/wp-content\/uploads\/2025\/10\/23-11-25-soiree-tango.jpg\" class=\"\" alt=\"Flyer soir\u00e9e :quot:Dimanche \u00e0 sec:quot: 23\/11 Le Tango\" \/>    <\/div>\n<div class=\"kc-elm kc-css-327183\" style=\"height: 40px; clear: both; width:100%;\"><\/div><div class=\"kc-elm kc-css-262261 kc_text_block\"><\/p>\n<h2>Dimanche \u00e0 Sec \u2013 Queer &#038; Sober Party<\/h2>\n<p><strong>Dimanche 23 novembre 2025 \u2013 Le Tango, 11 rue au Maire, Paris 3e<\/strong><\/p>\n<p>Une soir\u00e9e sans alcool mais pleine d\u2019\u00e9nergie ! Avec Noam Sinseau, Sonny Groove (La Vag)<span class=\"gmail_default\">\u00a0<\/span>et DJ Simon Bocanegra &#038; Friends, SoQu propose un espace queer joyeux, dansant et safe pour tous les corps et tous les esprits.<\/p>\n<p>\n<\/div><div class=\"kc-elm kc-css-743639\" style=\"height: 60px; clear: both; width:100%;\"><\/div><\/div><\/div><\/div><\/div><\/section>\n","protected":false},"excerpt":{"rendered":"","protected":false},"author":9,"featured_media":0,"parent":6551,"menu_order":0,"comment_status":"closed","ping_status":"closed","template":"","meta":{"footnotes":""},"cc_edition":[],"class_list":["post-7455","page","type-page","status-publish","hentry"],"_links":{"self":[{"href":"https:\/\/cheries-cheris.com\/festival\/wp-json\/wp\/v2\/pages\/7455","targetHints":{"allow":["GET"]}}],"collection":[{"href":"https:\/\/cheries-cheris.com\/festival\/wp-json\/wp\/v2\/pages"}],"about":[{"href":"https:\/\/cheries-cheris.com\/festival\/wp-json\/wp\/v2\/types\/page"}],"author":[{"embeddable":true,"href":"https:\/\/cheries-cheris.com\/festival\/wp-json\/wp\/v2\/users\/9"}],"replies":[{"embeddable":true,"href":"https:\/\/cheries-cheris.com\/festival\/wp-json\/wp\/v2\/comments?post=7455"}],"version-history":[{"count":6,"href":"https:\/\/cheries-cheris.com\/festival\/wp-json\/wp\/v2\/pages\/7455\/revisions"}],"predecessor-version":[{"id":7529,"href":"https:\/\/cheries-cheris.com\/festival\/wp-json\/wp\/v2\/pages\/7455\/revisions\/7529"}],"up":[{"embeddable":true,"href":"https:\/\/cheries-cheris.com\/festival\/wp-json\/wp\/v2\/pages\/6551"}],"wp:attachment":[{"href":"https:\/\/cheries-cheris.com\/festival\/wp-json\/wp\/v2\/media?parent=7455"}],"wp:term":[{"taxonomy":"cc_edition","embeddable":true,"href":"https:\/\/cheries-cheris.com\/festival\/wp-json\/wp\/v2\/cc_edition?post=7455"}],"curies":[{"name":"wp","href":"https:\/\/api.w.org\/{rel}","templated":true}]}}