{"id":6935,"date":"2025-10-20T16:01:34","date_gmt":"2025-10-20T14:01:34","guid":{"rendered":"https:\/\/cheries-cheris.com\/festival\/?page_id=6935"},"modified":"2025-10-30T15:22:18","modified_gmt":"2025-10-30T14:22:18","slug":"remerciements","status":"publish","type":"page","link":"https:\/\/cheries-cheris.com\/festival\/31eme-festival-du-film-lgbtqia-de-paris-du-15-au-25-novembre-2025\/remerciements\/","title":{"rendered":"Remerciements"},"content":{"rendered":"<p><section class=\"kc-elm kc-css-373091 kc_row\"><div class=\"kc-row-container  kc-container\"><div class=\"kc-wrap-columns\"><div class=\"kc-elm kc-css-343015 kc_col-sm-6 kc_column kc_col-sm-6\"><div class=\"kc-col-container\"><div class=\"kc-elm kc-css-265588 kc_shortcode kc_single_image\">\n\n        <img decoding=\"async\" src=\"https:\/\/cheries-cheris.com\/festival\/wp-content\/uploads\/2025\/10\/logos-partenaires-2025.jpg\" class=\"\" alt=\"\" \/>    <\/div>\n<\/div><\/div><div class=\"kc-elm kc-css-848812 kc_col-sm-6 kc_column kc_col-sm-6\"><div class=\"kc-col-container\"><div class=\"kc-elm kc-css-825325 kc_text_block\"><\/p>\n<p>\u25c6 Val\u00e9rie P\u00e9cresse &#8211; Pr\u00e9sidente du Conseil r\u00e9gional d\u2019\u00cele-de-France\u00a0;\u00a0Florence Portelli &#8211; Vice-Pr\u00e9sidente en charge de la culture, du patrimoine et de la cr\u00e9ation, Alix Bougeret &#8211; Pr\u00e9sidente de la commission Culture de la R\u00e9gion, Fran\u00e7ois Demas &#8211; Conseiller technique culture aupr\u00e8s de la Pr\u00e9sidente, Elsa Martin &#8211; cheffe du service Cr\u00e9ation &#038; Diffusion, Olivier Bruand &#8211; Charg\u00e9 de mission cin\u00e9ma et toute l\u2019\u00e9quipe du Conseil r\u00e9gional d\u2019\u00cele-de- France \u25c6 Anne Hidalgo &#8211; Maire de Paris ; Carine Rolland &#8211; Adjointe \u00e0 la Culture et \u00e0 la Ville du quart d\u2019heure, Mathilde Andrieux &#8211; conseill\u00e8re Cin\u00e9ma aupr\u00e8s de Carine Rolland, Sophie Cazes, Elodie Perricot et l\u2019\u00e9quipe de la Mission Cin\u00e9ma de la Ville de Paris\u00a0\u25c6\u00a0Direction r\u00e9gionale des Affaires culturelles d\u2019\u00cele-de-France : Laurent Roturier (Directeur), Emeric de Lastens, Catherine Ernatus (administration), Sothean Nhieim (communication)\u25c6 DILCRAH\u00a0: Sophie Eliz\u00e9on (D\u00e9l\u00e9gu\u00e9e interminist\u00e9rielle), Elise Fajgeles \u2013 Secr\u00e9taire g\u00e9n\u00e9rale, Yohann Rosz\u00e9witch, Conseiller \u00ab\u00a0Lutte contre la haine et les discriminations anti-LGBT\u00a0\u00bb\u00a0, Jer\u00f4me Mateos Charg\u00e9 de mission \u25c6 Ambassades pour l&rsquo;Egalit\u00e9 : Arnaud Gauthier, pr\u00e9sident, Jeremy Audinet, secr\u00e9taire g\u00e9n\u00e9ral \u25c6 Groupe BNP Paribas : Anne Pointet \u2013 Directrice de l\u2019Engagement d\u2019entreprise et membre du Comit\u00e9 Ex\u00e9cutif, Caroline Courtin \u2013 Responsable Diversit\u00e9, \u00c9galit\u00e9 et Inclusion, Estelle Couty \u2013 Responsable des partenariats cin\u00e9ma ; BNP Paribas Pride France : Catherine Michaud, S\u00e9bastien Legouez et J\u00e9r\u00e9my Daumard \u25c6 Nathana\u00ebl Karmitz, Bertrand Roger, Caroline Leseur, St\u00e9phanie Laroque, Pauline Walter et les \u00e9quipes de MK2 \u25c6 Florent Ingicco, Philippe Emard, Manon Pechberty, S\u00e9verine Dos Santos, Guillaume Ingicco, Thibaut Thockler, Vincent D\u00e9sormeaux, Levent Doganay et les agents d\u2019accueil et projectionnistes des cin\u00e9mas MK2 Beaubourg, Biblioth\u00e8que\u00a0et Quai de Seine \u25c6 Alexandre Mallet-Guy, Anthony Bobeau et Memento Films \u25c6 Giulia Gie, St\u00e9phane Rethore, Leslie Ding, Maellysse Ferreira et Universal Pictures International France \u25c6 Jane Roger et JHR Films \u25c6 \u00c9ric Lagesse, Roxane Arnold et Pyramide Distribution \u25c6 B\u00e9n\u00e9dicte Thomas et Arizona Distribution \u25c6 Vincent Paul-Boncour, In\u00e8s Delvaux et Carlotta Films \u25c6 Alexis Mas, Lucie Commiot et Condor Films \u25c6 Aur\u00e9lien Dupard et Contre-jour Films \u25c6 Sophie Dulac, Mika\u00ebl Muller-Knisy, Sara Bleger et Dulac Distribution \u25c6 \u00c9lisabeth Perli\u00e9 et Vincent Marti et New Story \u25c6 Thibaut Foug\u00e8res, Diego Carazo, C\u00e9cile Tignon et Outplay Films \u25c6 St\u00e9phane Auclaire, Coline Crance-Philouze, Chlo\u00e9 Baysse et UFO \u25c6 Steve Trameau, Cyril Rota et Optimale \u25c6 Daniel Chabannes, Corentin S\u00e9n\u00e9chal, Andy Rajarison et Epicentre Films \u25c6 Franck Denicourt, Joachim Jules et Blue Note \u25c6\u00a0 Carine Bach, Patrice Verry et Extralucid Films \u25c6 Laurence Gachet, Claire Blin et Paname Distribution \u25c6 Mathieu Robinet, Mirana Rakotozafy, Eva Pons et Tandem Films \u25c6 Jonathan Musset et Wayna Pitch \u25c6 Timoth\u00e9 Sauvaget et Leopard Films \u25c6 St\u00e9phane Chevalier et Bubbelcom \u25c6 Bruno Fran\u00e7ois-Boucher et Bon Voyage Distribution \u25c6 Marthe Rolland et Park Circus \u25c6 Guillaume Morel, Carine Chichkowsky et Survivance \u25c6 Marc Martin pour la cr\u00e9ation de l\u2019affiche \u25c6 Herv\u00e9 Latapie, Arnaud Bruzat et les \u00e9quipes du Tango \u25c6 Laurent Callonnec et L\u2019Ecran Saint-Denis \u25c6 Laeticia Zerbib, Gr\u00e9gory Pinon et Le Cirque \u25c6\u00a0 Dimitri Collet, G\u00e9rald P\u00e9rez et le Raidd \u25c6 Andrei Olariu et BFF \u25c6 Yoann Datt et Popingays \u25c6 Pipi de Fr\u00e8che et les Souffleuses \u25c6 Samuel Ematne, Axel Riou et IEM \u25c6 Corinne Berthelot et L\u2019Aiguillage \u25c6 Lucie Jacomin, Chahinas Tehitahe et Les Aimant\u00b7e\u00b7s \u25c6 Agar Mettichi et le Gina \u25c6 R\u00e9mi Calmon et le SNEG \u25c6 Sylvain Guillet et l\u2019ENIPSE \u25c6 Astrid Perdrix et Le Passage Caf\u00e9 \u25c6 Marin Gourreau et Cult Place \u25c6 Loki Starfish, collectif Bragi et Gang Bambi \u25c6 Remy Baiget, Johan Gayraud et \u00c0 La Folie \u25c6 Mya, Rio et Le Bunker \u25c6 Thierry Calmont, Patrick Courty et Tribu Move \u25c6 Florian Ques, Tessa Lanney et T\u00eatu \u25c6 Pascal Houzelot, Cyrille Marie et Pink TV \u25c6 Cannelle Danzelle et Vibes \u25c6 Gaspard Granaud et Pop and Films \u25c6 Alain Bartolo et Queer Luv Is \u25c6 Mariana Agier et l\u2019\u00e9quipe de Sorocin\u00e9 \u25c6 Amandine Ranson et Lelo \u25c6 Tim\u00e9 Zopp\u00e9 et Trois Couleurs \u25c6 Doris Marchand et Oxfam \u25c6 Willem Vado et Factset \u25c6 C\u00e9line et les soir\u00e9es Elle \u00e9moi \u25c6 Mohamed Sifaoui, Anna\u00ebve Sa\u00efag et T\u00ebnk \u25c6 Christophe Chauville, Florette Grimault et Bref cin\u00e9ma \u25c6 Julien Vin-Ramarony, Ga\u00eblle Rousseau et Queer Screen \u25c6 Anne Delabre, Anne Cr\u00e9mieux, Delphine Georgel et Le 7e Genre \u25c6 Sam Boursier, Julien Munschy et le Collectif Archives LGBTQI+ \u25c6 Le Centre LGBT Paris \u25c6 L\u2019Inter-LGBT \u25c6 Jacques Paulus et le festival Pink Screens de Bruxelles \u25c6 Fran\u00e7ois Folliot et le festival Vues d\u2019en face de Grenoble \u25c6 Ivan Mitifiot et le festival \u00c9crans Mixtes de Lyon \u25c6 Blandine Chantebel, Cyrille Cadeau et le festival Cin\u00e9pride de Nantes \u25c6 Un merci sp\u00e9cial \u00e0 Martine Tilhac pour la relecture des textes \u25c6 Merci \u00e0 tou\u00b7te\u00b7s les r\u00e9alisatrices\u00b7teurs, productrices\u00b7teurs, distributrices\u00b7teurs qui nous ont confi\u00e9 les films de cette 31e \u00e9dition \u25c6<\/p>\n<p>\n<\/div><\/div><\/div><\/div><\/div><\/section><section class=\"kc-elm kc-css-625368 kc_row\"><div class=\"kc-row-container  kc-container\"><div class=\"kc-wrap-columns\"><div class=\"kc-elm kc-css-532483 kc_col-sm-12 kc_column kc_col-sm-12\"><div class=\"kc-col-container\"><div class=\"kc-elm kc-css-737378\" style=\"height: 61px; clear: both; width:100%;\"><\/div><\/div><\/div><\/div><\/div><\/section><section class=\"kc-elm kc-css-442320 kc_row\"><div class=\"kc-row-container  kc-container\"><div class=\"kc-wrap-columns\"><div class=\"kc-elm kc-css-599675 kc_col-sm-6 kc_column kc_col-sm-6\"><div class=\"kc-col-container\"><div class=\"kc-elm kc-css-220165 kc_text_block\"><\/p>\n<h2>31e CHERIES-CHERIS<\/h2>\n<ul>\n<li>\n<p>D\u00e9l\u00e9gu\u00e9 g\u00e9n\u00e9ral \/ direction artistique : Gr\u00e9gory Tilhac<\/p>\n<\/li>\n<li>\n<p>Attach\u00e9e de presse \/ partenariats : Molka Mh\u00e9ni <a href=\"mailto:molkamheni.rp@gmail.com\" target=\"_blank\" rel=\"noopener\">molkamheni.rp@gmail.com<\/a><br \/>+33 6 50 10 44 71<\/p>\n<\/li>\n<li>\n<p>Partenariats \/ publicit\u00e9s : Herv\u00e9 Joseph Lebrun<\/p>\n<\/li>\n<li>\n<p>Animation s\u00e9ances patrimoine : Anne Delabre (Le 7e genre)<\/p>\n<\/li>\n<li>\n<p>Sous-titrages : Laure Valentin, \u00c9ric Valentin<\/p>\n<\/li>\n<li>\n<p>Encodage DCP : Dan Cohen (Les Productions de l\u2019Insensible)<\/p>\n<\/li>\n<li>\n<p>Conception de l\u2019affiche\u00a0: Marc Martin<\/p>\n<\/li>\n<li>\n<p>Graphisme : Christophe Cador<\/p>\n<\/li>\n<li>\n<p>Conception graphique de la brochure : Christophe Le Drean<\/p>\n<\/li>\n<li>\n<p>Bande-annonce et vid\u00e9os promotionnelles : Charlotte Boisson &#038; Philippe Girardet (Lucky Time)<\/p>\n<\/li>\n<li>\n<p>Site internet : Jean-Beno\u00eet Richard (Connection)<\/p>\n<\/li>\n<li>\n<p>R\u00e9gie technique : Patricia Godal\u00a0<\/p>\n<\/li>\n<li>\n<p>Accueil \/\u00e9v\u00e8nementiel : Patrice Peyron, Aylau Tik et Isabelle Bain<\/p>\n<\/li>\n<\/ul>\n<p>\n<\/div><\/div><\/div><div class=\"kc-elm kc-css-230689 kc_col-sm-6 kc_column kc_col-sm-6\"><div class=\"kc-col-container\"><div class=\"kc-elm kc-css-480544 kc_text_block\"><\/p>\n<h2>RAINBOW SUBMARINE<\/h2>\n<ul>\n<li>\n<p>Pr\u00e9sidente\u00a0: Olivia\u00a0Chaumont\u00a0<\/p>\n<\/li>\n<li>\n<p>Tr\u00e9sorier\u00a0: Herv\u00e9 Joseph Lebrun<\/p>\n<\/li>\n<li>\n<p>Secr\u00e9taire\u00a0:\u00a0Fabien\u00a0Mcrae<\/p>\n<\/li>\n<li>\n<p>C.A:\u00a0Isabelle Bain, Laurent Bocahut,\u00a0Olivia\u00a0Chaumont, Patricia Godal, Herv\u00e9 Joseph Lebrun, Cyril Rota et Fabien\u00a0Mcrae<\/p>\n<\/li>\n<\/ul>\n<p>\n<\/div><\/div><\/div><\/div><\/div><\/section><\/p>\n","protected":false},"excerpt":{"rendered":"","protected":false},"author":9,"featured_media":0,"parent":6551,"menu_order":0,"comment_status":"closed","ping_status":"closed","template":"","meta":{"footnotes":""},"cc_edition":[],"class_list":["post-6935","page","type-page","status-publish","hentry"],"_links":{"self":[{"href":"https:\/\/cheries-cheris.com\/festival\/wp-json\/wp\/v2\/pages\/6935","targetHints":{"allow":["GET"]}}],"collection":[{"href":"https:\/\/cheries-cheris.com\/festival\/wp-json\/wp\/v2\/pages"}],"about":[{"href":"https:\/\/cheries-cheris.com\/festival\/wp-json\/wp\/v2\/types\/page"}],"author":[{"embeddable":true,"href":"https:\/\/cheries-cheris.com\/festival\/wp-json\/wp\/v2\/users\/9"}],"replies":[{"embeddable":true,"href":"https:\/\/cheries-cheris.com\/festival\/wp-json\/wp\/v2\/comments?post=6935"}],"version-history":[{"count":5,"href":"https:\/\/cheries-cheris.com\/festival\/wp-json\/wp\/v2\/pages\/6935\/revisions"}],"predecessor-version":[{"id":7485,"href":"https:\/\/cheries-cheris.com\/festival\/wp-json\/wp\/v2\/pages\/6935\/revisions\/7485"}],"up":[{"embeddable":true,"href":"https:\/\/cheries-cheris.com\/festival\/wp-json\/wp\/v2\/pages\/6551"}],"wp:attachment":[{"href":"https:\/\/cheries-cheris.com\/festival\/wp-json\/wp\/v2\/media?parent=6935"}],"wp:term":[{"taxonomy":"cc_edition","embeddable":true,"href":"https:\/\/cheries-cheris.com\/festival\/wp-json\/wp\/v2\/cc_edition?post=6935"}],"curies":[{"name":"wp","href":"https:\/\/api.w.org\/{rel}","templated":true}]}}