{"id":6903,"date":"2025-10-20T14:40:33","date_gmt":"2025-10-20T12:40:33","guid":{"rendered":"https:\/\/cheries-cheris.com\/festival\/?page_id=6903"},"modified":"2025-10-30T15:22:23","modified_gmt":"2025-10-30T14:22:23","slug":"le-prix-libertes-cheries-2025","status":"publish","type":"page","link":"https:\/\/cheries-cheris.com\/festival\/31eme-festival-du-film-lgbtqia-de-paris-du-15-au-25-novembre-2025\/edito-et-jurys-2025\/le-prix-libertes-cheries-2025\/","title":{"rendered":"Le prix \u00ab Libert\u00e9s Ch\u00e9ries \u00bb"},"content":{"rendered":"<p><section class=\"kc-elm kc-css-640798 kc_row\"><div class=\"kc-row-container  kc-container\"><div class=\"kc-wrap-columns\"><div class=\"kc-elm kc-css-218434 kc_col-sm-8 kc_column kc_col-sm-8\"><div class=\"kc-col-container\"><div class=\"kc-elm kc-css-346740 kc_text_block\"><\/p>\n<p>Pour tou.te.s et chacun.e, bien au-del\u00e0 des seules personnes LGBTQIA+, revendiquer, d\u00e9fendre et am\u00e9nager son espace de libert\u00e9s est essentiel. D\u2019autant plus dans des environnements o\u00f9 les discriminations sociales, l\u00e9gales et syst\u00e9miques sont bien ancr\u00e9es.\u00a0<\/p>\n<p>Mais\u00a0de\u00a0ces\u00a0contextes\u00a0hostiles\u00a0nous pr\u00e9f\u00e9rons\u00a0souvent\u00a0d\u00e9tourner\u00a0le\u00a0regard. Heureusement, sans pathos ni mis\u00e9rabilisme,\u00a0de rares\u00a0cin\u00e9astes ont le\u00a0talent d&rsquo;aborder ces zones\u00a0obscures,\u00a0en\u00a0d\u00e9ployant des tr\u00e9sors d\u2019imagination, au travers de\u00a0r\u00e9cits\u00a0et\u00a0de personnages\u00a0forts et\u00a0inspirants.\u00a0<\/p>\n<p>En\u00a0organisant\u00a0pour la quatri\u00e8me fois ce prix Libert\u00e9s Ch\u00e9ries, ce sont\u00a0ces films\u00a0\u00ab\u00a0p\u00e9pites\u00a0\u00bb que\u00a0Ch\u00e9ries-Ch\u00e9ris\u00a0souhaite\u00a0mettre en lumi\u00e8re.<\/p>\n<p>Les films en comp\u00e9titions :<\/p>\n<p>\n<\/div><\/div><\/div><div class=\"kc-elm kc-css-963022 kc_col-sm-4 kc_column kc_col-sm-4\"><div class=\"kc-col-container\"><div class=\"kc-elm kc-css-135521 kc_shortcode kc_single_image\">\n\n        <img decoding=\"async\" src=\"https:\/\/cheries-cheris.com\/festival\/wp-content\/uploads\/2022\/11\/logo-libertes_cheries-bleu.png\" class=\"\" alt=\"\" \/>    <\/div>\n<\/div><\/div><\/div><\/div><\/section><section class=\"kc-elm kc-css-789940 kc_row\"><div class=\"kc-row-container  kc-container\"><div class=\"kc-wrap-columns\"><div class=\"kc-elm kc-css-453603 kc_col-sm-12 kc_column kc_col-sm-12\"><div class=\"kc-col-container\"><div class=\"kc-elm kc-css-717223 kc_text_block\"><\/p>\n<h3>DOCUMENTAIRES<\/h3>\n<ul>\n<li><a href=\"https:\/\/cheries-cheris.com\/festival\/films\/ame-du-desert\/\">\u00c2ME DU D\u00c9SERT<\/a> de M\u00f3nica Taboada-Tapia (Br\u00e9sil, Colombie)<\/li>\n<li><a href=\"https:\/\/cheries-cheris.com\/festival\/films\/brigittes-planet-b\/\">BRIGITTE\u2019S PLANET B<\/a> de Santiago Posada (Colombie)<\/li>\n<li><a href=\"https:\/\/cheries-cheris.com\/festival\/films\/fuga\/\">FUGA<\/a> de Mary Jim\u00e9nez &#038; B\u00e9n\u00e9dicte Li\u00e9nard (Belgique, Mexique, Br\u00e9sil, France)<\/li>\n<li><a href=\"https:\/\/cheries-cheris.com\/festival\/films\/devenir-celle-que-je-voudrais-etre\/\">DEVENIR CELLE QUE JE VOUDRAIS \u00caTRE<\/a> de Kl\u00e1ra Tasovsk\u00e1 (R\u00e9publique tch\u00e8que)<\/li>\n<li><a href=\"https:\/\/cheries-cheris.com\/festival\/films\/queer-as-punk\/\">QUEER AS PUNK<\/a> de Yihwen Chen (Malaisie)<\/li>\n<\/ul>\n<h3>FICTIONS<\/h3>\n<ul>\n<li><a href=\"https:\/\/cheries-cheris.com\/festival\/films\/bel-ami\/\">BEL AMI<\/a> de Jun Geng (France, Chine)<\/li>\n<li><a href=\"https:\/\/cheries-cheris.com\/festival\/films\/cactus-pears\/\">CACTUS PEARS<\/a> de Rohan Kanawade (Inde)<\/li>\n<li><a href=\"https:\/\/cheries-cheris.com\/festival\/films\/dreamers\/\">DREAMERS<\/a> de Joy Gharoro-Akpojotor (Royaume-Uni)<\/li>\n<li><a href=\"https:\/\/cheries-cheris.com\/festival\/films\/dreams-in-nightmares\/\">DREAMS IN NIGHTMARES<\/a> de Shatara Michelle Ford (Etats-Unis)<\/li>\n<li><a href=\"https:\/\/cheries-cheris.com\/festival\/films\/la-foule\/\">LA FOULE<\/a> de Sahand Kabiri (Iran)<\/li>\n<li><a href=\"https:\/\/cheries-cheris.com\/festival\/films\/rodeo-sauvage\/\">ROD\u00c9O SAUVAGE<\/a> de Luke Gilford (Etats-Unis)<\/li>\n<li><a href=\"https:\/\/cheries-cheris.com\/festival\/films\/some-nights-i-feel-like-walking\/\">SOME NIGHTS I FEEL LIKE WALKING<\/a> de Petersen Vargas (Philippines, Singapour, Italie)<\/li>\n<\/ul>\n<p>\n<\/div><\/div><\/div><\/div><\/div><\/section><\/p>\n","protected":false},"excerpt":{"rendered":"","protected":false},"author":9,"featured_media":4060,"parent":6853,"menu_order":0,"comment_status":"closed","ping_status":"closed","template":"","meta":{"footnotes":""},"cc_edition":[],"class_list":["post-6903","page","type-page","status-publish","has-post-thumbnail","hentry"],"_links":{"self":[{"href":"https:\/\/cheries-cheris.com\/festival\/wp-json\/wp\/v2\/pages\/6903","targetHints":{"allow":["GET"]}}],"collection":[{"href":"https:\/\/cheries-cheris.com\/festival\/wp-json\/wp\/v2\/pages"}],"about":[{"href":"https:\/\/cheries-cheris.com\/festival\/wp-json\/wp\/v2\/types\/page"}],"author":[{"embeddable":true,"href":"https:\/\/cheries-cheris.com\/festival\/wp-json\/wp\/v2\/users\/9"}],"replies":[{"embeddable":true,"href":"https:\/\/cheries-cheris.com\/festival\/wp-json\/wp\/v2\/comments?post=6903"}],"version-history":[{"count":5,"href":"https:\/\/cheries-cheris.com\/festival\/wp-json\/wp\/v2\/pages\/6903\/revisions"}],"predecessor-version":[{"id":7487,"href":"https:\/\/cheries-cheris.com\/festival\/wp-json\/wp\/v2\/pages\/6903\/revisions\/7487"}],"up":[{"embeddable":true,"href":"https:\/\/cheries-cheris.com\/festival\/wp-json\/wp\/v2\/pages\/6853"}],"wp:featuredmedia":[{"embeddable":true,"href":"https:\/\/cheries-cheris.com\/festival\/wp-json\/wp\/v2\/media\/4060"}],"wp:attachment":[{"href":"https:\/\/cheries-cheris.com\/festival\/wp-json\/wp\/v2\/media?parent=6903"}],"wp:term":[{"taxonomy":"cc_edition","embeddable":true,"href":"https:\/\/cheries-cheris.com\/festival\/wp-json\/wp\/v2\/cc_edition?post=6903"}],"curies":[{"name":"wp","href":"https:\/\/api.w.org\/{rel}","templated":true}]}}