{"id":6892,"date":"2025-10-20T14:04:54","date_gmt":"2025-10-20T12:04:54","guid":{"rendered":"https:\/\/cheries-cheris.com\/festival\/?page_id=6892"},"modified":"2025-10-30T15:10:30","modified_gmt":"2025-10-30T14:10:30","slug":"edito-de-gregory-tilhac-directeur-artistique-de-cheries-cheris","status":"publish","type":"page","link":"https:\/\/cheries-cheris.com\/festival\/31eme-festival-du-film-lgbtqia-de-paris-du-15-au-25-novembre-2025\/edito-et-jurys-2025\/edito-de-gregory-tilhac-directeur-artistique-de-cheries-cheris\/","title":{"rendered":"\u00c9dito de Gr\u00e9gory Tilhac, Directeur artistique de Ch\u00e9ries-Ch\u00e9ris"},"content":{"rendered":"<section class=\"kc-elm kc-css-815379 kc_row\"><div class=\"kc-row-container  kc-container\"><div class=\"kc-wrap-columns\"><div class=\"kc-elm kc-css-241474 kc_col-sm-4 kc_column kc_col-sm-4\"><div class=\"kc-col-container\"><div class=\"kc-elm kc-css-57905 kc_shortcode kc_single_image\">\n\n        <img decoding=\"async\" src=\"https:\/\/cheries-cheris.com\/festival\/wp-content\/uploads\/2023\/10\/gregory-tilhac.jpg\" class=\"\" alt=\"Gr\u00e9gory Tilhac, Directeur artistique du festival\" \/>    <\/div>\n<div class=\"kc-elm kc-css-896176 kc_text_block\"><\/p>\n<p><strong>Gr\u00e9gory Tilhac<\/strong><br \/><em>Directeur artistique du festival<\/em><\/p>\n<p>\n<\/div><\/div><\/div><div class=\"kc-elm kc-css-919557 kc_col-sm-8 kc_column kc_col-sm-8\"><div class=\"kc-col-container\"><div class=\"kc-elm kc-css-161915 kc_text_block\"><\/p>\n<h2 style=\"text-align: center;\">31e CH\u00c9RIES-CH\u00c9RIS<\/h2>\n<p>\n<\/div><div class=\"kc-elm kc-css-742334\" style=\"height: 40px; clear: both; width:100%;\"><\/div><div class=\"kc-elm kc-css-362395 kc_text_block\"><\/p>\n<p>Depuis 1994, Ch\u00e9ries-Ch\u00e9ris n\u2019a cess\u00e9\u0301 de gagner en succ\u00e8s public au point de rassembler l\u2019an dernier plus de 19 500 spectateur.trice.s, dans les cin\u00e9mas Mk2 Beaubourg, Biblioth\u00e8que et Quai de Seine. Un public majoritairement LGBTQI+, bien entendu, mais aussi de plus en plus diversifi\u00e9 depuis quelques ann\u00e9es\u00a0: plus jeune, f\u00e9minin et m\u00eame h\u00e9t\u00e9ro (un signe de l\u2019ouverture des esprits\u00a0!). Nous nous en f\u00e9licitons. Notre festival s\u2019adresse \u00e0 tout le monde et nous avons vraiment a\u0300 c\u0153ur de ramener les jeunes g\u00e9n\u00e9rations dans les salles \u00e0 travers des r\u00e9cits queers et des formes cin\u00e9matographiques novatrices auxquelles elles peuvent \u00eatre tr\u00e8s sensibles.<\/p>\n<p>Au programme de cette 31e \u00e9dition, 77 longs m\u00e9trages et 76 courts in\u00e9dits venant des quatre coins du monde, renvoyant \u00e0 notre volont\u00e9 continue d\u2019explorer, exp\u00e9rimenter, les nouveaux territoires queers. Depuis ses d\u00e9buts, Ch\u00e9ries-Ch\u00e9ris ne cesse de grandir du fait\u00a0qu\u2019on re\u00e7oit toujours plus de propositions de qualit\u00e9 et que la production LGBTQI+ est aujourd\u2019hui totalement mondialis\u00e9e. Cette ann\u00e9e, nous battons m\u00eame notre record en termes de nationalit\u00e9s repr\u00e9sent\u00e9es, avec plus de quarante pays\u00a0:\u00a0du Br\u00e9sil \u00e0 l\u2019Australie, en passant par la Chine, l\u2019Iran, l\u2019Inde, la Colombie, le Japon, la Croatie, la Turquie, le Liban, le Maroc, la Malaisie ou encore les Philippines.\u00a0<\/p>\n<p>Cette internationalisation de la production nous ravit bien entendu, elle est le signe que les th\u00e9matiques que l\u2019on retrouve tr\u00e8s souvent dans le cin\u00e9ma LGBTQI+, li\u00e9es \u00e0 la sexualit\u00e9, au genre, \u00e0 l\u2019identit\u00e9 et \u00e0 l\u2019\u00e9mancipation, sont profond\u00e9ment universelles. Par ailleurs, nous cherchons d\u2019ann\u00e9e en ann\u00e9e\u00a0\u00e0 aller vers toujours plus d\u2019inclusion et d\u2019ouverture, en cherchant le mieux possible \u00e0 conjuguer toutes les tendances du sigle LGBTQI+, et ce afin de repr\u00e9senter au mieux toute la diversit\u00e9 qui fait la richesse de nos communaut\u00e9s. En donnant un aper\u00e7u de la multiplicit\u00e9 des pays, des \u00e9poques, des angles, des personnages et des histoires, nous t\u00e9moignons ainsi du fait que l\u2019homosexualit\u00e9 et la transidentit\u00e9 n\u2019ont pas une seule d\u00e9finition, un seul visage ou un seul langage\u2026 \u00c0 l\u2019image de notre affiche, sign\u00e9e du photographe Marc Martin, o\u00f9 les\u00a0corps et visages\u00a0refl\u00e8tent les g\u00e9ographies queers dans toute leur vari\u00e9t\u00e9 et leur beaut\u00e9 r\u00e9sistante\u00a0!<\/p>\n<p><em>Gr\u00e9gory Tilhac,\u00a0Directeur artistique du festival<\/em><\/p>\n<p>\n<\/div><\/div><\/div><\/div><\/div><\/section>\n","protected":false},"excerpt":{"rendered":"","protected":false},"author":9,"featured_media":4629,"parent":6853,"menu_order":0,"comment_status":"closed","ping_status":"closed","template":"","meta":{"footnotes":""},"cc_edition":[],"class_list":["post-6892","page","type-page","status-publish","has-post-thumbnail","hentry"],"_links":{"self":[{"href":"https:\/\/cheries-cheris.com\/festival\/wp-json\/wp\/v2\/pages\/6892","targetHints":{"allow":["GET"]}}],"collection":[{"href":"https:\/\/cheries-cheris.com\/festival\/wp-json\/wp\/v2\/pages"}],"about":[{"href":"https:\/\/cheries-cheris.com\/festival\/wp-json\/wp\/v2\/types\/page"}],"author":[{"embeddable":true,"href":"https:\/\/cheries-cheris.com\/festival\/wp-json\/wp\/v2\/users\/9"}],"replies":[{"embeddable":true,"href":"https:\/\/cheries-cheris.com\/festival\/wp-json\/wp\/v2\/comments?post=6892"}],"version-history":[{"count":5,"href":"https:\/\/cheries-cheris.com\/festival\/wp-json\/wp\/v2\/pages\/6892\/revisions"}],"predecessor-version":[{"id":7480,"href":"https:\/\/cheries-cheris.com\/festival\/wp-json\/wp\/v2\/pages\/6892\/revisions\/7480"}],"up":[{"embeddable":true,"href":"https:\/\/cheries-cheris.com\/festival\/wp-json\/wp\/v2\/pages\/6853"}],"wp:featuredmedia":[{"embeddable":true,"href":"https:\/\/cheries-cheris.com\/festival\/wp-json\/wp\/v2\/media\/4629"}],"wp:attachment":[{"href":"https:\/\/cheries-cheris.com\/festival\/wp-json\/wp\/v2\/media?parent=6892"}],"wp:term":[{"taxonomy":"cc_edition","embeddable":true,"href":"https:\/\/cheries-cheris.com\/festival\/wp-json\/wp\/v2\/cc_edition?post=6892"}],"curies":[{"name":"wp","href":"https:\/\/api.w.org\/{rel}","templated":true}]}}