{"id":6498,"date":"2024-11-26T18:29:10","date_gmt":"2024-11-26T17:29:10","guid":{"rendered":"https:\/\/cheries-cheris.com\/festival\/?page_id=6498"},"modified":"2024-11-27T00:20:26","modified_gmt":"2024-11-26T23:20:26","slug":"palmares-du-30e-festival-international-du-film-lgbtqia-de-paris","status":"publish","type":"page","link":"https:\/\/cheries-cheris.com\/festival\/30eme-festival-du-film-lgbtqia-de-paris-du-15-au-26-novembre-2024\/palmares-du-30e-festival-international-du-film-lgbtqia-de-paris\/","title":{"rendered":"Palmar\u00e8s du 30e festival international du film LGBTQIA &#038; +++ de Paris"},"content":{"rendered":"<section class=\"kc-elm kc-css-135980 kc_row\"><div class=\"kc-row-container  kc-container\"><div class=\"kc-wrap-columns\"><div class=\"kc-elm kc-css-478760 kc_col-sm-12 kc_column kc_col-sm-12\"><div class=\"kc-col-container\"><div class=\"kc-elm kc-css-732642\" style=\"height: 59px; clear: both; width:100%;\"><\/div><div class=\"kc-elm kc-css-217627 kc_shortcode kc_single_image\">\n\n        <img decoding=\"async\" src=\"https:\/\/cheries-cheris.com\/festival\/wp-content\/uploads\/2024\/11\/palme_2024-300x174.jpg\" class=\"\" alt=\"\" \/>    <\/div>\n<div class=\"kc-elm kc-css-863420\" style=\"height: 32px; clear: both; width:100%;\"><\/div><div class=\"kc-elm kc-css-185320 kc_text_block\"><\/p>\n<h1 style=\"text-align: center;\">Palmar\u00e8s de la 30\u00e8me \u00e9dition<br \/>du Festival du Film LGBTQIA &#038;+++ de Paris<br \/>Ch\u00e9ries-Ch\u00e9ris<\/h1>\n<p>\n<\/div><div class=\"kc-elm kc-css-635502\" style=\"height: 59px; clear: both; width:100%;\"><\/div><div class=\"kc-elm kc-css-772182 kc_text_block\"><\/p>\n<h1 style=\"text-align: center;\"><strong>COMP\u00c9TITION LONGS METRAGES<br \/><\/strong><\/h1>\n<p>\n<\/div><div class=\"kc-elm kc-css-732518\" style=\"height: 20px; clear: both; width:100%;\"><\/div><div class=\"kc-elm kc-css-727673 kc_row kc_row_inner\"><div class=\"kc-elm kc-css-93746 kc_col-sm-6 kc_column_inner kc_col-sm-6\"><div class=\"kc_wrapper kc-col-inner-container\">\n<div class=\"kc-elm kc-css-568141 kc-title-wrap \">\n\n\t<h1 class=\"kc_title\">Grand Prix<\/h1>\n<\/div>\n<div class=\"kc-elm kc-css-691543\" style=\"height: 20px; clear: both; width:100%;\"><\/div><div class=\"kc-elm kc-css-561061 kc_shortcode kc_single_image\">\n\n        <a  href=\"https:\/\/cheries-cheris.com\/festival\/films\/concerning-my-daughter\/\" title=\"CONCERNING MY DAUGHTER\" target=\"_self\">\n        <img decoding=\"async\" src=\"https:\/\/cheries-cheris.com\/festival\/wp-content\/uploads\/2024\/10\/2000-1333-max.jpg\" class=\"\" alt=\"\" \/>    <\/a>\n    <\/div>\n<div class=\"kc-elm kc-css-430839 kc_text_block\"><\/p>\n<h2 style=\"text-align: center;\"><a href=\"https:\/\/cheries-cheris.com\/festival\/films\/concerning-my-daughter\/\">CONCERNING MY DAUGHTER<\/a><\/h2>\n<p style=\"text-align: center;\">de Lee Mi-Rang (Cor\u00e9e du Sud)<\/p>\n<p>\n<\/div><\/div><\/div><div class=\"kc-elm kc-css-970972 kc_col-sm-6 kc_column_inner kc_col-sm-6\"><div class=\"kc_wrapper kc-col-inner-container\">\n<div class=\"kc-elm kc-css-584020 kc-title-wrap \">\n\n\t<h1 class=\"kc_title\">Prix du Jury<\/h1>\n<\/div>\n<div class=\"kc-elm kc-css-476382\" style=\"height: 20px; clear: both; width:100%;\"><\/div><div class=\"kc-elm kc-css-934556 kc_shortcode kc_single_image\">\n\n        <a  href=\"https:\/\/cheries-cheris.com\/festival\/films\/crossing-istanbul-crossing\/\" title=\"CROSSING ISTANBUL (CROSSING) \" target=\"_self\">\n        <img decoding=\"async\" src=\"https:\/\/cheries-cheris.com\/festival\/wp-content\/uploads\/2024\/10\/3000-2000-max.jpg\" class=\"\" alt=\"\" \/>    <\/a>\n    <\/div>\n<div class=\"kc-elm kc-css-368133 kc_text_block\"><\/p>\n<h2 style=\"text-align: center;\"><a href=\"https:\/\/cheries-cheris.com\/festival\/films\/crossing-istanbul-crossing\/\">CROSSING INSTANBUL<\/a>\u00a0<\/h2>\n<p style=\"text-align: center;\">de Levan Akin (Su\u00e8de, Turquie, G\u00e9orgie)<\/p>\n<p>\n<\/div><\/div><\/div><\/div><div class=\"kc-elm kc-css-942302\" style=\"height: 20px; clear: both; width:100%;\"><\/div>\n<div class=\"kc-elm kc-css-873078 kc-title-wrap \">\n\n\t<h1 class=\"kc_title\">Prix d'interpr\u00e9tation<\/h1>\n<\/div>\n<div class=\"kc-elm kc-css-277561\" style=\"height: 20px; clear: both; width:100%;\"><\/div><div class=\"kc-elm kc-css-646452 kc_row kc_row_inner\"><div class=\"kc-elm kc-css-431386 kc_col-sm-6 kc_column_inner kc_col-sm-6\"><div class=\"kc_wrapper kc-col-inner-container\"><div class=\"kc-elm kc-css-363376 kc_shortcode kc_single_image\">\n\n        <a  href=\"https:\/\/cheries-cheris.com\/festival\/films\/the-shameless\/\" title=\"THE SHAMELESS \" target=\"_self\">\n        <img decoding=\"async\" src=\"https:\/\/cheries-cheris.com\/festival\/wp-content\/uploads\/2024\/10\/1360-570-max.jpg\" class=\"\" alt=\"Anasuya Sengupta pour THE SHAMELESS de Konstantin Bojanov (Bulgarie, France, Suisse)\" \/>    <\/a>\n    <\/div>\n<\/div><\/div><div class=\"kc-elm kc-css-998526 kc_col-sm-6 kc_column_inner kc_col-sm-6\"><div class=\"kc_wrapper kc-col-inner-container\"><div class=\"kc-elm kc-css-414679 kc_text_block\"><\/p>\n<h2 style=\"text-align: center;\">ANASUYA SENGUPTA<\/h2>\n<p style=\"text-align: center;\">pour<\/p>\n<h3 style=\"text-align: center;\"><a href=\"https:\/\/cheries-cheris.com\/festival\/films\/the-shameless\/\">THE SHAMELESS<\/a><\/h3>\n<p style=\"text-align: center;\">de Konstantin Bojanov (Bulgarie, France, Suisse)<\/p>\n<p>\n<\/div><\/div><\/div><\/div><div class=\"kc-elm kc-css-322561\" style=\"height: 61px; clear: both; width:100%;\"><\/div><div class=\"kc-elm kc-css-796343 kc_text_block\"><\/p>\n<h1 style=\"text-align: center;\"><b>COMP\u00c9TITION DOCUMENTAIRE<\/b><\/h1>\n<p>\n<\/div><div class=\"kc-elm kc-css-800595\" style=\"height: 0px; clear: both; width:100%;\"><\/div><div class=\"kc-elm kc-css-907702 kc_row kc_row_inner\"><div class=\"kc-elm kc-css-144805 kc_col-sm-6 kc_column_inner kc_col-sm-6\"><div class=\"kc_wrapper kc-col-inner-container\">\n<div class=\"kc-elm kc-css-434921 kc-title-wrap \">\n\n\t<h1 class=\"kc_title\">Grand Prix<\/h1>\n<\/div>\n<div class=\"kc-elm kc-css-149848\" style=\"height: 20px; clear: both; width:100%;\"><\/div><div class=\"kc-elm kc-css-611035 kc_shortcode kc_single_image\">\n\n        <a  href=\"https:\/\/cheries-cheris.com\/festival\/films\/fragments-dun-parcours-amoureux-frammenti-di-un-percorso-amoroso\/\" title=\"FRAGMENTS D\u2019UN PARCOURS AMOUREUX (FRAMMENTI DI UN PERCORSO AMOROSO)\" target=\"_self\">\n        <img decoding=\"async\" src=\"https:\/\/cheries-cheris.com\/festival\/wp-content\/uploads\/2024\/10\/1200-632-max.jpg\" class=\"\" alt=\"\" \/>    <\/a>\n    <\/div>\n<div class=\"kc-elm kc-css-260817 kc_text_block\"><\/p>\n<h2 style=\"text-align: center;\"><a href=\"https:\/\/cheries-cheris.com\/festival\/films\/fragments-dun-parcours-amoureux-frammenti-di-un-percorso-amoroso\/\">FRAGMENTS D\u2019UN PARCOURS AMOUREUX<\/a><\/h2>\n<p style=\"text-align: center;\">de Chlo\u00e9 Barreau (Italie)<\/p>\n<p>\n<\/div><\/div><\/div><div class=\"kc-elm kc-css-707814 kc_col-sm-6 kc_column_inner kc_col-sm-6\"><div class=\"kc_wrapper kc-col-inner-container\">\n<div class=\"kc-elm kc-css-110624 kc-title-wrap \">\n\n\t<h1 class=\"kc_title\">Prix du Jury<\/h1>\n<\/div>\n<div class=\"kc-elm kc-css-38509\" style=\"height: 20px; clear: both; width:100%;\"><\/div><div class=\"kc-elm kc-css-876086 kc_shortcode kc_single_image\">\n\n        <a  href=\"https:\/\/cheries-cheris.com\/festival\/films\/peaches-goes-bananas\/\" title=\"PEACHES GOES BANANAS\" target=\"_self\">\n        <img decoding=\"async\" src=\"https:\/\/cheries-cheris.com\/festival\/wp-content\/uploads\/2024\/10\/1920-1038-max-1.jpg\" class=\"\" alt=\"\" \/>    <\/a>\n    <\/div>\n<div class=\"kc-elm kc-css-919941 kc_text_block\"><\/p>\n<h2 style=\"text-align: center;\"><a href=\"https:\/\/cheries-cheris.com\/festival\/films\/peaches-goes-bananas\/\">PEACHES GOES BANANAS<\/a><\/h2>\n<p style=\"text-align: center;\">de Marie Losier (France, Belgique)<\/p>\n<p>\n<\/div><\/div><\/div><\/div><div class=\"kc-elm kc-css-498728\" style=\"height: 61px; clear: both; width:100%;\"><\/div><div class=\"kc-elm kc-css-598161 kc_text_block\"><\/p>\n<h1 style=\"text-align: center;\"><b>COMP\u00c9TITION COURTS METRAGES<\/b><\/h1>\n<p style=\"text-align: center;\"><strong>Grand Prix<\/strong> : <a href=\"https:\/\/cheries-cheris.com\/festival\/films\/competition-courts-metrages-transgenres-2-24\/\">HONEYMOON<\/a> de Alkis Papastathopoulos (Gr\u00e8ce, France, Chypre)<\/p>\n<p style=\"text-align: center;\"><strong>Prix du Jury ex \u00e6quo<\/strong>\u00a0:<\/p>\n<p style=\"text-align: center;\"><a href=\"https:\/\/cheries-cheris.com\/festival\/films\/competition-courts-metrages-lesbiens-3-2024\/\">SAIGON KISS<\/a> de H\u1ed3ng Anh Nguy\u1ec5n (Vietnam, Australie)<\/p>\n<p style=\"text-align: center;\">&#038;<\/p>\n<p style=\"text-align: center;\"><a href=\"https:\/\/cheries-cheris.com\/festival\/films\/competition-courts-metrages-lesbiens-1-2024\/\">SHORT NOTICE<\/a> de Athina Gendry (France)<\/p>\n<p style=\"text-align: center;\"><strong>Mention sp\u00e9ciale<\/strong>\u00a0:<\/p>\n<p style=\"text-align: center;\">Sohan Pague pour <a href=\"https:\/\/cheries-cheris.com\/festival\/films\/competition-courts-metrages-transgenres-2-24\/\">CHERCHEZ LE GAR\u00c7ON<\/a> de Paulin.e Goasmat (France)<\/p>\n<p style=\"text-align: center;\">&#038;<\/p>\n<p style=\"text-align: center;\"><a href=\"https:\/\/cheries-cheris.com\/festival\/films\/competition-courts-metrages-queer-1-2024\/\">L\u2019ANGLE DE NOS POIGNETS<\/a> de R\u00e9mi Dayre (France)<\/p>\n<p>\n<\/div><div class=\"kc-elm kc-css-62538\" style=\"height: 61px; clear: both; width:100%;\"><\/div><div class=\"kc-elm kc-css-658005 kc_text_block\"><\/p>\n<h1 style=\"text-align: center;\"><strong>PRIX LIBERT\u00c9S CH\u00c9RIES<br \/><\/strong><\/h1>\n<p style=\"text-align: center;\"><strong>Laur\u00e9at<\/strong> : <a href=\"https:\/\/cheries-cheris.com\/festival\/films\/black-as-u-r\/\">BLACK AS U R<\/a> de Micheal Rice (Etats-Unis)<\/p>\n<p>\n<\/div><div class=\"kc-elm kc-css-910709\" style=\"height: 61px; clear: both; width:100%;\"><\/div><div class=\"kc-elm kc-css-325575 kc_text_block\"><\/p>\n<h1 style=\"text-align: center;\"><strong>PRIX DE LA F\u00c9D\u00c9RATION FRAN\u00c7AISE DES FESTIVALS DE FILMS LGBTQIA+<\/strong><\/h1>\n<p style=\"text-align: center;\"><strong>\u00a0Laur\u00e9at : <\/strong><a href=\"https:\/\/cheries-cheris.com\/festival\/films\/lesvia\/\">LESVIA<\/a> de Tzeli Hadjidimitriou (Gr\u00e8ce)<\/p>\n<p>\n<\/div><\/div><\/div><\/div><\/div><\/section>\n","protected":false},"excerpt":{"rendered":"","protected":false},"author":9,"featured_media":6480,"parent":5549,"menu_order":0,"comment_status":"closed","ping_status":"closed","template":"template-cc-home.php","meta":{"footnotes":""},"cc_edition":[],"class_list":["post-6498","page","type-page","status-publish","has-post-thumbnail","hentry"],"_links":{"self":[{"href":"https:\/\/cheries-cheris.com\/festival\/wp-json\/wp\/v2\/pages\/6498","targetHints":{"allow":["GET"]}}],"collection":[{"href":"https:\/\/cheries-cheris.com\/festival\/wp-json\/wp\/v2\/pages"}],"about":[{"href":"https:\/\/cheries-cheris.com\/festival\/wp-json\/wp\/v2\/types\/page"}],"author":[{"embeddable":true,"href":"https:\/\/cheries-cheris.com\/festival\/wp-json\/wp\/v2\/users\/9"}],"replies":[{"embeddable":true,"href":"https:\/\/cheries-cheris.com\/festival\/wp-json\/wp\/v2\/comments?post=6498"}],"version-history":[{"count":5,"href":"https:\/\/cheries-cheris.com\/festival\/wp-json\/wp\/v2\/pages\/6498\/revisions"}],"predecessor-version":[{"id":6522,"href":"https:\/\/cheries-cheris.com\/festival\/wp-json\/wp\/v2\/pages\/6498\/revisions\/6522"}],"up":[{"embeddable":true,"href":"https:\/\/cheries-cheris.com\/festival\/wp-json\/wp\/v2\/pages\/5549"}],"wp:featuredmedia":[{"embeddable":true,"href":"https:\/\/cheries-cheris.com\/festival\/wp-json\/wp\/v2\/media\/6480"}],"wp:attachment":[{"href":"https:\/\/cheries-cheris.com\/festival\/wp-json\/wp\/v2\/media?parent=6498"}],"wp:term":[{"taxonomy":"cc_edition","embeddable":true,"href":"https:\/\/cheries-cheris.com\/festival\/wp-json\/wp\/v2\/cc_edition?post=6498"}],"curies":[{"name":"wp","href":"https:\/\/api.w.org\/{rel}","templated":true}]}}