{"id":6371,"date":"2024-10-28T18:22:08","date_gmt":"2024-10-28T17:22:08","guid":{"rendered":"https:\/\/cheries-cheris.com\/festival\/?page_id=6371"},"modified":"2024-10-28T18:22:08","modified_gmt":"2024-10-28T17:22:08","slug":"la-jeune-generation-et-30-ans-de-cinema-queer","status":"publish","type":"page","link":"https:\/\/cheries-cheris.com\/festival\/30eme-festival-du-film-lgbtqia-de-paris-du-15-au-26-novembre-2024\/cheries-cheris-hors-les-murs\/la-jeune-generation-et-30-ans-de-cinema-queer\/","title":{"rendered":"LA JEUNE G\u00c9N\u00c9RATION ET 30 ANS DE CIN\u00c9MA QUEER"},"content":{"rendered":"<p><section class=\"kc-elm kc-css-623243 kc_row\"><div class=\"kc-row-container  kc-container\"><div class=\"kc-wrap-columns\"><div class=\"kc-elm kc-css-656437 kc_col-sm-12 kc_column kc_col-sm-12\"><div class=\"kc-col-container\"><div class=\"kc-elm kc-css-121218 kc_shortcode kc_single_image\">\n\n        <img decoding=\"async\" src=\"https:\/\/cheries-cheris.com\/festival\/wp-content\/uploads\/2024\/10\/compo.jpg\" class=\"\" alt=\"\" \/>    <\/div>\n<\/div><\/div><\/div><\/div><\/section><section class=\"kc-elm kc-css-660401 kc_row\"><div class=\"kc-row-container  kc-container\"><div class=\"kc-wrap-columns\"><div class=\"kc-elm kc-css-338559 kc_col-sm-12 kc_column kc_col-sm-12\"><div class=\"kc-col-container\"><div class=\"kc-elm kc-css-514355\" style=\"height: 30px; clear: both; width:100%;\"><\/div><\/div><\/div><\/div><\/div><\/section><section class=\"kc-elm kc-css-324154 kc_row\"><div class=\"kc-row-container  kc-container\"><div class=\"kc-wrap-columns\"><div class=\"kc-elm kc-css-210023 kc_col-sm-12 kc_column kc_col-sm-12\"><div class=\"kc-col-container\"><div class=\"kc-elm kc-css-732010 kc_text_block\"><\/p>\n<p>En compl\u00e9ment de la projection de <a href=\"https:\/\/cheries-cheris.com\/festival\/films\/go-fish\/\"><em>Go Fish<\/em><\/a>, trois \u00e9toiles montantes du jeune cin\u00e9ma queer fran\u00e7ais nous parlent des films et des cin\u00e9astes qui les inspirent\u2009:<\/p>\n<ul>\n<li>Iris Chassaigne (<em>Les gens qui roulent la nuit<\/em>, <em>Swan dans le centre<\/em>, ),<\/li>\n<li>Mait\u00e9 Sonnet (<em>Massacre<\/em>, <em>Des jeunes filles enterrent leur vie<\/em>)<\/li>\n<li>Mathieu Morel (<em>Anapidae (appelle-moi), Aussi fort que tu peux, Cum In My Heart, Love et ex mortuus, The Deep Queer Massacre) <\/em><\/li>\n<\/ul>\n<p>Rencontre anim\u00e9e par Anne Cr\u00e9mieux (professeure de civilisation am\u00e9ricaine), Anne Delabre (Le 7e Genre) et\u00a0Anna Albelo (La Chocha), en pr\u00e9sence de Rose Troche et Guinevere Turner.<\/p>\n<p><em>Entr\u00e9e libre, 5\u20ac de soutien \u00e0 Ch\u00e9ries-Ch\u00e9ris et consommation appr\u00e9ci\u00e9e. <\/em><\/p>\n<p><em>Rencontre soutenue par l\u2019Ambassade des \u00c9tats-Unis en France.<\/em><\/p>\n<p>\n<\/div><\/div><\/div><\/div><\/div><\/section><section class=\"kc-elm kc-css-844147 kc_row\"><div class=\"kc-row-container  kc-container\"><div class=\"kc-wrap-columns\"><div class=\"kc-elm kc-css-721101 kc_col-sm-12 kc_column kc_col-sm-12\"><div class=\"kc-col-container\"><div class=\"kc-elm kc-css-574415\" style=\"height: 30px; clear: both; width:100%;\"><\/div><\/div><\/div><\/div><\/div><\/section><section class=\"kc-elm kc-css-906089 kc_row\"><div class=\"kc-row-container  kc-container\"><div class=\"kc-wrap-columns\"><div class=\"kc-elm kc-css-709370 kc_col-sm-12 kc_column kc_col-sm-12\"><div class=\"kc-col-container\">\n<div class=\"kc-elm kc-css-197938 kc-title-wrap \">\n\n\t<h5 class=\"kc_title\">MARDI 19 NOVEMBRE \/ 14H00 \u00e0 17H00 \/ Le Tango 11-13 rue au Maire 75003<\/h5>\n<\/div>\n<\/div><\/div><\/div><\/div><\/section><section class=\"kc-elm kc-css-675930 kc_row\"><div class=\"kc-row-container  kc-container\"><div class=\"kc-wrap-columns\"><div class=\"kc-elm kc-css-427218 kc_col-sm-12 kc_column kc_col-sm-12\"><div class=\"kc-col-container\"><div class=\"kc-elm kc-css-440319\" style=\"height: 20px; clear: both; width:100%;\"><\/div><\/div><\/div><\/div><\/div><\/section><\/p>\n","protected":false},"excerpt":{"rendered":"","protected":false},"author":9,"featured_media":6374,"parent":6333,"menu_order":0,"comment_status":"closed","ping_status":"closed","template":"","meta":{"footnotes":""},"cc_edition":[91],"class_list":["post-6371","page","type-page","status-publish","has-post-thumbnail","hentry","cc_edition-91"],"_links":{"self":[{"href":"https:\/\/cheries-cheris.com\/festival\/wp-json\/wp\/v2\/pages\/6371","targetHints":{"allow":["GET"]}}],"collection":[{"href":"https:\/\/cheries-cheris.com\/festival\/wp-json\/wp\/v2\/pages"}],"about":[{"href":"https:\/\/cheries-cheris.com\/festival\/wp-json\/wp\/v2\/types\/page"}],"author":[{"embeddable":true,"href":"https:\/\/cheries-cheris.com\/festival\/wp-json\/wp\/v2\/users\/9"}],"replies":[{"embeddable":true,"href":"https:\/\/cheries-cheris.com\/festival\/wp-json\/wp\/v2\/comments?post=6371"}],"version-history":[{"count":4,"href":"https:\/\/cheries-cheris.com\/festival\/wp-json\/wp\/v2\/pages\/6371\/revisions"}],"predecessor-version":[{"id":6376,"href":"https:\/\/cheries-cheris.com\/festival\/wp-json\/wp\/v2\/pages\/6371\/revisions\/6376"}],"up":[{"embeddable":true,"href":"https:\/\/cheries-cheris.com\/festival\/wp-json\/wp\/v2\/pages\/6333"}],"wp:featuredmedia":[{"embeddable":true,"href":"https:\/\/cheries-cheris.com\/festival\/wp-json\/wp\/v2\/media\/6374"}],"wp:attachment":[{"href":"https:\/\/cheries-cheris.com\/festival\/wp-json\/wp\/v2\/media?parent=6371"}],"wp:term":[{"taxonomy":"cc_edition","embeddable":true,"href":"https:\/\/cheries-cheris.com\/festival\/wp-json\/wp\/v2\/cc_edition?post=6371"}],"curies":[{"name":"wp","href":"https:\/\/api.w.org\/{rel}","templated":true}]}}