{"id":6348,"date":"2024-10-28T16:10:59","date_gmt":"2024-10-28T15:10:59","guid":{"rendered":"https:\/\/cheries-cheris.com\/festival\/?page_id=6348"},"modified":"2024-10-29T16:20:05","modified_gmt":"2024-10-29T15:20:05","slug":"les-soirees-habibi-fetent-cheries-cheris","status":"publish","type":"page","link":"https:\/\/cheries-cheris.com\/festival\/30eme-festival-du-film-lgbtqia-de-paris-du-15-au-26-novembre-2024\/cheries-cheris-hors-les-murs\/les-soirees-habibi-fetent-cheries-cheris\/","title":{"rendered":"LES SOIR\u00c9ES HABIBI F\u00caTENT CH\u00c9RIES-CH\u00c9RIS"},"content":{"rendered":"<p><section class=\"kc-elm kc-css-141991 kc_row\"><div class=\"kc-row-container  kc-container\"><div class=\"kc-wrap-columns\"><div class=\"kc-elm kc-css-573288 kc_col-sm-12 kc_column kc_col-sm-12\"><div class=\"kc-col-container\"><div class=\"kc-elm kc-css-71214 kc_shortcode kc_single_image\">\n\n        <img decoding=\"async\" src=\"https:\/\/cheries-cheris.com\/festival\/wp-content\/uploads\/2024\/10\/soirees-habibi-cc.png\" class=\"\" alt=\"Les soir\u00e9es Habibi\" \/>    <\/div>\n<\/div><\/div><\/div><\/div><\/section><section class=\"kc-elm kc-css-391757 kc_row\"><div class=\"kc-row-container  kc-container\"><div class=\"kc-wrap-columns\"><div class=\"kc-elm kc-css-953514 kc_col-sm-12 kc_column kc_col-sm-12\"><div class=\"kc-col-container\"><div class=\"kc-elm kc-css-664355\" style=\"height: 30px; clear: both; width:100%;\"><\/div><\/div><\/div><\/div><\/div><\/section><section class=\"kc-elm kc-css-6336 kc_row\"><div class=\"kc-row-container  kc-container\"><div class=\"kc-wrap-columns\"><div class=\"kc-elm kc-css-257423 kc_col-sm-12 kc_column kc_col-sm-12\"><div class=\"kc-col-container\"><div class=\"kc-elm kc-css-938072 kc_text_block\"><\/p>\n<p>Pour c\u00e9l\u00e9brer trente ann\u00e9es de cin\u00e9ma queer et votre festival ch\u00e9ri, les artistes des Soir\u00e9es Habibi vous donnent rendez-vous \u00e0 La Fl\u00e8che d\u2019Or pour un cabaret p\u00e9tillant, tout en cin\u00e9ma queer\u2009! De Carol \u00e0 Hedwig en passant par Divine, l\u2019occasion de revisiter ensemble des figures iconiques et des sc\u00e8nes cultes du cin\u00e9ma LGBTQIA+. Avec Kiara Bolt, Ruby On The Nail, Tuna Mess et Loulou De Cacharel, le tout host\u00e9 par Javel Habibi\u2009!<\/p>\n<ul>\n<li><strong>19h30 : <\/strong>Ouverture des portes<\/li>\n<li><strong>20h30 : <\/strong>Ap\u00e9ro-Projo, film surprise suivi d\u2019un \u00e9change avec le public<\/li>\n<li><strong>21h30 : <\/strong>Drag Show host\u00e9 par Javel Habibi<\/li>\n<\/ul>\n<p>Et pour enflammer le dancefloor, en derni\u00e8re partie de soir\u00e9e, la playlist de Radio Temp\u00eate !<\/p>\n<p>Entr\u00e9e 15 \u20ac, soutien appr\u00e9ci\u00e9 de +5 \u20ac \u00e0 Ch\u00e9ries-Ch\u00e9ris. Billetterie en ligne : <a href=\"https:\/\/flechedor.org\" target=\"_blank\" rel=\"noopener\">https:\/\/flechedor.org<\/a> et <a href=\"https:\/\/shotgun.live\/fr\/venues\/la-fleche-d-or\" target=\"_blank\" rel=\"noopener\">https:\/\/shotgun.live\/<\/a><\/p>\n<p>NB : <a href=\"https:\/\/cheries-cheris.com\/festival\/films\/habibi-chanson-pour-mes-ami-e-s\/\"><em>Habibi, chanson pour mes ami\u00b7e\u00b7s<\/em><\/a>, documentaire de Florent Gou\u00eblou (Javel Habibi) est programm\u00e9 au Mk2 Beaubourg les 16 et 25 novembre<\/p>\n<p>\n<\/div><\/div><\/div><\/div><\/div><\/section><section class=\"kc-elm kc-css-50179 kc_row\"><div class=\"kc-row-container  kc-container\"><div class=\"kc-wrap-columns\"><div class=\"kc-elm kc-css-322847 kc_col-sm-12 kc_column kc_col-sm-12\"><div class=\"kc-col-container\"><div class=\"kc-elm kc-css-931737\" style=\"height: 30px; clear: both; width:100%;\"><\/div><\/div><\/div><\/div><\/div><\/section><section class=\"kc-elm kc-css-514434 kc_row\"><div class=\"kc-row-container  kc-container\"><div class=\"kc-wrap-columns\"><div class=\"kc-elm kc-css-951190 kc_col-sm-12 kc_column kc_col-sm-12\"><div class=\"kc-col-container\">\n<div class=\"kc-elm kc-css-320332 kc-title-wrap \">\n\n\t<h5 class=\"kc_title\">VENDREDI 15 NOVEMBRE de 19H30 \u00e0 01H\r\nLa Fl\u00e8che d\u2019or, 102 bis rue de Bagnolet 75020. \r\n\r\n<\/h5>\n<\/div>\n<\/div><\/div><\/div><\/div><\/section><section class=\"kc-elm kc-css-545967 kc_row\"><div class=\"kc-row-container  kc-container\"><div class=\"kc-wrap-columns\"><div class=\"kc-elm kc-css-957231 kc_col-sm-12 kc_column kc_col-sm-12\"><div class=\"kc-col-container\"><div class=\"kc-elm kc-css-113710\" style=\"height: 20px; clear: both; width:100%;\"><\/div><\/div><\/div><\/div><\/div><\/section><\/p>\n","protected":false},"excerpt":{"rendered":"","protected":false},"author":9,"featured_media":6399,"parent":6333,"menu_order":0,"comment_status":"closed","ping_status":"closed","template":"","meta":{"footnotes":""},"cc_edition":[91],"class_list":["post-6348","page","type-page","status-publish","has-post-thumbnail","hentry","cc_edition-91"],"_links":{"self":[{"href":"https:\/\/cheries-cheris.com\/festival\/wp-json\/wp\/v2\/pages\/6348","targetHints":{"allow":["GET"]}}],"collection":[{"href":"https:\/\/cheries-cheris.com\/festival\/wp-json\/wp\/v2\/pages"}],"about":[{"href":"https:\/\/cheries-cheris.com\/festival\/wp-json\/wp\/v2\/types\/page"}],"author":[{"embeddable":true,"href":"https:\/\/cheries-cheris.com\/festival\/wp-json\/wp\/v2\/users\/9"}],"replies":[{"embeddable":true,"href":"https:\/\/cheries-cheris.com\/festival\/wp-json\/wp\/v2\/comments?post=6348"}],"version-history":[{"count":5,"href":"https:\/\/cheries-cheris.com\/festival\/wp-json\/wp\/v2\/pages\/6348\/revisions"}],"predecessor-version":[{"id":6401,"href":"https:\/\/cheries-cheris.com\/festival\/wp-json\/wp\/v2\/pages\/6348\/revisions\/6401"}],"up":[{"embeddable":true,"href":"https:\/\/cheries-cheris.com\/festival\/wp-json\/wp\/v2\/pages\/6333"}],"wp:featuredmedia":[{"embeddable":true,"href":"https:\/\/cheries-cheris.com\/festival\/wp-json\/wp\/v2\/media\/6399"}],"wp:attachment":[{"href":"https:\/\/cheries-cheris.com\/festival\/wp-json\/wp\/v2\/media?parent=6348"}],"wp:term":[{"taxonomy":"cc_edition","embeddable":true,"href":"https:\/\/cheries-cheris.com\/festival\/wp-json\/wp\/v2\/cc_edition?post=6348"}],"curies":[{"name":"wp","href":"https:\/\/api.w.org\/{rel}","templated":true}]}}