{"id":6282,"date":"2024-10-25T11:28:19","date_gmt":"2024-10-25T09:28:19","guid":{"rendered":"https:\/\/cheries-cheris.com\/festival\/?page_id=6282"},"modified":"2024-10-25T11:28:19","modified_gmt":"2024-10-25T09:28:19","slug":"remerciements","status":"publish","type":"page","link":"https:\/\/cheries-cheris.com\/festival\/30eme-festival-du-film-lgbtqia-de-paris-du-15-au-26-novembre-2024\/remerciements\/","title":{"rendered":"Remerciements"},"content":{"rendered":"<p><section class=\"kc-elm kc-css-5365 kc_row\"><div class=\"kc-row-container  kc-container\"><div class=\"kc-wrap-columns\"><div class=\"kc-elm kc-css-688087 kc_col-sm-6 kc_column kc_col-sm-6\"><div class=\"kc-col-container\"><div class=\"kc-elm kc-css-668124 kc_shortcode kc_single_image\">\n\n        <img decoding=\"async\" src=\"https:\/\/cheries-cheris.com\/festival\/wp-content\/uploads\/2024\/10\/logos-merci-cc30.jpg\" class=\"\" alt=\"\" \/>    <\/div>\n<\/div><\/div><div class=\"kc-elm kc-css-241017 kc_col-sm-6 kc_column kc_col-sm-6\"><div class=\"kc-col-container\"><div class=\"kc-elm kc-css-725607 kc_text_block\"><\/p>\n<p>\u25c6\u00a0Vale\u0301rie\u00a0Pe\u0301cresse &#8211; Pre\u0301sidente du Conseil re\u0301gional d\u2019I\u0302le-de-France ; Florence Portelli &#8211; Vice-Pre\u0301sidente en charge de la culture, du patrimoine et de la cre\u0301ation, Alix Bougeret &#8211; Pre\u0301sidente de la commission Culture de la Re\u0301gion, Franc\u0327ois\u00a0Demas &#8211; Conseiller technique culture aupre\u0300s de la Pre\u0301sidente, Elsa Martin &#8211; cheffe du service Cr\u00e9ation &#038; Diffusion, Olivier Bruand &#8211; Charge\u0301 de mission cine\u0301ma et toute l\u2019e\u0301quipe du Conseil re\u0301gional d\u2019I\u0302le-de- France<\/p>\n<p>\u25c6\u00a0Anne Hidalgo &#8211; Maire de Paris ; Carine Rolland &#8211; Adjointe a\u0300 la Culture et a\u0300 la Ville du quart d\u2019heure, Mathilde Andrieux &#8211; conseille\u0300re\u00a0Cine\u0301ma\u00a0aupre\u0300s de Carine Rolland, Michel Gomez et l\u2019e\u0301quipe de la Mission Cine\u0301ma de la Ville de Paris \u2022 Direction re\u0301gionale des Affaires culturelles d\u2019I\u0302le-de-France : Laurent Roturier (Directeur), Emeric de Lastens, Catherine Ernatus (administration), Sothean\u00a0Nhieim (communication)\u2022 DILCRAH\u00a0: Sophie Eliz\u00e9on (D\u00e9l\u00e9gu\u00e9e interminist\u00e9rielle), Elise\u00a0Fajgeles \u2013 Secr\u00e9taire g\u00e9n\u00e9rale, Yohann Rosz\u00e9witch, Conseiller \u00ab\u00a0Lutte contre la haine et les discriminations anti-LGBT, Jer\u00f4me Mateos Charg\u00e9 de mission<\/p>\n<p>\u25c6 Ambassades pour l&#039;Egalit\u00e9: Arnaud Gauthier, pr\u00e9sident, Jeremy Audinet, secr\u00e9taire g\u00e9n\u00e9ral<\/p>\n<p>\u25c6\u00a0Groupe BNP Paribas : Anne Pointet \u2013 Directrice de l\u2019Engagement d\u2019entreprise et membre du Comit\u00e9 Ex\u00e9cutif, Caroline Courtin \u2013 Responsable Diversit\u00e9, \u00c9galit\u00e9 et Inclusion, Estelle Couty \u2013 Responsable des partenariats cin\u00e9ma; BNP Paribas Pride France : Catherine Michaud et S\u00e9bastien Legouez, co-animateurs, Pascal Montgaillard et J\u00e9r\u00e9my Daumard, membres du bureau.<\/p>\n<p>\u25c6 Nathana\u00ebl Karmitz, Bertrand Roger, Caroline Leseur, St\u00e9phanie Laroque, Pauline Walter et les \u00e9quipes de MK2 \u25c6 Florent Ingicco, Philippe Emard, Manon Pechberty, S\u00e9verine Dos Santos, Guillaume Ingicco, Thibaut Thockler, Vincent D\u00e9sormeaux, Levent\u00a0Doganay et les agents d\u2019accueil et projectionnistes des cin\u00e9mas MK2 Beaubourg, Quai de Seine et Biblioth\u00e8que<\/p>\n<p>\u25c6 \u00c9ric Lagesse, Roxane Arnold et Pyramide Distribution\u25c6\u00a0\u00a0\u00c9ric Le Bot, Arnaud Tignon et Art House\u25c6 Laurent P\u00e9tin, Mich\u00e8le Halberstadt, Quentin Leiser et ARP S\u00e9lection \u25c6 David Grumbach, Thibault Drugy, Tiana Rabenja et Bac films \u25c6 \u00c9lisabeth Perli\u00e9 et Vincent Marti et New Story \u25c6 Thibaut Foug\u00e8res, Diego Carazo, C\u00e9cile Tignon et Outplay Films \u25c6 St\u00e9phane Auclaire, Coline Crance-Philouze, Chlo\u00e9 Baysse et UFO \u25c6 Steve Trameau, Cyril Rota et Optimale \u25c6 Daniel Chabannes, Corentin S\u00e9n\u00e9chal, Andy Rajarison et Epicentre Films \u25c6 Hugues Peysson, Paul Monteleone Sophie Demczuk et l\u2019Atelier Distribution \u25c6 Jane Roger et JHR Films \u25c6 Alexandra Henochsberg et Ad Vitam \u25c6 Herv\u00e9 Millet, David Chhouy et Destiny Films \u25c6 Patrick Sibourd, L\u00e9lia Saligari et Nour Films \u25c6 Pierre Commarmond et Norte Distribution\u00a0\u00a0\u25c6 Guillaume Sapin et Vues du Qu\u00e9bec Distribution \u25c6 Philippe Chevassu et Tamasa Distribution\u00a0\u00a0\u25c6 Salom\u00e9 Rizk et Totem Films \u25c6 Judith Abitbol et Barney Productions \u25c6 Coline Perraudin et TS Productions \u25c6 Marthe Rolland et Park Circus \u25c6\u00a0Elise Mercier et Capricci\u00a0\u25c6<\/p>\n<p>\u25c6 La Fl\u00e8che d\u2019Or et ses \u00e9quipes, Florent Gou\u00eblou et la troupe des Soir\u00e9es Habibi\u00a0\u25c6 Herv\u00e9 Latapie, Arnaud Bruzat et les \u00e9quipes du Tango \u25c6 Laurent Callonnec et L\u2019Ecran Saint-Denis \u25c6\u00a0Lo\u00efse\u00a0Tachon et Violette&#038;Co\u00a0\u25c6 Christophe Vix-Gras, Zouzou, C\u00e9cile et l\u2019\u00e9quipe du Rosa Bonheur Buttes Chaumont \u25c6 Laeticia Zerbib, Gr\u00e9gory Pinon et Le Cirque \u25c6 Jason Hentiger, Chris Rey et le Workshow\u00a0\u25c6<\/p>\n<p>\u25c6 Mariana Agier, L\u00e9on Cattan et Sorocin\u00e9\u00a0\u00a0\u25c6 Thierry Calmont, Patrick Courty et le magazine Tribu Move\u00a0\u00a0 Fabien Lesage et N\u00e9on \u25c6 Leslie Preel et Friction Magazine \u25c6 Anouk Ardiet et Le bonbon \u25c6 Franck Desbordes et Strobo\u00a0Mag\u00a0\u25c6 Florian Ques, Tessa Lanney et T\u00eatu \u25c6 Gaspard Granaud et le site Pop and films \u25c6 L&#039;\u00e9quipe de Gouinement Lundi \u25c6 Alain Bartolo et Gaypers.com<\/p>\n<p>Mohamed Sifaoui, Anna\u00ebve\u00a0Sa\u00efag et T\u00ebnk\u00a0\u25c6 Christophe Chauville, Florette Grimault et Bref cin\u00e9ma \u25c6 Julien Vin-Ramarony, Ga\u00eblle Rousseau et Queer Screen \u25c6 Thibaut Foug\u00e8res, Diego Carazo-Migerel et Outplay VOD \u25c6<\/p>\n<p>\u25c6Anne Delabre, Anne Cr\u00e9mieux, Delphine Georgel et Le 7e Genre \u25c6 Sam Boursier, Julien Munschy et le Collectif Archives LGBTQI+\u00a0\u00a0\u25c6\u00a0Marame Kane et le Centre LGBT Paris \u25c6\u00a0Elisa\u00a0Koubi, Mathias Neviere et l\u2019Inter-LGBT<\/p>\n<p>Jacques Paulus et le festival Pink Screens de Bruxelles \u25c6 Sylvie Cachin, Karine B\u00e9nard et le festival Everybody\u2019s\u00a0perfect de Gen\u00e8ve \u25c6 Fran\u00e7ois Folliot et le festival Vues d\u2019en face de Grenoble \u25c6 Ivan Mitifiot et le festival Ecrans Mixtes de Lyon \u25c6 Julien Chardon et le Festival du film cor\u00e9en de Paris \u25c6 Beno\u00eet Arnulf, Esther et la F\u00e9d\u00e9ration Fran\u00e7aise des Festivals de Films LGBTQIA+ \u25c6<\/p>\n<p>\u25c6 Merci \u00e0 tou(te)s les r\u00e9alisatrices-teurs, productrices-teurs, distributrices-teurs qui nous ont confi\u00e9 les films de cette 30e \u00e9dition \u25c6<\/p>\n<\/p>\n<p>\n<\/div><\/div><\/div><\/div><\/div><\/section><section class=\"kc-elm kc-css-458197 kc_row\"><div class=\"kc-row-container  kc-container\"><div class=\"kc-wrap-columns\"><div class=\"kc-elm kc-css-203717 kc_col-sm-12 kc_column kc_col-sm-12\"><div class=\"kc-col-container\"><div class=\"kc-elm kc-css-986964\" style=\"height: 61px; clear: both; width:100%;\"><\/div><\/div><\/div><\/div><\/div><\/section><section class=\"kc-elm kc-css-565738 kc_row\"><div class=\"kc-row-container  kc-container\"><div class=\"kc-wrap-columns\"><div class=\"kc-elm kc-css-174639 kc_col-sm-6 kc_column kc_col-sm-6\"><div class=\"kc-col-container\"><div class=\"kc-elm kc-css-70443 kc_text_block\"><\/p>\n<h2>30e CHERIES-CHERIS<\/h2>\n<ul>\n<li>D\u00e9l\u00e9gu\u00e9 g\u00e9n\u00e9ral \/ direction artistique : Gr\u00e9gory Tilhac<\/li>\n<li>Attach\u00e9e de presse \/ partenariats : Molka\u00a0Mh\u00e9ni<\/li>\n<li>Partenariats \/ publicit\u00e9s : Laurent Bocahut<\/li>\n<li>Animation s\u00e9ances patrimoine : Anne Delabre (Le 7e genre)<\/li>\n<li>Sous-titrages : Laure Valentin, \u00c9ric Valentin<\/li>\n<li>Encodage DCP : Michael L\u00e9ger (La Vague Productions)<\/li>\n<li>Graphiste et affichiste : Christophe Cador<\/li>\n<li>Conception graphique de la brochure : Christophe Le Drean<\/li>\n<li>Bande-annonce et vid\u00e9os promotionnelles : Charlotte Boisson &#038; Philippe Girardet (Lucky Time)<\/li>\n<li>Site internet : Jean-Beno\u00eet Richard (Connection)<\/li>\n<li>R\u00e9gie technique : Patricia Godal<\/li>\n<li>Accueil \/\u00e9v\u00e8nementiel : Patrice Peyron, Aylau\u00a0Tik, Isabelle Bain et Elio Srour<\/li>\n<li>\u00c9v\u00e8nementiel : Anna Margarita Albelo aka La Chocha<\/li>\n<\/ul>\n<p>\n<\/div><\/div><\/div><div class=\"kc-elm kc-css-839 kc_col-sm-6 kc_column kc_col-sm-6\"><div class=\"kc-col-container\"><div class=\"kc-elm kc-css-89747 kc_text_block\"><\/p>\n<h2>RAINBOW SUBMARINE<\/h2>\n<ul>\n<li>Pr\u00e9sidente : Olivia Chaumont<\/li>\n<li>Tre\u0301sorier : Laurent Bocahut<\/li>\n<li>Secre\u0301taire : Fabien Mcrae<\/li>\n<li>C.A : Isabelle Bain, Laurent Bocahut, Olivia Chaumont, Patricia Godal, Herve\u0301 Joseph Lebrun, Cyril Rota et Fabien Mcrae<\/li>\n<\/ul>\n<p>\n<\/div><\/div><\/div><\/div><\/div><\/section><\/p>\n","protected":false},"excerpt":{"rendered":"","protected":false},"author":9,"featured_media":0,"parent":5549,"menu_order":0,"comment_status":"closed","ping_status":"closed","template":"","meta":{"footnotes":""},"cc_edition":[],"class_list":["post-6282","page","type-page","status-publish","hentry"],"_links":{"self":[{"href":"https:\/\/cheries-cheris.com\/festival\/wp-json\/wp\/v2\/pages\/6282","targetHints":{"allow":["GET"]}}],"collection":[{"href":"https:\/\/cheries-cheris.com\/festival\/wp-json\/wp\/v2\/pages"}],"about":[{"href":"https:\/\/cheries-cheris.com\/festival\/wp-json\/wp\/v2\/types\/page"}],"author":[{"embeddable":true,"href":"https:\/\/cheries-cheris.com\/festival\/wp-json\/wp\/v2\/users\/9"}],"replies":[{"embeddable":true,"href":"https:\/\/cheries-cheris.com\/festival\/wp-json\/wp\/v2\/comments?post=6282"}],"version-history":[{"count":5,"href":"https:\/\/cheries-cheris.com\/festival\/wp-json\/wp\/v2\/pages\/6282\/revisions"}],"predecessor-version":[{"id":6289,"href":"https:\/\/cheries-cheris.com\/festival\/wp-json\/wp\/v2\/pages\/6282\/revisions\/6289"}],"up":[{"embeddable":true,"href":"https:\/\/cheries-cheris.com\/festival\/wp-json\/wp\/v2\/pages\/5549"}],"wp:attachment":[{"href":"https:\/\/cheries-cheris.com\/festival\/wp-json\/wp\/v2\/media?parent=6282"}],"wp:term":[{"taxonomy":"cc_edition","embeddable":true,"href":"https:\/\/cheries-cheris.com\/festival\/wp-json\/wp\/v2\/cc_edition?post=6282"}],"curies":[{"name":"wp","href":"https:\/\/api.w.org\/{rel}","templated":true}]}}