{"id":5698,"date":"2024-10-16T10:46:31","date_gmt":"2024-10-16T08:46:31","guid":{"rendered":"https:\/\/cheries-cheris.com\/festival\/?page_id=5698"},"modified":"2024-10-21T16:58:20","modified_gmt":"2024-10-21T14:58:20","slug":"le-prix-libertes-cheries","status":"publish","type":"page","link":"https:\/\/cheries-cheris.com\/festival\/30eme-festival-du-film-lgbtqia-de-paris-du-15-au-26-novembre-2024\/edito-et-jurys\/le-prix-libertes-cheries\/","title":{"rendered":"Le prix \u00ab Libert\u00e9s Ch\u00e9ries \u00bb"},"content":{"rendered":"<p><section class=\"kc-elm kc-css-701079 kc_row\"><div class=\"kc-row-container  kc-container\"><div class=\"kc-wrap-columns\"><div class=\"kc-elm kc-css-964457 kc_col-sm-8 kc_column kc_col-sm-8\"><div class=\"kc-col-container\"><div class=\"kc-elm kc-css-162424 kc_text_block\"><\/p>\n<p>Pour tou.te.s et chacun.e, bien au-del\u00e0 des seules personnes LGBTQIA+, revendiquer, d\u00e9fendre et am\u00e9nager son espace de libert\u00e9s est essentiel. D\u2019autant plus dans des environnements o\u00f9 les discriminations sociales, l\u00e9gales et syst\u00e9miques sont bien ancr\u00e9es.<\/p>\n<p>Mais\u00a0de\u00a0ces\u00a0contextes\u00a0hostiles\u00a0nous pr\u00e9f\u00e9rons\u00a0souvent\u00a0d\u00e9tourner\u00a0le\u00a0regard. Heureusement, sans pathos ni mis\u00e9rabilisme,\u00a0de rares\u00a0cin\u00e9astes ont le\u00a0talent d&rsquo;aborder ces zones\u00a0obscures,\u00a0en\u00a0d\u00e9ployant des tr\u00e9sors d\u2019imagination, au travers de\u00a0r\u00e9cits\u00a0et\u00a0de personnages\u00a0forts et\u00a0inspirants.<\/p>\n<p>En\u00a0organisant\u00a0pour la troisi\u00e8me fois ce prix Libert\u00e9s Ch\u00e9ries, ce sont\u00a0ces films\u00a0\u00ab\u00a0p\u00e9pites\u00a0\u00bb que\u00a0Ch\u00e9ries-Ch\u00e9ris\u00a0souhaite\u00a0mettre en lumi\u00e8re.<\/p>\n<p>\n<\/div><\/div><\/div><div class=\"kc-elm kc-css-760995 kc_col-sm-4 kc_column kc_col-sm-4\"><div class=\"kc-col-container\"><div class=\"kc-elm kc-css-897637 kc_shortcode kc_single_image\">\n\n        <img decoding=\"async\" src=\"https:\/\/cheries-cheris.com\/festival\/wp-content\/uploads\/2022\/11\/logo-libertes_cheries-bleu.png\" class=\"\" alt=\"\" \/>    <\/div>\n<\/div><\/div><\/div><\/div><\/section><section class=\"kc-elm kc-css-547991 kc_row\"><div class=\"kc-row-container  kc-container\"><div class=\"kc-wrap-columns\"><div class=\"kc-elm kc-css-245669 kc_col-sm-12 kc_column kc_col-sm-12\"><div class=\"kc-col-container\"><div class=\"kc-elm kc-css-98377 kc_text_block\"><\/p>\n<h2>Films en comp\u00e9tition<\/h2>\n<h3>DOCUMENTAIRES<\/h3>\n<ul>\n<li><a href=\"https:\/\/cheries-cheris.com\/festival\/films\/avant-drag\/\">AVANT-DRAG\u00a0!<\/a> de Fil Ieropoulos (Gr\u00e8ce)<\/li>\n<li><a href=\"https:\/\/cheries-cheris.com\/festival\/films\/black-as-u-r\/\">BLACK AS U R<\/a> de Micheal Rice (Etats-Unis)<\/li>\n<li><a href=\"https:\/\/cheries-cheris.com\/festival\/films\/prisonnieres-reas\/\">PRISONNI\u00c8RES<\/a> de Lola Arias (Argentine)<\/li>\n<li><a href=\"https:\/\/cheries-cheris.com\/festival\/films\/life-is-not-a-competition-but-im-winning\/\">LIFE IS NOT A COMPETITION, BUT I\u2019M WINNING<\/a> de Julia Fuhr Mann\u00a0(Allemagne)<\/li>\n<li><a href=\"https:\/\/cheries-cheris.com\/festival\/films\/with-my-open-lungs\/\">WITH MY OPEN LUNGS<\/a> de Yana Sad (Allemagne)<\/li>\n<\/ul>\n<h3>FICTIONS<\/h3>\n<ul>\n<li><a href=\"https:\/\/cheries-cheris.com\/festival\/films\/adversaire-motstandaren\/\">ADVERSAIRE<\/a> de Milad Alami (Su\u00e8de, Norv\u00e8ge)<\/li>\n<li><a href=\"https:\/\/cheries-cheris.com\/festival\/films\/cabo-negro\/\">CABO NEGRO<\/a> de Abdellah Ta\u00efa (France, Maroc)<\/li>\n<li><a href=\"https:\/\/cheries-cheris.com\/festival\/films\/crossing-istanbul-crossing\/\">CROSSING INSTANBUL<\/a> de Levan Akin (Su\u00e8de, Turquie, G\u00e9orgie)<\/li>\n<li><a href=\"https:\/\/cheries-cheris.com\/festival\/films\/the-judgment\/\">THE JUDGMENT<\/a> de Marwan Mokbel (Egypte)<\/li>\n<li><a href=\"https:\/\/cheries-cheris.com\/festival\/films\/the-shameless\/\">THE SHAMELESS<\/a> de Konstantin Bojanov (Bulgarie, France, Suisse)<\/li>\n<\/ul>\n<p>\n<\/div><\/div><\/div><\/div><\/div><\/section><\/p>\n","protected":false},"excerpt":{"rendered":"","protected":false},"author":9,"featured_media":4060,"parent":5552,"menu_order":0,"comment_status":"closed","ping_status":"closed","template":"","meta":{"footnotes":""},"cc_edition":[],"class_list":["post-5698","page","type-page","status-publish","has-post-thumbnail","hentry"],"_links":{"self":[{"href":"https:\/\/cheries-cheris.com\/festival\/wp-json\/wp\/v2\/pages\/5698","targetHints":{"allow":["GET"]}}],"collection":[{"href":"https:\/\/cheries-cheris.com\/festival\/wp-json\/wp\/v2\/pages"}],"about":[{"href":"https:\/\/cheries-cheris.com\/festival\/wp-json\/wp\/v2\/types\/page"}],"author":[{"embeddable":true,"href":"https:\/\/cheries-cheris.com\/festival\/wp-json\/wp\/v2\/users\/9"}],"replies":[{"embeddable":true,"href":"https:\/\/cheries-cheris.com\/festival\/wp-json\/wp\/v2\/comments?post=5698"}],"version-history":[{"count":6,"href":"https:\/\/cheries-cheris.com\/festival\/wp-json\/wp\/v2\/pages\/5698\/revisions"}],"predecessor-version":[{"id":6918,"href":"https:\/\/cheries-cheris.com\/festival\/wp-json\/wp\/v2\/pages\/5698\/revisions\/6918"}],"up":[{"embeddable":true,"href":"https:\/\/cheries-cheris.com\/festival\/wp-json\/wp\/v2\/pages\/5552"}],"wp:featuredmedia":[{"embeddable":true,"href":"https:\/\/cheries-cheris.com\/festival\/wp-json\/wp\/v2\/media\/4060"}],"wp:attachment":[{"href":"https:\/\/cheries-cheris.com\/festival\/wp-json\/wp\/v2\/media?parent=5698"}],"wp:term":[{"taxonomy":"cc_edition","embeddable":true,"href":"https:\/\/cheries-cheris.com\/festival\/wp-json\/wp\/v2\/cc_edition?post=5698"}],"curies":[{"name":"wp","href":"https:\/\/api.w.org\/{rel}","templated":true}]}}