{"id":569,"date":"2018-10-17T12:49:30","date_gmt":"2018-10-17T10:49:30","guid":{"rendered":"http:\/\/cheries-cheris.com\/festival\/?page_id=569"},"modified":"2025-12-08T10:00:28","modified_gmt":"2025-12-08T09:00:28","slug":"mentions-legales","status":"publish","type":"page","link":"https:\/\/cheries-cheris.com\/festival\/mentions-legales\/","title":{"rendered":"Mentions l\u00e9gales et Charte de la la\u00efcit\u00e9"},"content":{"rendered":"<p>Site internet \u00e9dit\u00e9 par Rainbow Submarine, association r\u00e9gie par la loi de 1901, domicili\u00e9e MVAC de Paris site Marais 5 rue Perr\u00e9e, 75003 Paris<\/p>\n<p>Directrice de la publication <a href=\"https:\/\/cheries-cheris.com\/festival\/contact\/\">Olivia Chaumont<\/a>.<\/p>\n<h3>RAINBOW SUBMARINE<\/h3>\n<ul>\n<li>Pr\u00e9sidente : Olivia Chaumont<\/li>\n<li>Tr\u00e9sorier\u00a0: Herv\u00e9 Joseph Lebrun<\/li>\n<li>Secr\u00e9taire\u00a0:\u00a0Fabien\u00a0Mcrae<\/li>\n<li>C.A:\u00a0Isabelle Bain, Laurent Bocahut,\u00a0Olivia\u00a0Chaumont, Patricia Godal, Herv\u00e9 Joseph Lebrun, Cyril Rota et Fabien\u00a0Mcrae<\/li>\n<\/ul>\n<p>H\u00e9bergement <a href=\"https:\/\/www.ovhcloud.com\" target=\"_blank\" rel=\"noopener\">OVH SAS<\/a> RCS Lille M\u00e9tropole 424 761 419 00045 Si\u00e8ge social : 2 rue Kellermann &#8211; 59100 Roubaix &#8211; France<\/p>\n<p>Webmaster Jean-Beno\u00eet Richard <a href=\"https:\/\/www.connection.fr\/?mtm_campaign=ref&amp;mtm_source=cheries\" target=\"_blank\" rel=\"noopener\">CONNECTION SAS<\/a> RCS Bobigny 328 223 466 00231 Si\u00e8ge social : 261 rue de Paris &#8211; 93100 Montreuil &#8211; France<\/p>\n<h3>Utilisation des Cookies<\/h3>\n<p>Le site Ch\u00e9ries-Ch\u00e9ris, comme il est d\u2019usage sur l\u2019Internet, utilise des fichiers de donn\u00e9es que votre navigateur enregistre sur votre ordinateur.<\/p>\n<p>Les cookies ne contiennent aucune donn\u00e9e \u00e0 caract\u00e8re personnel en soi. \u00c0 d\u00e9faut d\u2019acceptation des cookies ou en cas de suppression des cookies, vous risquez de ne plus pouvoir b\u00e9n\u00e9ficier d\u2019un certain nombre de fonctionnalit\u00e9s qui peuvent \u00eatre n\u00e9cessaires pour naviguer sur notre site.<\/p>\n<h3>Statistiques<\/h3>\n<h6><code><p id=\"matomo_opted_out_intro\" style=\"display:none;\">Opt-out complete; your visits to this website will not be recorded by the Web Analytics tool. Note that if you clear your cookies, delete the opt-out cookie, or if you change computers or Web browsers, you will need to perform the opt-out procedure again.<\/p><p id=\"matomo_opted_in_intro\" >You may choose to prevent this website from aggregating and analyzing the actions you take here. Doing so will protect your privacy, but will also prevent the owner from learning from your actions and creating a better experience for you and other users.<\/p><form>\n        <input type=\"checkbox\" id=\"matomo_optout_checkbox\" checked=\"checked\"\/>\n        <label for=\"matomo_optout_checkbox\"><strong>\n        <span id=\"matomo_opted_in_label\" >You are not opted out. Uncheck this box to opt-out.<\/span>\n\t\t<span id=\"matomo_opted_out_label\" style=\"display:none;\">You are currently opted out. Check this box to opt-in.<\/span>\n        <\/strong><\/label><\/form><noscript><p><strong style=\"color: #ff0000;\">This opt out feature requires JavaScript.<\/strong><\/p><\/noscript><p id=\"matomo_outout_err_cookies\" style=\"display: none;\"><strong>The tracking opt-out feature requires cookies to be enabled.<\/strong><\/p><\/code><\/h6>\n<p>&nbsp;<\/p>\n<h3>Propri\u00e9t\u00e9 Intellectuelle<\/h3>\n<p>Ce site et son contenu sont prot\u00e9g\u00e9s par le droit d\u2019auteur et les droits de propri\u00e9t\u00e9 intellectuelle. Certains \u00e9l\u00e9ments qui apparaissent sur ce site (et notamment les marques, dessins et logos) sont prot\u00e9g\u00e9s par des droits de propri\u00e9t\u00e9 intellectuelle.<\/p>\n<p>&nbsp;<\/p>\n<h3>Charte r\u00e9gionale des valeurs de la R\u00e9publique<\/h3>\n<p>Rainbow Submarine b\u00e9n\u00e9ficie de subventions de la R\u00e9gion Ile-de-France et respecte les valeurs de la R\u00e9publique et le principe de la\u00efcit\u00e9, tels qu&rsquo;\u00e9nonc\u00e9s dans la <a href=\"https:\/\/www.iledefrance.fr\/decouvrir-le-fonctionnement-de-la-region\/propos-de-la-region\/la-charte-regionale-des-valeurs-de-la-republique-et-de-la-laicite\" target=\"_blank\" rel=\"noopener\">charte r\u00e9gionale des valeurs de la R\u00e9publique et de la la\u00efcit\u00e9<\/a>.<\/p>\n","protected":false},"excerpt":{"rendered":"<p>Site internet \u00e9dit\u00e9 par Rainbow Submarine, association r\u00e9gie par la loi de 1901, domicili\u00e9e MVAC de Paris site Marais 5 rue Perr\u00e9e, 75003 Paris Directrice de la publication Olivia Chaumont. RAINBOW SUBMARINE Pr\u00e9sidente : Olivia Chaumont Tr\u00e9sorier\u00a0: Herv\u00e9 Joseph Lebrun Secr\u00e9taire\u00a0:\u00a0Fabien\u00a0Mcrae C.A:\u00a0Isabelle Bain, Laurent Bocahut,\u00a0Olivia\u00a0Chaumont, Patricia Godal, Herv\u00e9 Joseph Lebrun, Cyril Rota et Fabien\u00a0Mcrae H\u00e9bergement [&hellip;]<\/p>\n","protected":false},"author":1,"featured_media":0,"parent":0,"menu_order":0,"comment_status":"closed","ping_status":"closed","template":"","meta":{"footnotes":""},"cc_edition":[],"class_list":["post-569","page","type-page","status-publish","hentry"],"_links":{"self":[{"href":"https:\/\/cheries-cheris.com\/festival\/wp-json\/wp\/v2\/pages\/569","targetHints":{"allow":["GET"]}}],"collection":[{"href":"https:\/\/cheries-cheris.com\/festival\/wp-json\/wp\/v2\/pages"}],"about":[{"href":"https:\/\/cheries-cheris.com\/festival\/wp-json\/wp\/v2\/types\/page"}],"author":[{"embeddable":true,"href":"https:\/\/cheries-cheris.com\/festival\/wp-json\/wp\/v2\/users\/1"}],"replies":[{"embeddable":true,"href":"https:\/\/cheries-cheris.com\/festival\/wp-json\/wp\/v2\/comments?post=569"}],"version-history":[{"count":5,"href":"https:\/\/cheries-cheris.com\/festival\/wp-json\/wp\/v2\/pages\/569\/revisions"}],"predecessor-version":[{"id":7625,"href":"https:\/\/cheries-cheris.com\/festival\/wp-json\/wp\/v2\/pages\/569\/revisions\/7625"}],"wp:attachment":[{"href":"https:\/\/cheries-cheris.com\/festival\/wp-json\/wp\/v2\/media?parent=569"}],"wp:term":[{"taxonomy":"cc_edition","embeddable":true,"href":"https:\/\/cheries-cheris.com\/festival\/wp-json\/wp\/v2\/cc_edition?post=569"}],"curies":[{"name":"wp","href":"https:\/\/api.w.org\/{rel}","templated":true}]}}