{"id":5553,"date":"2024-10-11T16:21:06","date_gmt":"2024-10-11T14:21:06","guid":{"rendered":"https:\/\/cheries-cheris.com\/festival\/?page_id=5553"},"modified":"2024-10-29T14:18:27","modified_gmt":"2024-10-29T13:18:27","slug":"edito-de-gregory-tilhac-directeur-artistique-de-cheries-cheris-depuis-2018","status":"publish","type":"page","link":"https:\/\/cheries-cheris.com\/festival\/30eme-festival-du-film-lgbtqia-de-paris-du-15-au-26-novembre-2024\/edito-et-jurys\/edito-de-gregory-tilhac-directeur-artistique-de-cheries-cheris-depuis-2018\/","title":{"rendered":"\u00c9dito de Gr\u00e9gory Tilhac, Directeur artistique de Ch\u00e9ries-Ch\u00e9ris"},"content":{"rendered":"<section class=\"kc-elm kc-css-309426 kc_row\"><div class=\"kc-row-container  kc-container\"><div class=\"kc-wrap-columns\"><div class=\"kc-elm kc-css-687381 kc_col-sm-4 kc_column kc_col-sm-4\"><div class=\"kc-col-container\"><div class=\"kc-elm kc-css-982608 kc_shortcode kc_single_image\">\n\n        <img decoding=\"async\" src=\"https:\/\/cheries-cheris.com\/festival\/wp-content\/uploads\/2023\/10\/gregory-tilhac.jpg\" class=\"\" alt=\"Gr\u00e9gory Tilhac, Directeur artistique du festival\" \/>    <\/div>\n<div class=\"kc-elm kc-css-492391 kc_text_block\"><\/p>\n<p><strong>Gr\u00e9gory Tilhac<\/strong><br \/><em>Directeur artistique du festival<\/em><\/p>\n<p>\n<\/div><\/div><\/div><div class=\"kc-elm kc-css-635738 kc_col-sm-8 kc_column kc_col-sm-8\"><div class=\"kc-col-container\"><div class=\"kc-elm kc-css-409369 kc_text_block\"><\/p>\n<h2 style=\"text-align: center;\">30e CH\u00c9RIES-CH\u00c9RIS<\/h2>\n<p>30 ans d\u00e9j\u00e0\u00a0! \u00c0 l\u2019occasion de cette \u00e9dition anniversaire, on peut dresser un bilan tr\u00e8s positif\u00a0: <em>Ch\u00e9ries-Ch\u00e9ris<\/em> n\u2019a cess\u00e9 de gagner au fil des ann\u00e9es en ambition, en notori\u00e9t\u00e9 et en succ\u00e8s public, au point de rassembler l\u2019an dernier plus de 17 000 spectateurs.trices. Depuis ses d\u00e9buts, et aujourd\u2019hui plus que jamais peut-\u00eatre, le cin\u00e9ma joue un r\u00f4le essentiel dans nos regards sur nous-m\u00eames, nos \u00e9mancipations, nos lib\u00e9rations individuelles et sociales. Un r\u00f4le fondamental pour nous projeter dans nos vies et les construire librement \u00e0 notre mesure. Fid\u00e8le \u00e0 lui-m\u00eame, ce 30e Ch\u00e9ries-Ch\u00e9ris sera donc plus que jamais tourn\u00e9 vers l&#039;avenir et les nouveaux territoires queers \u00e0 explorer, \u00e0 exp\u00e9rimenter. Cette ann\u00e9e, nous aurons au programme 71 longs-m\u00e9trages et 80 courts-m\u00e9trages, la tr\u00e8s grande majorit\u00e9 in\u00e9dits, et venant des quatre coins du monde.<\/p>\n<\/p>\n<p>\u00c0 l\u2019aune de l\u2019avanc\u00e9e des droits LGBT en France, on nous pose parfois la question si <em>Ch\u00e9ries-Ch\u00e9ris<\/em> a encore une raison d\u2019exister\u00a0et s\u2019il a encore des combats \u00e0 mener\u2026\u00a0 Certes, des progr\u00e8s ont \u00e9t\u00e9 accomplis dans la soci\u00e9t\u00e9 en mati\u00e8re de droits mais les discriminations et les violences persistent, et les repr\u00e9sentations ne sont toujours pas suffisantes dans les m\u00e9dias. Notre festival est avant tout un \u00e9v\u00e9nement cin\u00e9phile, un moment de c\u00e9l\u00e9bration de la formidable profusion et de la grande diversit\u00e9 et cr\u00e9ativit\u00e9 du cin\u00e9ma LGBT+. Mais notre mission est aussi d\u2019honorer et de c\u00e9l\u00e9brer l\u2019id\u00e9e qu\u2019il puisse exister une culture LGBTQIA+ et en \u00eatre fier. En France nous sommes tr\u00e8s frileux avec cette id\u00e9e, hant\u00e9s par le spectre du communautarisme \u00e0 l\u2019anglo-saxonne et habit\u00e9s par la notion d\u2019\u00ab\u00a0int\u00e9gration\u00a0\u00bb, ma\u00eetre mot de l\u2019\u00e9galit\u00e9 r\u00e9publicaine. Il est pourtant essentiel que les personnes LGBT+ se retrouvent aussi entre elles pour r\u00e9fl\u00e9chir aux enjeux qui les concernent et qui sont d\u00e9j\u00e0 suffisamment nombreux si l\u2019on cherche \u00e0 conjuguer toutes les tendances du sigle LGBTQIA+. Ce qui n\u2019enl\u00e8ve en rien notre souhait de mettre \u00e0 l\u2019honneur des valeurs universelles\u00a0: une cin\u00e9philie g\u00e9n\u00e9reuse et sans orni\u00e8re, l\u2019esprit d\u2019ouverture, la curiosit\u00e9, l\u2019empathie et bien entendu le dialogue, sans aucun dogmatisme ou sectarisme. Tout le monde est le bienvenu \u00e0 <em>Ch\u00e9ries-Ch\u00e9ris<\/em>\u00a0!<\/p>\n<\/p>\n<p>Le cin\u00e9ma peut \u00eatre vu comme un miroir de la soci\u00e9t\u00e9 et de ses pr\u00e9occupations\u2026\u00a0 Au sein de ce tr\u00e8s beau cru 2024 transpara\u00eet un v\u00e9ritable foisonnement th\u00e9matique\u00a0: la puissance de l\u2019amiti\u00e9, l\u2019importance de la parole pour pouvoir faire soci\u00e9t\u00e9, les dynamiques de pouvoir, la parentalit\u00e9, l\u2019homophobie int\u00e9rioris\u00e9e et soci\u00e9tale, les expressions sexuelles dissidentes, l\u2019accueil des r\u00e9fugi\u00e9s en Europe, les \u00ab\u00a0nouvelles familles\u00a0\u00bb queer que l\u2019on se choisit, la d\u00e9construction du genre, la sexualit\u00e9 des seniors, la prostitution, la crise de la quarantaine, la sant\u00e9 mentale, le deuil amoureux etc. \u00c0 cela s\u2019ajoute un th\u00e8me rarement abord\u00e9 au cin\u00e9ma\u00a0: l\u2019asexualit\u00e9, terme qui renvoie aux personnes qui ne ressentent pas ou peu d\u2019attirance sexuelle envers quiconque. C\u2019est le sujet de <em>Slow<\/em>, un magnifique film lituanien qui sera pr\u00e9sent\u00e9 en comp\u00e9tition fiction.\u00a0<\/p>\n<\/p>\n<p>De mani\u00e8re plus g\u00e9n\u00e9rale, les cin\u00e9astes promeuvent de plus en plus l\u2019id\u00e9e de \u00ab\u00a0fluidit\u00e9\u00a0\u00bb \u00e0 tous les niveaux\u00a0: fluidit\u00e9 du genre, de l\u2019orientation sexuelle, mais aussi au niveau des formes cin\u00e9matographiques. On parle d\u2019ailleurs de \u00ab trans film\u00a0\u00bb quand la forme m\u00eame de l\u2019\u0153uvre s\u2019empare des genres cin\u00e9matographiques pour en jouer et s\u2019affranchir des cases. En r\u00e9sulte une exaltation cin\u00e9phile dont <em>Ch\u00e9ries-Ch\u00e9ris<\/em> ne cesse de se faire l\u2019\u00e9cho. Un exemple\u00a0? Notre film d\u2019ouverture <em>Mika ex machina<\/em> de Mika Tard &#038; D\u00e9borah Sa\u00efag, pr\u00e9sent\u00e9 en premi\u00e8re mondiale. Proche du cin\u00e9ma direct ou cin\u00e9ma-v\u00e9rit\u00e9, ce film-enqu\u00eate lesbo-queer rel\u00e8ve autant de la com\u00e9die que du thriller, en passant par la romcom, le buddy\u00a0movie et le Cluedo vivant\u00a0!<\/p>\n<\/p>\n<p>Parmi les autres temps forts (pour la plupart en pr\u00e9sence des cin\u00e9astes), citons <em>Ego\u00efst<\/em><em>\u00a0<\/em>du Japonais\u00a0Daishi\u00a0Matsunaga, un sublime m\u00e9lo romantique gay pr\u00e9sent\u00e9 en premi\u00e8re europ\u00e9enne\u00a0;\u00a0<em>Young Hearts<\/em> du Belge Anthony Schatteman, un coming of age\u00a0aussi lumineux que touchant sur un jeune coll\u00e9gien qui d\u00e9couvre l\u2019amour ; <em>Baby <\/em>du Br\u00e9silien Marcelo Caetano, une belle histoire d\u2019amour moderne entre un jeune d\u00e9linquant et l\u2019homme m\u00fbr qui le prend sous son aile\u00a0; <em>Les Reines du drame<\/em> d\u2019Alexis Langlois, une hallucinante love story entre deux pop stars lesbiennes, avec le g\u00e9nial Bilal Hassani dans le r\u00f4le d\u2019un fan obs\u00e9d\u00e9\u00a0;\u00a0<em>Crossing<\/em><em> Istanbul <\/em>de Levan Akin, un bijou humaniste qui d\u00e9joue tous les clich\u00e9s mis\u00e9rabilistes sur les personnes trans\u00a0;\u00a0<em>Sebastian<\/em>, un film \u00e0 la fois sensuel et raffin\u00e9 sur un \u00e9crivain qui se livre \u00e0 l\u2019escorting pour nourrir ses \u00e9crits\u00a0; <em>Tout ira bien<\/em>, un drame d\u2019une infinie d\u00e9licatesse sur un couple senior lesbien \u00e0 Hong Kong\u00a0; ou encore <em>Amusement <\/em><em>park<\/em>, un film X br\u00e9silien traitant d\u2019une nuit de cruising gay dans un parc, et qui aura les honneurs de la comp\u00e9tition (une premi\u00e8re\u00a0!).<\/p>\n<\/p>\n<p>Pour finir, un grand merci &#8211; au nom des actuelles et anciennes \u00e9quipes organisatrices &#8211; au millier de cin\u00e9astes qui nous ont fait l\u2019honneur de pr\u00e9senter leurs films \u00e0 <em>Ch\u00e9ries-Ch\u00e9ris<\/em> ces 30 derni\u00e8res ann\u00e9es. Quelques noms\u00a0? Derek Jarman, Fran\u00e7ois Ozon, Christophe Honor\u00e9, S\u00e9bastien Lifshitz, Gregg Araki, Stephan Elliott, Rose Troche, Hettie MacDonald, Matteo Garrone, Marlon Riggs, Lizzie Borden, R\u00e9mi Lange, Philippe Vallois, Zhang Yuan, Virginie Despentes, Abel Ferrara, Kimberly Peirce, Neil Jordan, Lisa Cholodenko, Bruce LaBruce, Cheryl Dunye, Larry Clark, Mike Nichols, Diego Lerman, Asia Argento, Yann Gonzalez, Joao Pedro Rodrigues, Monika Treut, Ferzan\u00a0Ozpetek, Joachim Pinto, Patric Chiha, Marco Berger, Chlo\u00e9 Robichaud, Roberto Caston, Val\u00e9rie Minetto, Karim Ainouz, Francis Lee, Andrew Haigh, Lionel Baier, Ga\u00ebl Morel, Jonathan Dayton &#038; Valerie Faris, Lou Ye, Luca Guadagnino, Bertrand Mandico, Emanuele Crialese, Saim Sadiq, Daniel Nolasco, Maryam Touzani, Paul B. Preciado, Katell Quill\u00e9v\u00e9r\u00e9, Y\u00f3rgos\u00a0L\u00e1nthimos, Apichatpong\u00a0Weerasethakul\u00a0ou encore Sean Baker (Palme d\u2019Or 2024).<\/p>\n<\/p>\n<p>Arr\u00eatons-nous l\u00e0, la liste serait bien trop longue. Et \u00e0 l\u2019image de notre affiche, rendons-leur un \u00ab\u00a0vibrant\u00a0\u00bb hommage\u00a0!<\/p>\n<\/p>\n<p><em>Gr\u00e9gory Tilhac, Directeur artistique du Festival<\/em><\/p>\n<\/p>\n<p>\n<\/div><\/div><\/div><\/div><\/div><\/section>\n","protected":false},"excerpt":{"rendered":"","protected":false},"author":9,"featured_media":4629,"parent":5552,"menu_order":0,"comment_status":"closed","ping_status":"closed","template":"","meta":{"footnotes":""},"cc_edition":[],"class_list":["post-5553","page","type-page","status-publish","has-post-thumbnail","hentry"],"_links":{"self":[{"href":"https:\/\/cheries-cheris.com\/festival\/wp-json\/wp\/v2\/pages\/5553","targetHints":{"allow":["GET"]}}],"collection":[{"href":"https:\/\/cheries-cheris.com\/festival\/wp-json\/wp\/v2\/pages"}],"about":[{"href":"https:\/\/cheries-cheris.com\/festival\/wp-json\/wp\/v2\/types\/page"}],"author":[{"embeddable":true,"href":"https:\/\/cheries-cheris.com\/festival\/wp-json\/wp\/v2\/users\/9"}],"replies":[{"embeddable":true,"href":"https:\/\/cheries-cheris.com\/festival\/wp-json\/wp\/v2\/comments?post=5553"}],"version-history":[{"count":5,"href":"https:\/\/cheries-cheris.com\/festival\/wp-json\/wp\/v2\/pages\/5553\/revisions"}],"predecessor-version":[{"id":6393,"href":"https:\/\/cheries-cheris.com\/festival\/wp-json\/wp\/v2\/pages\/5553\/revisions\/6393"}],"up":[{"embeddable":true,"href":"https:\/\/cheries-cheris.com\/festival\/wp-json\/wp\/v2\/pages\/5552"}],"wp:featuredmedia":[{"embeddable":true,"href":"https:\/\/cheries-cheris.com\/festival\/wp-json\/wp\/v2\/media\/4629"}],"wp:attachment":[{"href":"https:\/\/cheries-cheris.com\/festival\/wp-json\/wp\/v2\/media?parent=5553"}],"wp:term":[{"taxonomy":"cc_edition","embeddable":true,"href":"https:\/\/cheries-cheris.com\/festival\/wp-json\/wp\/v2\/cc_edition?post=5553"}],"curies":[{"name":"wp","href":"https:\/\/api.w.org\/{rel}","templated":true}]}}