{"id":5470,"date":"2023-11-30T12:30:12","date_gmt":"2023-11-30T11:30:12","guid":{"rendered":"https:\/\/cheries-cheris.com\/festival\/?page_id=5470"},"modified":"2023-11-30T13:01:00","modified_gmt":"2023-11-30T12:01:00","slug":"palmares-du-29e-festival-international-du-film-lgbtq-de-paris","status":"publish","type":"page","link":"https:\/\/cheries-cheris.com\/festival\/29eme-festival-du-film-lgbtqi-de-paris-du-18-au-28-novembre-2023\/palmares-du-29e-festival-international-du-film-lgbtq-de-paris\/","title":{"rendered":"Palmar\u00e8s du 29e festival international du film LGBTQ &#038; +++ de Paris"},"content":{"rendered":"<section class=\"kc-elm kc-css-938503 kc_row\"><div class=\"kc-row-container  kc-container\"><div class=\"kc-wrap-columns\"><div class=\"kc-elm kc-css-807149 kc_col-sm-12 kc_column kc_col-sm-12\"><div class=\"kc-col-container\"><div class=\"kc-elm kc-css-928209 kc_shortcode kc_single_image\">\n\n        <img decoding=\"async\" src=\"https:\/\/cheries-cheris.com\/festival\/wp-content\/uploads\/2023\/11\/Logo-CC-2023-copie-600x423xc.jpg\" class=\"\" alt=\"\" \/>    <\/div>\n<div class=\"kc-elm kc-css-385658 kc_text_block\"><\/p>\n<h1 style=\"text-align: center;\">Palmar\u00e8s de la 29\u00e8me \u00e9dition<br \/>du Festival du Film LGBTQI&#038;+++<br \/>Ch\u00e9ries-Ch\u00e9ris<\/h1>\n<p>\n<\/div><div class=\"kc-elm kc-css-372408\" style=\"height: 59px; clear: both; width:100%;\"><\/div><div class=\"kc-elm kc-css-895029 kc_text_block\"><\/p>\n<h1 style=\"text-align: center;\"><strong>COMP\u00c9TITION FICTION<\/strong><\/h1>\n<p>\n<\/div><div class=\"kc-elm kc-css-17863\" style=\"height: 20px; clear: both; width:100%;\"><\/div><div class=\"kc-elm kc-css-435226 kc_row kc_row_inner\"><div class=\"kc-elm kc-css-981511 kc_col-sm-6 kc_column_inner kc_col-sm-6\"><div class=\"kc_wrapper kc-col-inner-container\">\n<div class=\"kc-elm kc-css-603698 kc-title-wrap \">\n\n\t<h1 class=\"kc_title\">Grand Prix<\/h1>\n<\/div>\n<div class=\"kc-elm kc-css-739881\" style=\"height: 20px; clear: both; width:100%;\"><\/div><div class=\"kc-elm kc-css-955509 kc_shortcode kc_single_image\">\n\n        <a  href=\"https:\/\/cheries-cheris.com\/festival\/films\/the-summer-with-carmen-to-kalokairi-tis-karmen\/\" title=\"The summer\" target=\"_self\">\n        <img decoding=\"async\" src=\"https:\/\/cheries-cheris.com\/festival\/wp-content\/uploads\/2023\/10\/THE-SUMMER-WITH-CARMEN.jpg\" class=\"\" alt=\"\" \/>    <\/a>\n    <\/div>\n<div class=\"kc-elm kc-css-311186 kc_text_block\"><\/p>\n<h2 style=\"text-align: center;\"><a href=\"https:\/\/cheries-cheris.com\/festival\/films\/the-summer-with-carmen-to-kalokairi-tis-karmen\/\">THE SUMMER WITH CARMEN<\/a><\/h2>\n<p style=\"text-align: center;\">de Zacharias Mavroeidis (Gr\u00e8ce)\u00a0<\/p>\n<p>\n<\/div><\/div><\/div><div class=\"kc-elm kc-css-703632 kc_col-sm-6 kc_column_inner kc_col-sm-6\"><div class=\"kc_wrapper kc-col-inner-container\">\n<div class=\"kc-elm kc-css-749565 kc-title-wrap \">\n\n\t<h1 class=\"kc_title\">Prix du Jury ex aequo :<\/h1>\n<\/div>\n<div class=\"kc-elm kc-css-799745\" style=\"height: 20px; clear: both; width:100%;\"><\/div><div class=\"kc-elm kc-css-\u00bb445428&Prime; kc_row kc_row_inner\"><div class=\"kc-elm kc-css-\u00bb442980&Prime; kc_col-sm-1 kc_column_inner kc_col-sm-1\"><div class=\"kc_wrapper kc-col-inner-container\"><div class=\"kc-elm kc-css-2404 kc_shortcode kc_single_image\">\n\n        <a  href=\"https:\/\/cheries-cheris.com\/festival\/films\/all-the-colours-of-the-world-are-between-black-and-white\/\" title=\"\" target=\"_self\">\n        <img decoding=\"async\" src=\"https:\/\/cheries-cheris.com\/festival\/wp-content\/uploads\/2023\/10\/ALL-THE-COLORS-OF-THE-WORLD-295x197xc.jpg\" class=\"\" alt=\"\" \/>    <\/a>\n    <\/div>\n<div class=\"kc-elm kc-css-407633 kc_text_block\"><\/p>\n<h2 style=\"text-align: center;\"><a href=\"https:\/\/cheries-cheris.com\/festival\/films\/all-the-colours-of-the-world-are-between-black-and-white\/\">ALL THE COLOURS OF THE WORLD ARE BETWEEN BLACK AND WHITE<\/a><\/h2>\n<p style=\"text-align: center;\"><span lang=\"EN-US\">de Babatunde Apalowo (Nig\u00e9ria)\u00a0<\/span><\/p>\n<p>\n<\/div><\/div><\/div><div class=\"kc-elm kc-css-\u00bb970911&Prime; kc_col-sm-1 kc_column_inner kc_col-sm-1\"><div class=\"kc_wrapper kc-col-inner-container\"><div class=\"kc-elm kc-css-131628 kc_shortcode kc_single_image\">\n\n        <a  href=\"https:\/\/cheries-cheris.com\/festival\/films\/on-the-go\/\" title=\"ON THE GO\" target=\"_self\">\n        <img decoding=\"async\" src=\"https:\/\/cheries-cheris.com\/festival\/wp-content\/uploads\/2023\/10\/ON-THE-GO-295x197xc.jpg\" class=\"\" alt=\"\" \/>    <\/a>\n    <\/div>\n<div class=\"kc-elm kc-css-18862 kc_text_block\"><\/p>\n<h2 style=\"text-align: center;\"><a href=\"https:\/\/cheries-cheris.com\/festival\/films\/on-the-go\/\">ON THE GO<\/a><\/h2>\n<p style=\"text-align: center;\">de Julia de Castro &#038; Mar\u00eca Gis\u00e8le Royo\u00a0(Espagne)\u00a0<\/p>\n<p>\n<\/div><\/div><\/div><\/div><\/div><\/div><\/div><div class=\"kc-elm kc-css-308183\" style=\"height: 20px; clear: both; width:100%;\"><\/div>\n<div class=\"kc-elm kc-css-34279 kc-title-wrap \">\n\n\t<h1 class=\"kc_title\">Prix d'interpr\u00e9tation<\/h1>\n<\/div>\n<div class=\"kc-elm kc-css-842443\" style=\"height: 20px; clear: both; width:100%;\"><\/div><div class=\"kc-elm kc-css-743963 kc_row kc_row_inner\"><div class=\"kc-elm kc-css-339702 kc_col-sm-6 kc_column_inner kc_col-sm-6\"><div class=\"kc_wrapper kc-col-inner-container\"><div class=\"kc-elm kc-css-429079 kc_shortcode kc_single_image\">\n\n        <a  href=\"https:\/\/cheries-cheris.com\/festival\/films\/dos-estaciones-deux-saisons\/\" title=\"DOS\" target=\"_self\">\n        <img decoding=\"async\" src=\"https:\/\/cheries-cheris.com\/festival\/wp-content\/uploads\/2023\/10\/DOS-ESTACIONES-DEUX-SAISONS.jpg\" class=\"\" alt=\"Teresa S\u00e1nchez dans DOS ESTACIONES de Juan Pablo Gonz\u00e1lez (Mexique)\" \/>    <\/a>\n    <\/div>\n<\/div><\/div><div class=\"kc-elm kc-css-955666 kc_col-sm-6 kc_column_inner kc_col-sm-6\"><div class=\"kc_wrapper kc-col-inner-container\"><div class=\"kc-elm kc-css-926468 kc_text_block\"><\/p>\n<p>Teresa S\u00e1nchez pour<\/p>\n<h2><a href=\"https:\/\/cheries-cheris.com\/festival\/films\/dos-estaciones-deux-saisons\/\">DOS ESTACIONES<\/a><\/h2>\n<p>de Juan Pablo Gonz\u00e1lez (Mexique)\u00a0<\/p>\n<\/p>\n<p>\n<\/div><\/div><\/div><\/div><div class=\"kc-elm kc-css-392417\" style=\"height: 61px; clear: both; width:100%;\"><\/div><div class=\"kc-elm kc-css-499194 kc_text_block\"><\/p>\n<h1 style=\"text-align: center;\"><b>COMP\u00c9TITION DOCUMENTAIRE<\/b><\/h1>\n<p>\n<\/div><div class=\"kc-elm kc-css-15324\" style=\"height: 0px; clear: both; width:100%;\"><\/div><div class=\"kc-elm kc-css-407560 kc_row kc_row_inner\"><div class=\"kc-elm kc-css-545218 kc_col-sm-6 kc_column_inner kc_col-sm-6\"><div class=\"kc_wrapper kc-col-inner-container\">\n<div class=\"kc-elm kc-css-86951 kc-title-wrap \">\n\n\t<h1 class=\"kc_title\">Grand Prix<\/h1>\n<\/div>\n<div class=\"kc-elm kc-css-760822\" style=\"height: 20px; clear: both; width:100%;\"><\/div><div class=\"kc-elm kc-css-771642 kc_shortcode kc_single_image\">\n\n        <a  href=\"https:\/\/cheries-cheris.com\/festival\/films\/kokomo-city\/\" title=\"KOKOMO CITY\" target=\"_self\">\n        <img decoding=\"async\" src=\"https:\/\/cheries-cheris.com\/festival\/wp-content\/uploads\/2023\/10\/kokomo-city.jpg\" class=\"\" alt=\"\" \/>    <\/a>\n    <\/div>\n<div class=\"kc-elm kc-css-805345 kc_text_block\"><\/p>\n<h2 style=\"text-align: center;\"><a href=\"https:\/\/cheries-cheris.com\/festival\/films\/kokomo-city\/\">KOKOMO CITY<\/a><\/h2>\n<p style=\"text-align: center;\">de D. Smith (\u00c9tats-Unis)<\/p>\n<p>\n<\/div><\/div><\/div><div class=\"kc-elm kc-css-414302 kc_col-sm-6 kc_column_inner kc_col-sm-6\"><div class=\"kc_wrapper kc-col-inner-container\">\n<div class=\"kc-elm kc-css-588429 kc-title-wrap \">\n\n\t<h1 class=\"kc_title\">Prix du Jury<\/h1>\n<\/div>\n<div class=\"kc-elm kc-css-280375\" style=\"height: 20px; clear: both; width:100%;\"><\/div><div class=\"kc-elm kc-css-275316 kc_shortcode kc_single_image\">\n\n        <a  href=\"https:\/\/cheries-cheris.com\/festival\/films\/anhell69\/\" title=\"ANHEL 69\" target=\"_self\">\n        <img decoding=\"async\" src=\"https:\/\/cheries-cheris.com\/festival\/wp-content\/uploads\/2023\/10\/anhell-69.jpg\" class=\"\" alt=\"ANHELL 69\" \/>    <\/a>\n    <\/div>\n<div class=\"kc-elm kc-css-479620 kc_text_block\"><\/p>\n<h2 style=\"text-align: center;\"><a href=\"https:\/\/cheries-cheris.com\/festival\/films\/anhell69\/\">ANHELL69<\/a><\/h2>\n<p style=\"text-align: center;\">de Theo Montoya (France, Colombie)<\/p>\n<p>\n<\/div><\/div><\/div><\/div><div class=\"kc-elm kc-css-656345\" style=\"height: 0px; clear: both; width:100%;\"><\/div>\n<div class=\"kc-elm kc-css-231186 kc-title-wrap \">\n\n\t<h1 class=\"kc_title\">Mention sp\u00e9ciale<\/h1>\n<\/div>\n<div class=\"kc-elm kc-css-681198 kc_row kc_row_inner\"><div class=\"kc-elm kc-css-49179 kc_col-sm-6 kc_column_inner kc_col-sm-6\"><div class=\"kc_wrapper kc-col-inner-container\"><div class=\"kc-elm kc-css-445049 kc_shortcode kc_single_image\">\n\n        <a  href=\"https:\/\/cheries-cheris.com\/festival\/films\/orlando-ma-biographie-politique\/\" title=\"Orlando, ma biographie politique\" target=\"_self\">\n        <img decoding=\"async\" src=\"https:\/\/cheries-cheris.com\/festival\/wp-content\/uploads\/2023\/10\/orlando-ma-biographie-politique.jpg\" class=\"\" alt=\"Orlando, ma biographie politique\" \/>    <\/a>\n    <\/div>\n<\/div><\/div><div class=\"kc-elm kc-css-236404 kc_col-sm-6 kc_column_inner kc_col-sm-6\"><div class=\"kc_wrapper kc-col-inner-container\"><div class=\"kc-elm kc-css-41039 kc_text_block\"><\/p>\n<h2><a href=\"https:\/\/cheries-cheris.com\/festival\/films\/orlando-ma-biographie-politique\/\">ORLANDO, MA BIOGRAPHIE POLITIQUE<\/a><\/h2>\n<p>de Paul B. Preciado (France)\u00a0<\/p>\n<\/p>\n<p>\n<\/div><\/div><\/div><\/div><div class=\"kc-elm kc-css-49429\" style=\"height: 61px; clear: both; width:100%;\"><\/div><div class=\"kc-elm kc-css-240096 kc_text_block\"><\/p>\n<h1 style=\"text-align: center;\"><b>COMP\u00c9TITION COURTS METRAGES<\/b><\/h1>\n<p style=\"text-align: center;\"><strong>Grand Prix<\/strong> :\u00a0<a href=\"https:\/\/cheries-cheris.com\/festival\/films\/competition-courts-metrages-queer-1-2023-2\/\">H\u00c9RO\u00cfNES<\/a> de Astr\u00e9 Desrives (France)<\/p>\n<p style=\"text-align: center;\"><strong>Prix du Jury<\/strong>\u00a0: <a href=\"https:\/\/cheries-cheris.com\/festival\/films\/competition-courts-metrages-gays-3-2023-2\/\">CORPS ABSENTS<\/a> de Antonius Ghosn (Liban)<\/p>\n<p style=\"text-align: center;\"><strong>Mentions sp\u00e9ciales<\/strong>\u00a0:\u00a0<\/p>\n<p style=\"text-align: center;\"><a href=\"https:\/\/cheries-cheris.com\/festival\/films\/competition-courts-metrages-lesbiens-2-2023-2\/\">4801 NUITS<\/a> de Laurence Michel (France)<\/p>\n<p style=\"text-align: center;\"><a href=\"https:\/\/cheries-cheris.com\/festival\/films\/competition-courts-metrages-lesbiens-2-2023-2\/\">ROMY &#038; LAURE&#8230; HAPPEES PAR LE TROU SPATIO-TEMPOREL !<\/a> de Laure Giappiconi &#038; Romy Aliz\u00e9e (France)<\/p>\n<p>\n<\/div><div class=\"kc-elm kc-css-317254\" style=\"height: 61px; clear: both; width:100%;\"><\/div><div class=\"kc-elm kc-css-979663 kc_text_block\"><\/p>\n<h1 style=\"text-align: center;\"><strong>PRIX LIBERT\u00c9S CH\u00c9RIES<br \/><\/strong><\/h1>\n<p style=\"text-align: center;\"><strong>Laur\u00e9at<\/strong> : <a href=\"https:\/\/cheries-cheris.com\/festival\/films\/transfariana\/\">TRANSFARIANA<\/a> de Joris Lachaise (France, Colombie)<\/p>\n<p>\n<\/div><\/div><\/div><\/div><\/div><\/section>\n","protected":false},"excerpt":{"rendered":"","protected":false},"author":9,"featured_media":4774,"parent":4524,"menu_order":0,"comment_status":"closed","ping_status":"closed","template":"template-cc-home.php","meta":{"footnotes":""},"cc_edition":[],"class_list":["post-5470","page","type-page","status-publish","has-post-thumbnail","hentry"],"_links":{"self":[{"href":"https:\/\/cheries-cheris.com\/festival\/wp-json\/wp\/v2\/pages\/5470","targetHints":{"allow":["GET"]}}],"collection":[{"href":"https:\/\/cheries-cheris.com\/festival\/wp-json\/wp\/v2\/pages"}],"about":[{"href":"https:\/\/cheries-cheris.com\/festival\/wp-json\/wp\/v2\/types\/page"}],"author":[{"embeddable":true,"href":"https:\/\/cheries-cheris.com\/festival\/wp-json\/wp\/v2\/users\/9"}],"replies":[{"embeddable":true,"href":"https:\/\/cheries-cheris.com\/festival\/wp-json\/wp\/v2\/comments?post=5470"}],"version-history":[{"count":5,"href":"https:\/\/cheries-cheris.com\/festival\/wp-json\/wp\/v2\/pages\/5470\/revisions"}],"predecessor-version":[{"id":5517,"href":"https:\/\/cheries-cheris.com\/festival\/wp-json\/wp\/v2\/pages\/5470\/revisions\/5517"}],"up":[{"embeddable":true,"href":"https:\/\/cheries-cheris.com\/festival\/wp-json\/wp\/v2\/pages\/4524"}],"wp:featuredmedia":[{"embeddable":true,"href":"https:\/\/cheries-cheris.com\/festival\/wp-json\/wp\/v2\/media\/4774"}],"wp:attachment":[{"href":"https:\/\/cheries-cheris.com\/festival\/wp-json\/wp\/v2\/media?parent=5470"}],"wp:term":[{"taxonomy":"cc_edition","embeddable":true,"href":"https:\/\/cheries-cheris.com\/festival\/wp-json\/wp\/v2\/cc_edition?post=5470"}],"curies":[{"name":"wp","href":"https:\/\/api.w.org\/{rel}","templated":true}]}}