{"id":5218,"date":"2023-11-03T15:01:51","date_gmt":"2023-11-03T14:01:51","guid":{"rendered":"https:\/\/cheries-cheris.com\/festival\/?page_id=5218"},"modified":"2023-11-08T11:51:59","modified_gmt":"2023-11-08T10:51:59","slug":"rencontres-avec-le-realisateur-americain-david-weissman-3","status":"publish","type":"page","link":"https:\/\/cheries-cheris.com\/festival\/29eme-festival-du-film-lgbtqi-de-paris-du-18-au-28-novembre-2023\/cheries-cheris-hors-les-murs\/rencontres-avec-le-realisateur-americain-david-weissman-3\/","title":{"rendered":"RENCONTRES AVEC LE R\u00c9ALISATEUR AM\u00c9RICAIN DAVID WEISSMAN #3"},"content":{"rendered":"<p><section class=\"kc-elm kc-css-367717 kc_row\"><div class=\"kc-row-container  kc-container\"><div class=\"kc-wrap-columns\"><div class=\"kc-elm kc-css-943815 kc_col-sm-12 kc_column kc_col-sm-12\"><div class=\"kc-col-container\"><div class=\"kc-elm kc-css-9449 kc_shortcode kc_single_image\">\n\n        <img decoding=\"async\" src=\"https:\/\/cheries-cheris.com\/festival\/wp-content\/uploads\/2023\/11\/david-weissman.jpg\" class=\"\" alt=\"\" \/>    <\/div>\n<\/div><\/div><\/div><\/div><\/section><section class=\"kc-elm kc-css-412256 kc_row\"><div class=\"kc-row-container  kc-container\"><div class=\"kc-wrap-columns\"><div class=\"kc-elm kc-css-183277 kc_col-sm-12 kc_column kc_col-sm-12\"><div class=\"kc-col-container\"><div class=\"kc-elm kc-css-658365\" style=\"height: 30px; clear: both; width:100%;\"><\/div><\/div><\/div><\/div><\/div><\/section><section class=\"kc-elm kc-css-458401 kc_row\"><div class=\"kc-row-container  kc-container\"><div class=\"kc-wrap-columns\"><div class=\"kc-elm kc-css-94191 kc_col-sm-12 kc_column kc_col-sm-12\"><div class=\"kc-col-container\"><div class=\"kc-elm kc-css-730214 kc_text_block\"><\/p>\n<p>Ch\u00e9ries-Ch\u00e9ris, le 7e Genre et le Collectif Archives LGBTQI+ vous proposent pas moins de trois \u00e9v\u00e8nements avec le r\u00e9alisateur David Weissman : deux projections suivies d&#039;un atelier d&#039;archives orales sur le VIH-sida et le dialogue interg\u00e9n\u00e9rationnel.<\/p>\n<p>Ces trois rencontres seront autant d&#039;occasions d&#039;\u00e9changer avec le r\u00e9alisateur sur son travail autour de la m\u00e9moire et de l&#039;indispensable dialogue interg\u00e9n\u00e9rationnel.\u00a0<\/p>\n<p>\n<\/div><\/div><\/div><\/div><\/div><\/section><section class=\"kc-elm kc-css-247952 kc_row\"><div class=\"kc-row-container  kc-container\"><div class=\"kc-wrap-columns\"><div class=\"kc-elm kc-css-132426 kc_col-sm-12 kc_column kc_col-sm-12\"><div class=\"kc-col-container\"><div class=\"kc-elm kc-css-353596\" style=\"height: 30px; clear: both; width:100%;\"><\/div><\/div><\/div><\/div><\/div><\/section><section class=\"kc-elm kc-css-702259 kc_row\"><div class=\"kc-row-container  kc-container\"><div class=\"kc-wrap-columns\"><div class=\"kc-elm kc-css-908699 kc_col-sm-12 kc_column kc_col-sm-12\"><div class=\"kc-col-container\">\n<div class=\"kc-elm kc-css-566641 kc-title-wrap \">\n\n\t<h2 class=\"kc_title\">DIMANCHE 10 D\u00c9CEMBRE \/ 14H \u00c0 16H \/ C\u00c9SURE<\/h2>\n<\/div>\n<\/div><\/div><\/div><\/div><\/section><section class=\"kc-elm kc-css-803292 kc_row\"><div class=\"kc-row-container  kc-container\"><div class=\"kc-wrap-columns\"><div class=\"kc-elm kc-css-420387 kc_col-sm-12 kc_column kc_col-sm-12\"><div class=\"kc-col-container\"><div class=\"kc-elm kc-css-312514\" style=\"height: 20px; clear: both; width:100%;\"><\/div><\/div><\/div><\/div><\/div><\/section><section class=\"kc-elm kc-css-561944 kc_row\"><div class=\"kc-row-container  kc-container\"><div class=\"kc-wrap-columns\"><div class=\"kc-elm kc-css-463227 kc_col-sm-12 kc_column kc_col-sm-12\"><div class=\"kc-col-container\"><div class=\"kc-elm kc-css-854683 kc_text_block\"><\/p>\n<p>Le Collectif Archives LGBTQI+ organise, dans ses locaux, un atelier d&#039;archives orales autour des th\u00e8mes VIH-sida et dialogue interg\u00e9n\u00e9rationnel. Atelier en pr\u00e9sence de David Weissman et \u00e0 partir de son travail documentaire <em>Conversations with Gay Elders<\/em> (2016), disponible gratuitement sur <a href=\"https:\/\/davidweissmanfilms.com\/conversations-with-gay-elders\" target=\"_blank\" rel=\"noopener\">https:\/\/davidweissmanfilms.com\/conversations-with-gay-elders<\/a>.<\/p>\n<p>\n<\/div><\/div><\/div><\/div><\/div><\/section><section class=\"kc-elm kc-css-868287 kc_row\"><div class=\"kc-row-container  kc-container\"><div class=\"kc-wrap-columns\"><div class=\"kc-elm kc-css-519737 kc_col-sm-12 kc_column kc_col-sm-12\"><div class=\"kc-col-container\"><div class=\"kc-elm kc-css-198353\" style=\"height: 40px; clear: both; width:100%;\"><\/div><\/div><\/div><\/div><\/div><\/section><section class=\"kc-elm kc-css-733631 kc_row\"><div class=\"kc-row-container  kc-container\"><div class=\"kc-wrap-columns\"><div class=\"kc-elm kc-css-853816 kc_col-sm-6 kc_column kc_col-sm-6\"><div class=\"kc-col-container\"><div class=\"kc-elm kc-css-456960 kc_shortcode kc_single_image\">\n\n        <a  href=\"https:\/\/cesure.paris\" title=\"\" target=\"_self\">\n        <img decoding=\"async\" src=\"https:\/\/cheries-cheris.com\/festival\/wp-content\/uploads\/2023\/11\/CESURE_LOGO.jpg\" class=\"\" alt=\"\" \/>    <\/a>\n    <\/div>\n<\/div><\/div><div class=\"kc-elm kc-css-729614 kc_col-sm-6 kc_column kc_col-sm-6\"><div class=\"kc-col-container\"><div class=\"kc-elm kc-css-451901 kc_text_block\"><\/p>\n<p><strong>C\u00e9sure <\/strong>salle 520 \u00e0 partir de 14h<strong><br \/><\/strong><\/p>\n<p>13 rue Santeuil<br \/>75005 Paris<\/p>\n<p>\n<\/div><\/div><\/div><\/div><\/div><\/section><section class=\"kc-elm kc-css-909302 kc_row\"><div class=\"kc-row-container  kc-container\"><div class=\"kc-wrap-columns\"><div class=\"kc-elm kc-css-186310 kc_col-sm-12 kc_column kc_col-sm-12\"><div class=\"kc-col-container\"><div class=\"kc-elm kc-css-611035\" style=\"height: 40px; clear: both; width:100%;\"><\/div><\/div><\/div><\/div><\/div><\/section><section class=\"kc-elm kc-css-870958 kc_row\"><div class=\"kc-row-container  kc-container\"><div class=\"kc-wrap-columns\"><div class=\"kc-elm kc-css-829959 kc_col-sm-12 kc_column kc_col-sm-12\"><div class=\"kc-col-container\">\n<div class=\"kc-elm kc-css-290556 kc-title-wrap \">\n\n\t<h5 class=\"kc_title\"><a href=\"https:\/\/cheries-cheris.com\/festival\/29eme-festival-du-film-lgbtqi-de-paris-du-18-au-28-novembre-2023\/cheries-cheris-hors-les-murs\/rencontres-avec-le-realisateur-americain-david-weissman-1\/\" class=\"kc_title_link\" title=\"RENCONTRES AVEC LE R\u00c9ALISATEUR AM\u00c9RICAIN DAVID WEISSMAN \u2013 1\" target=\"_blank\">VOIR > LUNDI 4 D\u00c9CEMBRE \/ 20H30 \/ LE BRADY<\/a><\/h5>\n<\/div>\n<\/div><\/div><\/div><\/div><\/section><section class=\"kc-elm kc-css-215548 kc_row\"><div class=\"kc-row-container  kc-container\"><div class=\"kc-wrap-columns\"><div class=\"kc-elm kc-css-401653 kc_col-sm-12 kc_column kc_col-sm-12\"><div class=\"kc-col-container\">\n<div class=\"kc-elm kc-css-853265 kc-title-wrap \">\n\n\t<h5 class=\"kc_title\"><a href=\"https:\/\/cheries-cheris.com\/festival\/29eme-festival-du-film-lgbtqi-de-paris-du-18-au-28-novembre-2023\/cheries-cheris-hors-les-murs\/rencontres-avec-le-realisateur-americain-david-weissman-2\/\" class=\"kc_title_link\" title=\"RENCONTRES AVEC LE R\u00c9ALISATEUR AM\u00c9RICAIN DAVID WEISSMAN \u2013 2\" target=\"_blank\">VOIR > MERCREDI 6 D\u00c9CEMBRE \/ 20H00 \/ LE TANGO<\/a><\/h5>\n<\/div>\n<\/div><\/div><\/div><\/div><\/section><\/p>\n","protected":false},"excerpt":{"rendered":"","protected":false},"author":10,"featured_media":0,"parent":5044,"menu_order":0,"comment_status":"closed","ping_status":"closed","template":"","meta":{"footnotes":""},"cc_edition":[84],"class_list":["post-5218","page","type-page","status-publish","hentry","cc_edition-84"],"_links":{"self":[{"href":"https:\/\/cheries-cheris.com\/festival\/wp-json\/wp\/v2\/pages\/5218","targetHints":{"allow":["GET"]}}],"collection":[{"href":"https:\/\/cheries-cheris.com\/festival\/wp-json\/wp\/v2\/pages"}],"about":[{"href":"https:\/\/cheries-cheris.com\/festival\/wp-json\/wp\/v2\/types\/page"}],"author":[{"embeddable":true,"href":"https:\/\/cheries-cheris.com\/festival\/wp-json\/wp\/v2\/users\/10"}],"replies":[{"embeddable":true,"href":"https:\/\/cheries-cheris.com\/festival\/wp-json\/wp\/v2\/comments?post=5218"}],"version-history":[{"count":6,"href":"https:\/\/cheries-cheris.com\/festival\/wp-json\/wp\/v2\/pages\/5218\/revisions"}],"predecessor-version":[{"id":5440,"href":"https:\/\/cheries-cheris.com\/festival\/wp-json\/wp\/v2\/pages\/5218\/revisions\/5440"}],"up":[{"embeddable":true,"href":"https:\/\/cheries-cheris.com\/festival\/wp-json\/wp\/v2\/pages\/5044"}],"wp:attachment":[{"href":"https:\/\/cheries-cheris.com\/festival\/wp-json\/wp\/v2\/media?parent=5218"}],"wp:term":[{"taxonomy":"cc_edition","embeddable":true,"href":"https:\/\/cheries-cheris.com\/festival\/wp-json\/wp\/v2\/cc_edition?post=5218"}],"curies":[{"name":"wp","href":"https:\/\/api.w.org\/{rel}","templated":true}]}}