{"id":4762,"date":"2023-10-30T17:03:10","date_gmt":"2023-10-30T16:03:10","guid":{"rendered":"https:\/\/cheries-cheris.com\/festival\/?page_id=4762"},"modified":"2023-10-30T17:03:10","modified_gmt":"2023-10-30T16:03:10","slug":"remerciements","status":"publish","type":"page","link":"https:\/\/cheries-cheris.com\/festival\/29eme-festival-du-film-lgbtqi-de-paris-du-18-au-28-novembre-2023\/remerciements\/","title":{"rendered":"Remerciements"},"content":{"rendered":"<h2>REMERCIEMENTS<\/h2>\n<p>Val\u00e9rie P\u00e9cresse &#8211; Pr\u00e9sidente du Conseil r\u00e9gional d\u2019\u00cele-de-France; Florence Portelli &#8211; Vice-Pr\u00e9sidente en charge de la culture, du patrimoine et de la cr\u00e9ation, Alix Bougeret &#8211; Pr\u00e9sidente de la commission Culture de la R\u00e9gion, Fran\u00e7ois Demas &#8211; Conseiller technique culture aupr\u00e8s de la Pr\u00e9sidente, Olivier Bruand &#8211; Charg\u00e9 de mission cin\u00e9ma et toute l\u2019\u00e9quipe du Conseil r\u00e9gional d\u2019\u00cele-de-France \u2022 Anne Hidalgo &#8211; Maire de Paris; Carine Rolland &#8211; Adjointe \u00e0 la Culture et \u00e0 la Ville du quart d\u2019heure, Mathilde Andrieux &#8211; Conseill\u00e8re Cin\u00e9ma aupr\u00e8s de Carine Rolland, Michel Gomez et l\u2019\u00e9quipe de la mission Cin\u00e9ma de la Mairie de Paris \u2022 Direction r\u00e9gionale des Affaires culturelles d\u2019\u00cele-de-France: Laurent Roturier (Directeur), Emeric de Lastens, Catherine Ernatus (administration), Sothean Nhieim (communication) \u2022 Antoine Sire, Caroline Courtin, Estelle Couty, Catherine Michaud, S\u00e9bastien Legouez, Pascal Montgaillard, J\u00e9r\u00e9my Daumart, BNP Paribas et BNP Paribas Pride France \u2022 Nathana\u00ebl Karmitz, Bertrand Roger, Caroline Leseur, St\u00e9phanie Laroque, Valentin Geffroy et les \u00e9quipes de MK2 \u2022 Florent Ingicco, Samuel Boulitreau, Philippe Emard, Manon Pechberty, S\u00e9verine Dos Santos, Guillaume Ingicco, Vincent D\u00e9sormeaux, Levent Doganay et les agents d\u2019accueil et projectionnistes des cin\u00e9mas MK2 Beaubourg, Quai de Seine et Biblioth\u00e8que \u2022 Vincent Perez, Fran\u00e7ois Michot, Ugo Dauba, Searchlight Pictures et The Walt Disney Company France \u2022 Thierry Laurentin, Aur\u00e9lien Dauge, Eva Duriez et Gaumont distribution \u2022 Nicolas Charret, Marine Berthonneau et UGC Distribution \u2022 Etienne Reynard, Nathalie Louis et Sony Pictures \u2022 Sarah Chazelle, Etienne Ollagnier, Eglantine Stasiecki, Johanna Mayer et Jour2f\u00eate \u2022 Sam Leter, S\u00e9bastien Fournier, Patricia Perez et MUBI \u2022 Jean-Pierre Gardelli, Laurence Moulin, C\u00e9cile Tignon et Bodega \u2022 Florent Bugeau et Rezo Films \u2022 St\u00e9phane Auclaire, Coline Crance-Philouze, Chlo\u00e9 Baysse et UFO \u2022 Thibaut Foug\u00e8res, Diego Carazo et Outplay Films \u2022 Steve Trameau, Cyril Rota et Optimale \u2022 Isabelle Dubar, Esther Cu\u00e9not et Dean Medias \u2022 Daniel Chabannes, Corentin S\u00e9n\u00e9chal, Andy Rajarison et Epicentre Films \u2022 Alexandre Adam, Rose Mariaud et Les Valseurs \u2022 Mika\u00ebl MullerKnisy, Guillaume de Castro et The Jokers \u2022Arnaud Kerneguez, Yann Vidal et Kapfilms \u2022 Hugues Peysson, Emmanuel Rossi, Antoine Davy, Charline Touzeau et l\u2019Atelier Distribution \u2022 Thomas Ordonneau, L\u00e9o Gilles, K\u00e9vin Monteiro et Shellac \u2022 David Hurst, Laura Mazo-Arboleda et Dublin Films \u2022 Dounia Taha, en charge des prix et festivals \u00e0 France T\u00e9l\u00e9visions \u2022 Alban Senault, Lizzie Treu, Lucie Combes, Isa Hafid, Joseph Pelletier et C\u00e9sure \u2022 Les \u00e9quipes de Plateau Urbain et de la cantine Yes We Camp \u2022 Herv\u00e9 Latapie et Le Tango \u2022 Laurent Callonnec et L\u2019Ecran Saint-Denis \u2022 Lucile Regourd et Violette&amp;Co \u2022 Christophe Vix-Gras, Zouzou et l\u2019\u00e9quipe des Rosa Bonheur \u2022 Laeticia Zerbib, Gr\u00e9gory Pinon et Le Cirque \u2022 Jason Hentiger, Chris Rey et le Workshow \u2022 Herv\u00e9 L\u00e9gerot et le Mange-disque \u2022 Didier Tell, Christophe Martet et le site Komitid \u2022 Nicolas Maille et le site Jock.life \u2022 Ya\u00ebl Hirsch, Am\u00e9lie Blaustein Niddam et cult.news \u2022 Mariana Agier, L\u00e9on Cattan et Sorocin\u00e9 \u2022 Jean-Marc Lalanne, Kristel Cascailh et Les Inrocks\u2022 Antoine Baduel, Pierre Boiteux et Radio FG \u2022 Ana\u00efs Carayon, Antoine Robinault, Marion Girard et Brain Magazine \u2022 Thierry Calmont, Patrick Courty et le magazine Tribu Move \u2022 Christophe Soret , Aldric Warnet et Qweek \u2022 Marion Webb, St\u00e9phanie Delon et Jeanne magazine \u2022 Gaspard Granaud et le site Pop and films \u2022 Servane Fournier, Ilyass Malki, Sam Leter et Mubi \u2022 Denis Rostein, Lucie Canistro et Universcin\u00e9 \u2022 Mohamed Sifaoui, Anna\u00ebve Sa\u00efag et T\u00ebnk \u2022 Christophe Chauville, Florette Grimault et Bref cin\u00e9ma \u2022 Julien Vin-Ramarony, Ga\u00eblle Rousseau et Queer Screen \u2022 Thibaut Foug\u00e8res, Diego Carazo-Migerel et Outplay VOD \u2022 Anne Delabre, Anne Cr\u00e9mieux, Delphine Georgel et le 7e Genre \u2022 Sam Boursier, Julien Munschy et le Collectif Archives LGBTQI+ \u2022 Patrick Facchinetti, Olivier Demay et toute l\u2019\u00e9quipe de L\u2019archipel des lucioles \u2022 Marame Kane et le Centre LGBT Paris \u2022 Elisa Koubi, Mathias Neviere et l\u2019Inter-LGBT \u2022 Nicolas Gilles et ANHK , les r\u00e9alisatrices Brita Landoff et Ghyzl\u00e8ne Bouka\u00efla et les artistes: Malaise Vagale, Taziri et Victor Lemaure \u2022 Jacques Paulus et le festival Pink Screens de Bruxelles \u2022 Sylvie Cachin, Karine B\u00e9nard et le festival Everybody\u2019s perfect de Gen\u00e8ve \u2022 Sophie Mirouze et le Festival de La Rochelle \u2022 Esther du Cin\u00e9marges de Bordeaux \u2022 Sabine Gros La Faige, Marie-Christine Robin, Marie-Christine Sarrazin et le festival Cineffable de Paris \u2022 Brigitte Zerbib, S\u00e9bastien Clavier, Sophie Lannier, Jacques Lef\u00f4restier et Zefestival de Nice \u2022 Mickael Achard et le Festival D\u00e9sir\u2026 D\u00e9sirs de Tours \u2022 Beno\u00eet Arnulf, Esther et la F\u00e9d\u00e9ration Fran\u00e7aise des Festivals de Films LGBTQIA+ \u2022 Un grand merci \u00e0 Jean-Jacques Jauffret, Christophe Martet, David Weissman, G\u00e9rard Koskovich, Yael Bitton et Giovanna Rincon \u2022 Merci \u00e0 tou(te)s les r\u00e9alisatrices-teurs, productrices-teurs, distributrices-teurs qui nous ont confi\u00e9 les films de cette 29e \u00e9dition \u2022<\/p>\n<p>&nbsp;<\/p>\n<h2>RAINBOW SUBMARINE<\/h2>\n<ul>\n<li>Co-Pre\u0301sidents: Laurent Bocahut &amp; Olivia Chaumont<\/li>\n<li>Tre\u0301sorier: Laurent Bocahut<\/li>\n<li>Secre\u0301taire: Fabien Mcrae<\/li>\n<li>C.A: Laurent Bocahut, Olivia Chaumont, Herve\u0301 Joseph Lebrun, Cyril Rota et Fabien Mcrae<\/li>\n<\/ul>\n<p>&nbsp;<\/p>\n<h2>29e CHERIES-CHERIS<\/h2>\n<ul>\n<li>Directeur artistique: Gr\u00e9gory Tilhac<\/li>\n<li>Attach\u00e9e de presse: Molka Mh\u00e9ni<\/li>\n<li>Partenariats \/ publicit\u00e9s: Laurent Bocahut<\/li>\n<li>Animation s\u00e9ances patrimoine: Anne Delabre (Le 7e genre)<\/li>\n<li>Sous-titrages: Laure Valentin, V\u00e9ronique Boutron<\/li>\n<li>Encodage DCP: Michael L\u00e9ger (La Vague Productions)<\/li>\n<li>Graphiste et affichiste: Christophe Cador<\/li>\n<li>Conception graphique de la brochure: Christophe Le Drean<\/li>\n<li>Bande-annonce et vid\u00e9os promotionnelles: Charlotte Boisson &amp; Philippe Girardet (Lucky Time)<\/li>\n<li>Site internet: Jean-Beno\u00eet Richard (Connection)<\/li>\n<li>R\u00e9gie technique: Thibaut Cora<\/li>\n<li>Accueil \/\u00e9v\u00e8nementiel: Patrice Peyron, Aylau Tik et Elio Srour<\/li>\n<li>Stagiaires: F\u00e9lix Masson et Atim Mackin<\/li>\n<li>Photographe: Aylau Tik<\/li>\n<\/ul>\n","protected":false},"excerpt":{"rendered":"<p>REMERCIEMENTS Val\u00e9rie P\u00e9cresse &#8211; Pr\u00e9sidente du Conseil r\u00e9gional d\u2019\u00cele-de-France; Florence Portelli &#8211; Vice-Pr\u00e9sidente en charge de la culture, du patrimoine et de la cr\u00e9ation, Alix Bougeret &#8211; Pr\u00e9sidente de la commission Culture de la R\u00e9gion, Fran\u00e7ois Demas &#8211; Conseiller technique culture aupr\u00e8s de la Pr\u00e9sidente, Olivier Bruand &#8211; Charg\u00e9 de mission cin\u00e9ma et toute l\u2019\u00e9quipe [&hellip;]<\/p>\n","protected":false},"author":9,"featured_media":0,"parent":4524,"menu_order":0,"comment_status":"closed","ping_status":"closed","template":"","meta":{"footnotes":""},"cc_edition":[],"class_list":["post-4762","page","type-page","status-publish","hentry"],"_links":{"self":[{"href":"https:\/\/cheries-cheris.com\/festival\/wp-json\/wp\/v2\/pages\/4762","targetHints":{"allow":["GET"]}}],"collection":[{"href":"https:\/\/cheries-cheris.com\/festival\/wp-json\/wp\/v2\/pages"}],"about":[{"href":"https:\/\/cheries-cheris.com\/festival\/wp-json\/wp\/v2\/types\/page"}],"author":[{"embeddable":true,"href":"https:\/\/cheries-cheris.com\/festival\/wp-json\/wp\/v2\/users\/9"}],"replies":[{"embeddable":true,"href":"https:\/\/cheries-cheris.com\/festival\/wp-json\/wp\/v2\/comments?post=4762"}],"version-history":[{"count":3,"href":"https:\/\/cheries-cheris.com\/festival\/wp-json\/wp\/v2\/pages\/4762\/revisions"}],"predecessor-version":[{"id":4765,"href":"https:\/\/cheries-cheris.com\/festival\/wp-json\/wp\/v2\/pages\/4762\/revisions\/4765"}],"up":[{"embeddable":true,"href":"https:\/\/cheries-cheris.com\/festival\/wp-json\/wp\/v2\/pages\/4524"}],"wp:attachment":[{"href":"https:\/\/cheries-cheris.com\/festival\/wp-json\/wp\/v2\/media?parent=4762"}],"wp:term":[{"taxonomy":"cc_edition","embeddable":true,"href":"https:\/\/cheries-cheris.com\/festival\/wp-json\/wp\/v2\/cc_edition?post=4762"}],"curies":[{"name":"wp","href":"https:\/\/api.w.org\/{rel}","templated":true}]}}