{"id":4705,"date":"2023-10-27T17:08:16","date_gmt":"2023-10-27T15:08:16","guid":{"rendered":"https:\/\/cheries-cheris.com\/festival\/?page_id=4705"},"modified":"2023-11-29T13:36:15","modified_gmt":"2023-11-29T12:36:15","slug":"le-prix-libertes-cheries","status":"publish","type":"page","link":"https:\/\/cheries-cheris.com\/festival\/29eme-festival-du-film-lgbtqi-de-paris-du-18-au-28-novembre-2023\/edito-et-jurys\/le-prix-libertes-cheries\/","title":{"rendered":"Le prix \u00ab Libert\u00e9s Ch\u00e9ries \u00bb"},"content":{"rendered":"<p><section class=\"kc-elm kc-css-273797 kc_row\"><div class=\"kc-row-container  kc-container\"><div class=\"kc-wrap-columns\"><div class=\"kc-elm kc-css-149595 kc_col-sm-8 kc_column kc_col-sm-8\"><div class=\"kc-col-container\"><div class=\"kc-elm kc-css-374244 kc_text_block\"><\/p>\n<p>Dans de nombreux pays les personnes LGBTQI+ sont mal accept\u00e9es : l&#039;homosexualit\u00e9 et la transidentit\u00e9 y sont rejet\u00e9es par la soci\u00e9t\u00e9, interdites et p\u00e9nalis\u00e9es par des lois, condamn\u00e9es parfois jusqu\u2019\u00e0 la peine de mort. Dans d&#039;autres pays, leurs droits progressent et un foss\u00e9 se creuse entre nos deux mondes.<\/p>\n<p>Afin d\u2019aller \u00e0 la rencontre des r\u00e9alit\u00e9s v\u00e9cues par les citoyen.ne.s LGBTQI+ de ces pays o\u00f9 les libert\u00e9s sont restreintes, afin aussi d\u2019encourager la production et la diffusion de films qui permettent de mieux appr\u00e9hender ce que l\u2019on vit et ce dont on r\u00eave dans de tels contextes, un prix \u00ab Libert\u00e9s Ch\u00e9ries \u00bb sera d\u00e9cern\u00e9 pour la seconde ann\u00e9e cons\u00e9cutive \u00e0 l&#039;un des films en s\u00e9lection.<em><br \/><\/em><\/p>\n<p>\n<\/div><\/div><\/div><div class=\"kc-elm kc-css-873040 kc_col-sm-4 kc_column kc_col-sm-4\"><div class=\"kc-col-container\"><div class=\"kc-elm kc-css-751482 kc_shortcode kc_single_image\">\n\n        <img decoding=\"async\" src=\"https:\/\/cheries-cheris.com\/festival\/wp-content\/uploads\/2022\/11\/logo-libertes_cheries-bleu.png\" class=\"\" alt=\"\" \/>    <\/div>\n<\/div><\/div><\/div><\/div><\/section><section class=\"kc-elm kc-css-794436 kc_row\"><div class=\"kc-row-container  kc-container\"><div class=\"kc-wrap-columns\"><div class=\"kc-elm kc-css-881873 kc_col-sm-12 kc_column kc_col-sm-12\"><div class=\"kc-col-container\"><div class=\"kc-elm kc-css-682425 kc_text_block\"><\/p>\n<h2>Films en comp\u00e9tition<\/h2>\n<h3>Documentaires :<\/h3>\n<ul>\n<li><a href=\"https:\/\/cheries-cheris.com\/festival\/films\/anhell69\/\">ANHELL69<\/a> de Theo Montoya (Colombie, Roumanie, France, Allemagne)<\/li>\n<li><a href=\"https:\/\/cheries-cheris.com\/festival\/films\/fleur-dasphalte-germino-petalas-no-asfalto\/\">FLEUR D&rsquo;ASPHALTE<\/a> de Cora Ruiz &amp; Julio Matos (Br\u00e9sil)<\/li>\n<li><a href=\"https:\/\/cheries-cheris.com\/festival\/films\/queendom-agniia-galdanova\/\">QUEENDOM<\/a> de Agniia Galdanova (Liban, Etats-Unis)<\/li>\n<li><a href=\"https:\/\/cheries-cheris.com\/festival\/films\/sirens\/\">SIRENS<\/a> de Rita Baghdadi (Liban, Etats-Unis)<\/li>\n<li><a href=\"https:\/\/cheries-cheris.com\/festival\/films\/transfariana\/\">TRANSFARIANA<\/a> de Joris Lachaise (Colombie, France)<\/li>\n<\/ul>\n<h3>Fictions :<\/h3>\n<ul>\n<li><a href=\"https:\/\/cheries-cheris.com\/festival\/films\/all-the-colours-of-the-world-are-between-black-and-white\/\">ALL THE COLORS OF THE WORLD ARE BETWEEN BLACK AND WHITE<\/a> de Babatunde Apalowo (Nig\u00e9ria)<\/li>\n<li><a href=\"https:\/\/cheries-cheris.com\/festival\/films\/almamula\/\">ALMAMULA<\/a> de Juan Sebastian Torales (Argentine, France, Italie)<\/li>\n<li><a href=\"https:\/\/cheries-cheris.com\/festival\/films\/blue-summer-xiao-bai-chuan\/\">BLUE SUMMER<\/a> de Zihan Geng (Chine)<\/li>\n<li><a href=\"https:\/\/cheries-cheris.com\/festival\/films\/wet-sand\/\">WET SAND<\/a> de Elena Navariani (G\u00e9orgie, Suisse)<\/li>\n<\/ul>\n<p>\n<\/div><\/div><\/div><\/div><\/div><\/section><\/p>\n","protected":false},"excerpt":{"rendered":"","protected":false},"author":9,"featured_media":4060,"parent":4610,"menu_order":0,"comment_status":"closed","ping_status":"closed","template":"","meta":{"footnotes":""},"cc_edition":[],"class_list":["post-4705","page","type-page","status-publish","has-post-thumbnail","hentry"],"_links":{"self":[{"href":"https:\/\/cheries-cheris.com\/festival\/wp-json\/wp\/v2\/pages\/4705","targetHints":{"allow":["GET"]}}],"collection":[{"href":"https:\/\/cheries-cheris.com\/festival\/wp-json\/wp\/v2\/pages"}],"about":[{"href":"https:\/\/cheries-cheris.com\/festival\/wp-json\/wp\/v2\/types\/page"}],"author":[{"embeddable":true,"href":"https:\/\/cheries-cheris.com\/festival\/wp-json\/wp\/v2\/users\/9"}],"replies":[{"embeddable":true,"href":"https:\/\/cheries-cheris.com\/festival\/wp-json\/wp\/v2\/comments?post=4705"}],"version-history":[{"count":5,"href":"https:\/\/cheries-cheris.com\/festival\/wp-json\/wp\/v2\/pages\/4705\/revisions"}],"predecessor-version":[{"id":5469,"href":"https:\/\/cheries-cheris.com\/festival\/wp-json\/wp\/v2\/pages\/4705\/revisions\/5469"}],"up":[{"embeddable":true,"href":"https:\/\/cheries-cheris.com\/festival\/wp-json\/wp\/v2\/pages\/4610"}],"wp:featuredmedia":[{"embeddable":true,"href":"https:\/\/cheries-cheris.com\/festival\/wp-json\/wp\/v2\/media\/4060"}],"wp:attachment":[{"href":"https:\/\/cheries-cheris.com\/festival\/wp-json\/wp\/v2\/media?parent=4705"}],"wp:term":[{"taxonomy":"cc_edition","embeddable":true,"href":"https:\/\/cheries-cheris.com\/festival\/wp-json\/wp\/v2\/cc_edition?post=4705"}],"curies":[{"name":"wp","href":"https:\/\/api.w.org\/{rel}","templated":true}]}}