{"id":4615,"date":"2023-10-26T16:39:32","date_gmt":"2023-10-26T14:39:32","guid":{"rendered":"https:\/\/cheries-cheris.com\/festival\/?page_id=4615"},"modified":"2023-10-26T16:39:32","modified_gmt":"2023-10-26T14:39:32","slug":"edito-de-gregory-tilhac-directeur-artistique-du-festival","status":"publish","type":"page","link":"https:\/\/cheries-cheris.com\/festival\/29eme-festival-du-film-lgbtqi-de-paris-du-18-au-28-novembre-2023\/edito-et-jurys\/edito-de-gregory-tilhac-directeur-artistique-du-festival\/","title":{"rendered":"\u00c9dito de Gr\u00e9gory Tilhac, Directeur artistique du festival"},"content":{"rendered":"<section class=\"kc-elm kc-css-479787 kc_row\"><div class=\"kc-row-container  kc-container\"><div class=\"kc-wrap-columns\"><div class=\"kc-elm kc-css-793071 kc_col-sm-4 kc_column kc_col-sm-4\"><div class=\"kc-col-container\"><div class=\"kc-elm kc-css-279611 kc_shortcode kc_single_image\">\n\n        <img decoding=\"async\" src=\"https:\/\/cheries-cheris.com\/festival\/wp-content\/uploads\/2023\/10\/gregory-tilhac.jpg\" class=\"\" alt=\"Gr\u00e9gory Tilhac, Directeur artistique du festival\" \/>    <\/div>\n<div class=\"kc-elm kc-css-446052 kc_text_block\"><\/p>\n<p><strong>Gr\u00e9gory Tilhac<\/strong><br \/><em>Directeur artistique du festival<\/em><\/p>\n<p>\n<\/div><\/div><\/div><div class=\"kc-elm kc-css-152095 kc_col-sm-8 kc_column kc_col-sm-8\"><div class=\"kc-col-container\"><div class=\"kc-elm kc-css-564862 kc_text_block\"><\/p>\n<p>73 longs-m\u00e9trages, 64 courts-m\u00e9trages\u00a0: voici le tr\u00e8s copieux programme de cette 29\u00e8me \u00e9dition de <em>Ch\u00e9ries-Ch\u00e9ris<\/em>. Une nouvelle fois, les artistes s\u00e9lectionn\u00e9.e.s explorent avec talent et ambition tout le spectre des \u00e9motions et des combats qui nous animent. En effet, le cin\u00e9ma amplifie l&#039;\u00e9cho des rumeurs du monde et interroge, par l&#039;imaginaire, le r\u00e9alisme ou l&#039;inventivit\u00e9 formelle, les probl\u00e9matiques li\u00e9es aux genres, aux identit\u00e9s, aux rapports entre les individus, aux interdits et \u00e0 la sexualit\u00e9 qui traversent nos soci\u00e9t\u00e9s contemporaines.<\/p>\n<p>Festival parisien et profond\u00e9ment universel, <em>Ch\u00e9ries-Ch\u00e9ris<\/em> se veut le carrefour de la cr\u00e9ation cin\u00e9matographique LGBTQI+ du monde entier, comme en t\u00e9moigne le nombre record de nationalit\u00e9s repr\u00e9sent\u00e9es cette ann\u00e9e\u00a0(plus de 40\u00a0!)\u00a0: du Br\u00e9sil \u00e0 la Nouvelle-Z\u00e9lande, en passant par la Chine, l\u2019Iran, l\u2019Inde, la Colombie, la Cor\u00e9e du Sud, le Nig\u00e9ria, le Kosovo, la Lettonie, la Bulgarie, la G\u00e9orgie, le Liban ou encore l\u2019\u00c9gypte.<\/p>\n<p>Humour d\u00e9glingu\u00e9, r\u00eaves \u00e9rotiques, discours politiques radicaux, porno vintage, romances piment\u00e9es ou exp\u00e9rimentation\u00a0semi-th\u00e9\u00e2trale, tout le champ des possibles vous sera propos\u00e9. Cette ann\u00e9e, plus que jamais, les cin\u00e9astes font tomber les conventions, explorent nos fantasmes et clament haut et fort leur droit \u00e0 la cr\u00e9ativit\u00e9, \u00e0 l\u2019impertinence et \u00e0 la folie. Intersectionnalit\u00e9, convergence des luttes, affirmation de ses propres d\u00e9sirs\u2026 les \u0153uvres pr\u00e9sent\u00e9es nous invitent \u00e0 sortir d\u00e9finitivement des stigmatisations cis-h\u00e9t\u00e9ronormatives\u00a0!<\/p>\n<p>Depuis le New Queer\u00a0Cinema du d\u00e9but des ann\u00e9es 90, beaucoup de films LGBTQ+ ont vu le jour et les queer\u00a0studies ont fait \u00e9voluer le genre, non seulement sur les th\u00e9matiques mais, surtout r\u00e9cemment, sur les formes. On parle de plus en plus souvent d&#039;ailleurs de \u00ab\u00a0trans\u00a0film\u00a0\u00bb quand la forme m\u00eame de l\u2019\u0153uvre s&#039;empare des genres cin\u00e9matographiques pour en jouer et s&#039;affranchir des cases. En r\u00e9sulte une euphorie cin\u00e9phile dont <em>Ch\u00e9ries-Ch\u00e9ris<\/em> ne cesse de se faire l&#039;\u00e9cho.<\/p>\n<p>Cette ann\u00e9e, on pense bien s\u00fbr au <em>Orlando <\/em>de Paul B. Preciado qui, en la mati\u00e8re, pourrait bien marquer un tournant symbolique.\u00a0\u00c0 travers un voyage po\u00e9tique, une travers\u00e9e politique, ce film galvanisant brosse le portrait d\u2019un monde en mutation.\u00a0On pense aussi \u00e0 <em>Framing<\/em><em>\u00a0<\/em><em>Agnes<\/em>, qui d\u00e9tourne g\u00e9nialement le format du talk-show pour mieux se r\u00e9approprier la m\u00e9moire trans par la communaut\u00e9, ou encore \u00e0 <em>Anhell69<\/em>, documentaire n\u00e9o-noir hybride qui franchit les normes de genre pour un manifeste politique et onirique bouleversant. Sans oublier l\u2019\u00e9lectrisant\u00a0<em>Conann<\/em>\u00a0de Bertrand Mandico qui livre une relecture queer, camp et f\u00e9minine du c\u00e9l\u00e8bre personnage d\u2019heroic fantasy, ici incarn\u00e9 par 6 actrices diff\u00e9rentes. L\u2019appropriation des genres cin\u00e9matographiques les plus divers est tout aussi perceptible dans les courts-m\u00e9trages pr\u00e9sent\u00e9s\u00a0: western lesbo-queer, SF non binaire, <em>queer<\/em><em>\u00a0<\/em><em>revenge<\/em><em> story<\/em>, film de zombies romantique, <em>giallo<\/em><em>\u00a0<\/em>lynchien\u00a0ou encore <em>slasher<\/em><em>\u00a0<\/em>movie porno\u00a0!<\/p>\n<p>\u00c0 ce titre, <em>Sans jamais nous conna\u00eetre<\/em>, notre superbe film d\u2019ouverture, n\u2019\u00e9chappe pas \u00e0 cette tendance enthousiasmante. 12 ans apr\u00e8s son cultissime\u00a0<em>Week-end<\/em>, Andrew Haigh revient avec\u00a0une \u0153uvre \u00e0 la crois\u00e9e des genres, entre thriller psychologique, film de fant\u00f4mes et romance torride. Une entr\u00e9e en mati\u00e8re id\u00e9ale pour un cru 2023 plus que jamais orient\u00e9 vers l\u2019audace artistique !<\/p>\n<p>\n<\/div><\/div><\/div><\/div><\/div><\/section>\n","protected":false},"excerpt":{"rendered":"","protected":false},"author":9,"featured_media":4629,"parent":4610,"menu_order":0,"comment_status":"closed","ping_status":"closed","template":"","meta":{"footnotes":""},"cc_edition":[],"class_list":["post-4615","page","type-page","status-publish","has-post-thumbnail","hentry"],"_links":{"self":[{"href":"https:\/\/cheries-cheris.com\/festival\/wp-json\/wp\/v2\/pages\/4615","targetHints":{"allow":["GET"]}}],"collection":[{"href":"https:\/\/cheries-cheris.com\/festival\/wp-json\/wp\/v2\/pages"}],"about":[{"href":"https:\/\/cheries-cheris.com\/festival\/wp-json\/wp\/v2\/types\/page"}],"author":[{"embeddable":true,"href":"https:\/\/cheries-cheris.com\/festival\/wp-json\/wp\/v2\/users\/9"}],"replies":[{"embeddable":true,"href":"https:\/\/cheries-cheris.com\/festival\/wp-json\/wp\/v2\/comments?post=4615"}],"version-history":[{"count":5,"href":"https:\/\/cheries-cheris.com\/festival\/wp-json\/wp\/v2\/pages\/4615\/revisions"}],"predecessor-version":[{"id":4653,"href":"https:\/\/cheries-cheris.com\/festival\/wp-json\/wp\/v2\/pages\/4615\/revisions\/4653"}],"up":[{"embeddable":true,"href":"https:\/\/cheries-cheris.com\/festival\/wp-json\/wp\/v2\/pages\/4610"}],"wp:featuredmedia":[{"embeddable":true,"href":"https:\/\/cheries-cheris.com\/festival\/wp-json\/wp\/v2\/media\/4629"}],"wp:attachment":[{"href":"https:\/\/cheries-cheris.com\/festival\/wp-json\/wp\/v2\/media?parent=4615"}],"wp:term":[{"taxonomy":"cc_edition","embeddable":true,"href":"https:\/\/cheries-cheris.com\/festival\/wp-json\/wp\/v2\/cc_edition?post=4615"}],"curies":[{"name":"wp","href":"https:\/\/api.w.org\/{rel}","templated":true}]}}