{"id":4498,"date":"2023-10-04T15:48:44","date_gmt":"2023-10-04T13:48:44","guid":{"rendered":"https:\/\/cheries-cheris.com\/festival\/?page_id=4498"},"modified":"2023-11-06T13:25:56","modified_gmt":"2023-11-06T12:25:56","slug":"annonce-29e-festival-du-film-lgbtqi-plus-de-paris-du-18-au-28-novembre-2023","status":"publish","type":"page","link":"https:\/\/cheries-cheris.com\/festival\/annonce-29e-festival-du-film-lgbtqi-plus-de-paris-du-18-au-28-novembre-2023\/","title":{"rendered":"29e festival du film LGBTQI &#038;+++ de Paris, du 18 au 28 novembre 2023"},"content":{"rendered":"<section class=\"kc-elm kc-css-123875 kc_row\"><div class=\"kc-row-container  kc-container\"><div class=\"kc-wrap-columns\"><div class=\"kc-elm kc-css-119666 kc_col-sm-1 kc_column kc_col-sm-1\"><div class=\"kc-col-container\"><\/div><\/div><div class=\"kc-elm kc-css-396285 kc_col-sm-10 kc_column kc_col-sm-10\"><div class=\"kc-col-container\"><div class=\"kc-elm kc-css-871149 kc_text_block\"><\/p>\n<h1 style=\"text-align: center;\">Ch\u00e9ries-Ch\u00e9ris revient du 18 au 28 novembre<br \/>pour sa 29\u00e8me \u00e9dition et d\u00e9voile son affiche<\/h1>\n<p>\n<\/div><div class=\"kc-elm kc-css-562634 kc_shortcode kc_single_image\">\n\n        <a  href=\" https:\/\/cheries-cheris.com\/festival\/wp-content\/uploads\/2023\/10\/CheriesCheris-programme-2023-1.pdf\" title=\"\" target=\"_self\">\n        <img decoding=\"async\" src=\"https:\/\/cheries-cheris.com\/festival\/wp-content\/uploads\/2023\/10\/affiche-festival-cheries-cheris-2023.jpg\" class=\"\" alt=\"affiche du 29eme festival du film LGBTQI &amp; +++ de Paris\" \/>    <\/a>\n    <\/div>\n<div class=\"kc-elm kc-css-984615\" style=\"height: 20px; clear: both; width:100%;\"><\/div><div class=\"kc-elm kc-css-436895 kc_text_block\"><\/p>\n<p style=\"text-align: center;\">Pour d\u00e9couvrir la programmation compl\u00e8te de la 29\u00e8me \u00e9dition du festival Ch\u00e9ries-Ch\u00e9ris, cliquez sur l&#039;affiche afin de t\u00e9l\u00e9charger\u00a0 le programme en\u00a0 .pdf.<\/p>\n<p style=\"text-align: center;\">\n<p style=\"text-align: center;\">N&#039;h\u00e9sitez pas non plus \u00e0 vous abonner \u00e0 notre newsletter pour \u00eatre les premi\u00e8r.e.s inform\u00e9.e.s.<\/p>\n<p>\n<\/div><div class=\"kc-elm kc-css-553223 kc_row kc_row_inner\"><div class=\"kc-elm kc-css-802657 kc_col-sm-3 kc_column_inner kc_col-sm-3\"><div class=\"kc_wrapper kc-col-inner-container\"><\/div><\/div><div class=\"kc-elm kc-css-649765 kc_col-sm-6 kc_column_inner kc_col-sm-6\"><div class=\"kc_wrapper kc-col-inner-container\"><\/div><\/div><div class=\"kc-elm kc-css-514917 kc_col-sm-3 kc_column_inner kc_col-sm-3\"><div class=\"kc_wrapper kc-col-inner-container\"><\/div><\/div><\/div><\/div><\/div><div class=\"kc-elm kc-css-306795 kc_col-sm-1 kc_column kc_col-sm-1\"><div class=\"kc-col-container\"><\/div><\/div><\/div><\/div><\/section>\n","protected":false},"excerpt":{"rendered":"","protected":false},"author":9,"featured_media":4500,"parent":0,"menu_order":0,"comment_status":"closed","ping_status":"closed","template":"template-cc-home.php","meta":{"footnotes":""},"cc_edition":[],"class_list":["post-4498","page","type-page","status-publish","has-post-thumbnail","hentry"],"_links":{"self":[{"href":"https:\/\/cheries-cheris.com\/festival\/wp-json\/wp\/v2\/pages\/4498","targetHints":{"allow":["GET"]}}],"collection":[{"href":"https:\/\/cheries-cheris.com\/festival\/wp-json\/wp\/v2\/pages"}],"about":[{"href":"https:\/\/cheries-cheris.com\/festival\/wp-json\/wp\/v2\/types\/page"}],"author":[{"embeddable":true,"href":"https:\/\/cheries-cheris.com\/festival\/wp-json\/wp\/v2\/users\/9"}],"replies":[{"embeddable":true,"href":"https:\/\/cheries-cheris.com\/festival\/wp-json\/wp\/v2\/comments?post=4498"}],"version-history":[{"count":6,"href":"https:\/\/cheries-cheris.com\/festival\/wp-json\/wp\/v2\/pages\/4498\/revisions"}],"predecessor-version":[{"id":5343,"href":"https:\/\/cheries-cheris.com\/festival\/wp-json\/wp\/v2\/pages\/4498\/revisions\/5343"}],"wp:featuredmedia":[{"embeddable":true,"href":"https:\/\/cheries-cheris.com\/festival\/wp-json\/wp\/v2\/media\/4500"}],"wp:attachment":[{"href":"https:\/\/cheries-cheris.com\/festival\/wp-json\/wp\/v2\/media?parent=4498"}],"wp:term":[{"taxonomy":"cc_edition","embeddable":true,"href":"https:\/\/cheries-cheris.com\/festival\/wp-json\/wp\/v2\/cc_edition?post=4498"}],"curies":[{"name":"wp","href":"https:\/\/api.w.org\/{rel}","templated":true}]}}