{"id":4051,"date":"2022-11-04T15:54:11","date_gmt":"2022-11-04T14:54:11","guid":{"rendered":"https:\/\/cheries-cheris.com\/festival\/?page_id=4051"},"modified":"2022-11-04T23:15:18","modified_gmt":"2022-11-04T22:15:18","slug":"remerciements","status":"publish","type":"page","link":"https:\/\/cheries-cheris.com\/festival\/28eme-festival-du-film-lgbtq-de-paris-du-19-au-29-novembre-2022\/remerciements\/","title":{"rendered":"Remerciements"},"content":{"rendered":"<p>Val\u00e9rie P\u00e9cresse &#8211; Pr\u00e9sidente du Conseil r\u00e9gional d\u2019\u00cele-de-France\u00a0; Florence Portelli &#8211; Vice-Pr\u00e9sidente en charge de la culture, du patrimoine et de la cr\u00e9ation, Alix Bougeret\u00a0&#8211; Pr\u00e9sidente de la commission Culture de la R\u00e9gion, Fran\u00e7ois Demas &#8211; Conseiller technique culture aupr\u00e8s de la Pr\u00e9sidente, Olivier Bruand\u00a0&#8211; Charg\u00e9 de mission cin\u00e9ma et toute l\u2019\u00e9quipe du Conseil r\u00e9gional d\u2019\u00cele-de-France\u00a0\u25c6\u00a0Anne Hidalgo &#8211; Maire de Paris\u00a0; Carine Rolland &#8211; Adjointe \u00e0 la Culture et \u00e0 la Ville du quart d\u2019heure,\u00a0Alban Senault &#8211; conseiller Cin\u00e9ma aupr\u00e8s de Carine Rolland,\u00a0Michel Gomez et l\u2019\u00e9quipe de la mission Cin\u00e9ma de la Mairie de Paris\u00a0\u25c6\u00a0Direction r\u00e9gionale des Affaires culturelles d\u2019\u00cele-de-France : Laurent Roturier &#8211; Directeur, Tifenn\u00a0Martinot-Lagarde\u00a0&#8211; Cheffe du service de l\u2019\u00e9conomie culturelle,\u00a0Emeric de Lastens, Catherine Ernatus (administration), Sothean\u00a0Nhieim (communication)\u00a0\u25c6\u00a0DILCRAH\u00a0: Sophie Eliz\u00e9on\u00a0&#8211; D\u00e9l\u00e9gu\u00e9e interminist\u00e9rielle, Elise\u00a0Fajgeles \u2013 Secr\u00e9taire g\u00e9n\u00e9rale, Yohann Rosz\u00e9witch &#8211; Conseiller \u00ab\u00a0Lutte contre la haine et les discriminations anti-LGBT\u00a0\u00bb, J\u00e9r\u00f4me Mateos &#8211; Charg\u00e9 de mission\u00a0\u25c6\u00a0Robert Simon, Herv\u00e9 Caldo et Solidarit\u00e9 internationale LGBTQI\u00a0\u25c6\u00a0Nathana\u00ebl Karmitz, Bertrand Roger, Caroline Leseur\u00a0et les \u00e9quipes de MK2\u00a0\u25c6\u00a0\u00a0Julien Vanadia, Samuel Boulitreau, Philippe Emard,\u00a0Manon Pechberty,\u00a0S\u00e9verine Dos Santos, Florent Ingicco, Vincent D\u00e9sormeaux\u00a0et les agents d\u2019accueil et projectionnistes des cin\u00e9mas MK2 Beaubourg, Quai de Seine et Biblioth\u00e8que\u00a0\u25c6\u00a0Michael L\u00e9ger et La Vague Production\u00a0\u00a0\u25c6\u00a0Adrien Thollon, Charlotte Boisson et Lucky Time \u25c6\u00a0Nathalie Courtial, Alain Miguet et SIS-Association\u00a0\u25c6 Aur\u00e9lie Defretin et Sidaction \u25c6\u00a0Alexandre Mallet-Guy, Anthony Bobeau, Franck Sala\u00fcn\u00a0et Memento \u25c6\u00a0J\u00e9r\u00f4me Seydoux, Nathalie Cieutat, Claire Cortes et Path\u00e9\u00a0\u25c6\u00a0St\u00e9phane Auclaire, Coline\u00a0Crance-Philouze, Chlo\u00e9 Baysse et UFO\u00a0\u25c6\u00a0Thibaut Foug\u00e8res, Diego Carazo et Outplay\u00a0\u25c6\u00a0Steve Trameau, Cyril Rota et Optimale\u00a0\u25c6Vladimir Kokh, Gr\u00e9goire Marchal et KMBO\u00a0\u25c6 Jimmy Mart\u00edn et Capricci\u00a0\u25c6\u00a0Daniel Chabannes, Corentin S\u00e9n\u00e9chal et Epicentre Films\u00a0\u25c6 Alexis Mas, Lucie Commiot, Priscilla Pierron et Condor\u00a0\u25c6\u00a0Alexandra Henochsberg, Emm\u00e9lie Gr\u00e9e et Ad Vitam\u00a0\u25c6\u00a0Elisabeth\u00a0Perli\u00e9, Vincent Marti et New Story\u00a0\u25c6 Herv\u00e9 Millet, Xavier Barral-Baron et Destiny\u00a0\u25c6 Jane Roger, Romane Segui et JHR\u00a0\u25c6 Gr\u00e9gory Ouaniche, Gabrielle Gourmelen et Starinvest\u00a0\u25c6 D\u00e9borah Caron et La Traverse\u00a0\u25c6 Yohann Cornu, Brice Perisson et Damned\u00a0\u25c6 Jonathan Musset et Wayna Pitch\u00a0\u25c6 Fabien Gohier, Alice Rouillard et Karmafilms\u00a0\u25c6\u00a0Thomas Legal,\u00a0Vincent Maraval\u00a0et Wild Bunch\u00a0\u25c6\u00a0Anne Delabre, Anne Cr\u00e9mieux et Le 7e Genre\u00a0\u25c6\u00a0Layane\u00a0Chawaf, responsable du de\u0301partement\u00a0 du cine\u0301ma a\u0300 l\u2019Institut du monde arabe\u00a0\u25c6\u00a0Patrick Facchinetti, Olivier Demay, H\u00e9l\u00e8ne Philippi et l\u2019\u00e9quipe de L\u2019archipel des lucioles \/ Passeurs d\u2019Images\u00a0\u25c6\u00a0Marame Kane, Herv\u00e9 Latapie, Ir\u00e8ne Exiga et le Centre LGBT Paris\u00a0\u00a0\u25c6 Antoine Patinet, Hamid Hassani et T\u00eatu\u00a0\u25c6 Pierre Boiteux et Radio FG\u00a0\u25c6\u00a0Didier Tell,\u00a0Christophe Martet et le site Komitid\u00a0\u25c6\u00a0Nicolas Maille et le site Jock.life\u00a0\u00a0\u25c6\u00a0Cyrille Marie et Pink TV\u00a0\u25c6\u00a0Marion Webb, St\u00e9phanie Delon et Jeanne magazine\u00a0\u25c6\u00a0Gaspard Granaud et\u00a0le site Pop and films\u00a0\u25c6\u00a0Jacques Paulus et le festival Pink Screens de Bruxelles\u00a0\u25c6\u00a0Sylvie Cachin, Karine B\u00e9nard et le festival Everybody\u2019s\u00a0perfect de Gen\u00e8ve\u00a0\u25c6\u00a0Esther du Cin\u00e9marges de Bordeaux\u00a0\u25c6\u00a0Ad\u00e8le Goliot, Bia\u00a0Rodovalho et le festival Br\u00e9sil en Mouvements\u00a0 \u25c6 Ivan Mitifiot et le festival \u00c9crans Mixtes de Lyon\u00a0\u25c6\u00a0Sabine Gros La Faige, Marie-Christine Robin, Marie-Christine Sarrazin et le festival Cineffable de Paris\u00a0\u25c6\u00a0Mickael Achard et le festival D\u00e9sir\u2026 D\u00e9sirs de Tours<\/p>\n<p>Un grand merci \u00e0\u00a0Christophe Vix-Gras, Zouzou, C\u00e9cile Erhard et l\u2019\u00e9quipe des Rosa Bonheur\u00a0\u25c6\u00a0Laeticia\u00a0Zerbib, Gr\u00e9gory Pinon\u00a0et Le Cirque\u00a0\u25c6\u00a0Aur\u00e9lie Sala et le Corso\u00a0\u25c6\u00a0Jason Hentiger, Chris Rey et le Workshow\u00a0\u25c6 Herv\u00e9 L\u00e9gerot et le Mange-disque\u00a0\u25c6\u00a0Elisa\u00a0Koubi, Mathias Neviere\u00a0et l\u2019Inter-LGBT\u00a0\u25c6\u00a0Tou(te)s les r\u00e9alisatrices-teurs, productrices-teurs, distributrices-teurs qui nous ont confi\u00e9 les films de cette 28e\u00a0\u00e9dition\u00a0\u25c6<\/p>\n<p>&nbsp;<\/p>\n<p><strong>RAINBOW SUBMARINE<\/strong><\/p>\n<p><strong>\u00a0<\/strong>Co-Pre\u0301sidents\u00a0: Laurent Bocahut, Olivia Chaumont<br \/>\nTre\u0301sorier\u00a0: Laurent Bocahut<br \/>\nSecre\u0301taire\u00a0:\u00a0Fabien\u00a0Mcrae<br \/>\nC.A:\u00a0Laurent Bocahut, Olivia Chaumont, Herve\u0301 Joseph Lebrun, Cyril Rota et Fabien\u00a0Mcrae<\/p>\n<p>&nbsp;<\/p>\n<p><strong>2<\/strong><strong>8<\/strong><strong>e<\/strong><strong>\u00a0<\/strong><strong>CHERIES-CHERIS <\/strong><\/p>\n<p>Directeur artistique : Gr\u00e9gory Tilhac<br \/>\nAttach\u00e9e de presse\u00a0: Anne-Lise Kontz (N66)<br \/>\nPartenariats \/ publicit\u00e9s\u00a0: Laurent Bocahut<br \/>\nSous-titrages : Laure Valentin, V\u00e9ronique Boutron<br \/>\nEncodage DCP\u00a0: Michael L\u00e9ger (La Vague Productions)<br \/>\nGraphiste et affichiste : Christophe Cador<br \/>\nConception graphique de la brochure : Christophe Le Drean<br \/>\nCommunication digitale, bande-annonce et vid\u00e9os promotionnelles : Charlotte Boisson (Lucky Time)<br \/>\nSite internet : Jean-Beno\u00eet Richard (Connection)<br \/>\nR\u00e9gie technique\u00a0: Thibaut Cora<br \/>\nAccueil \/\u00e9v\u00e8nementiel : Patrice Peyron, Giacomo Leso, Aylau\u00a0Tik<br \/>\nStagiaire accueil\u00a0: F\u00e9lix Masson<br \/>\nPhotographe\u00a0: Aylau\u00a0Tik<\/p>\n<p>&nbsp;<\/p>\n","protected":false},"excerpt":{"rendered":"<p>Val\u00e9rie P\u00e9cresse &#8211; Pr\u00e9sidente du Conseil r\u00e9gional d\u2019\u00cele-de-France\u00a0; Florence Portelli &#8211; Vice-Pr\u00e9sidente en charge de la culture, du patrimoine et de la cr\u00e9ation, Alix Bougeret\u00a0&#8211; Pr\u00e9sidente de la commission Culture de la R\u00e9gion, Fran\u00e7ois Demas &#8211; Conseiller technique culture aupr\u00e8s de la Pr\u00e9sidente, Olivier Bruand\u00a0&#8211; Charg\u00e9 de mission cin\u00e9ma et toute l\u2019\u00e9quipe du Conseil r\u00e9gional [&hellip;]<\/p>\n","protected":false},"author":9,"featured_media":0,"parent":3861,"menu_order":0,"comment_status":"closed","ping_status":"closed","template":"","meta":{"footnotes":""},"cc_edition":[],"class_list":["post-4051","page","type-page","status-publish","hentry"],"_links":{"self":[{"href":"https:\/\/cheries-cheris.com\/festival\/wp-json\/wp\/v2\/pages\/4051","targetHints":{"allow":["GET"]}}],"collection":[{"href":"https:\/\/cheries-cheris.com\/festival\/wp-json\/wp\/v2\/pages"}],"about":[{"href":"https:\/\/cheries-cheris.com\/festival\/wp-json\/wp\/v2\/types\/page"}],"author":[{"embeddable":true,"href":"https:\/\/cheries-cheris.com\/festival\/wp-json\/wp\/v2\/users\/9"}],"replies":[{"embeddable":true,"href":"https:\/\/cheries-cheris.com\/festival\/wp-json\/wp\/v2\/comments?post=4051"}],"version-history":[{"count":4,"href":"https:\/\/cheries-cheris.com\/festival\/wp-json\/wp\/v2\/pages\/4051\/revisions"}],"predecessor-version":[{"id":4194,"href":"https:\/\/cheries-cheris.com\/festival\/wp-json\/wp\/v2\/pages\/4051\/revisions\/4194"}],"up":[{"embeddable":true,"href":"https:\/\/cheries-cheris.com\/festival\/wp-json\/wp\/v2\/pages\/3861"}],"wp:attachment":[{"href":"https:\/\/cheries-cheris.com\/festival\/wp-json\/wp\/v2\/media?parent=4051"}],"wp:term":[{"taxonomy":"cc_edition","embeddable":true,"href":"https:\/\/cheries-cheris.com\/festival\/wp-json\/wp\/v2\/cc_edition?post=4051"}],"curies":[{"name":"wp","href":"https:\/\/api.w.org\/{rel}","templated":true}]}}