{"id":3750,"date":"2022-10-25T18:03:29","date_gmt":"2022-10-25T16:03:29","guid":{"rendered":"https:\/\/cheries-cheris.com\/festival\/?page_id=3750"},"modified":"2022-10-27T14:03:33","modified_gmt":"2022-10-27T12:03:33","slug":"edito-de-gregory-tilhac-directeur-artistique-du-festival","status":"publish","type":"page","link":"https:\/\/cheries-cheris.com\/festival\/28eme-festival-du-film-lgbtq-de-paris-du-19-au-29-novembre-2022\/editos-et-jurys\/edito-de-gregory-tilhac-directeur-artistique-du-festival\/","title":{"rendered":"\u00c9dito de Gr\u00e9gory Tilhac, Directeur artistique du festival"},"content":{"rendered":"<section class=\"kc-elm kc-css-618793 kc_row\"><div class=\"kc-row-container  kc-container\"><div class=\"kc-wrap-columns\"><div class=\"kc-elm kc-css-753780 kc_col-sm-4 kc_column kc_col-sm-4\"><div class=\"kc-col-container\"><div class=\"kc-elm kc-css-158277 kc_shortcode kc_single_image\">\n\n        <img decoding=\"async\" src=\"https:\/\/cheries-cheris.com\/festival\/wp-content\/uploads\/2022\/10\/portrait-gregory-tilhac.jpg\" class=\"\" alt=\"Gr\u00e9gory Tilhac, D\u00e9l\u00e9gu\u00e9 g\u00e9n\u00e9ral &amp; programmateur du festival\" \/>    <\/div>\n<div class=\"kc-elm kc-css-143539 kc_text_block\"><\/p>\n<p><strong>Gr\u00e9gory Tilhac<\/strong><br \/><em>Directeur artistique du festival<\/em><\/p>\n<p>\n<\/div><\/div><\/div><div class=\"kc-elm kc-css-743611 kc_col-sm-8 kc_column kc_col-sm-8\"><div class=\"kc-col-container\"><div class=\"kc-elm kc-css-881256 kc_text_block\"><\/p>\n<p>Depuis maintenant 28 ans, <em>Ch\u00e9ries-Ch\u00e9ris<\/em> donne une visibilit\u00e9, un \u00e9cho \u00e0 toutes les luttes pour la dignit\u00e9 et la fiert\u00e9 LGBTQI+ qu\u2019elles soient individuelles ou collectives, et constitue un moment essentiel de ralliement, de c\u00e9l\u00e9bration et de repr\u00e9sentation de ces combats. Il t\u00e9moigne aussi de la formidable diversit\u00e9 et cr\u00e9ativit\u00e9 du cin\u00e9ma LGBTQI+. Partout, des cin\u00e9astes, leurs \u00e9quipes et celles et ceux qu\u2019ils filment, luttent pour questionner les pr\u00e9jug\u00e9s, faire reculer l\u2019intol\u00e9rance avec courage et sinc\u00e9rit\u00e9.&nbsp;<\/p>\n<p>Cette ann\u00e9e encore, les th\u00e9matiques lesbiennes, gay, bi, trans&nbsp;ou plus globalement queer seront au c\u0153ur de nos films, \u00e0 l\u2019image de notre affiche 2022 tr\u00e8s \u00ab&nbsp;drag&nbsp;\u00bb qui est d\u00e9j\u00e0 en soi un programme, quasiment un manifeste, celui d\u2019une communaut\u00e9 plurielle de plus en plus visible dans l\u2019espace m\u00e9diatique et sur nos \u00e9crans. \u00c0 l\u2019avant-garde du combat artistique, culturel et social, <em>Ch\u00e9ries<\/em><em>&#8211;<\/em><em>Ch\u00e9ris<\/em> restera toujours le festival de l\u2019audace, de la fiert\u00e9 et de l\u2019\u00e9mancipation.&nbsp;<\/p>\n<p>Et il y a de quoi \u00eatre particuli\u00e8rement fier, cette ann\u00e9e plus qu\u2019une autre, puisque jamais les couleurs de l\u2019\u00e9tendard queer n\u2019ont \u00e9t\u00e9 aussi vives. Nos combats, nos th\u00e9matiques et nos sensibilit\u00e9s investissent tous les genres du cin\u00e9ma et d\u00e9bordent largement les cases qui nous ont longtemps \u00e9t\u00e9 assign\u00e9es, de m\u00eame que les fronti\u00e8res g\u00e9ographiques et politiques.&nbsp;<\/p>\n<p>Une quarantaine de nationalit\u00e9s sont ainsi repr\u00e9sent\u00e9es pour des \u0153uvres toutes in\u00e9dites&nbsp;: des films venant de France bien s\u00fbr, mais aussi d\u2019Irlande, de Pologne, de Finlande, d\u2019Argentine, du Br\u00e9sil, d\u2019Australie, du Maroc, du Liban, d\u2019\u00c9gypte, de Colombie, de Turquie, de Ta\u00efwan, du Japon, d\u2019Iran et m\u00eame du Soudan, du Pakistan, du Rwanda et d\u2019Indon\u00e9sie&nbsp;!&nbsp;En confirmant son ouverture sur le monde, le festival donne la parole \u00e0 des r\u00e9alisateurs\u00b7trices qui risquent parfois leur vie pour cr\u00e9er. \u00c0 <em>Ch\u00e9ries-Ch\u00e9ris<\/em>, la parole se lib\u00e8re, brute, sans filtre et sans concessions. Pas de barri\u00e8res, de censure ou de tabous. Nous avons trop lutt\u00e9 ici et elles\u00b7ils&nbsp;luttent trop encore l\u00e0-bas pour rentrer dans le rang ou s\u2019assagir.<\/p>\n<p><em>Ch\u00e9ries-Ch\u00e9ris<\/em> offre donc cette ann\u00e9e encore un large panorama des \u0153uvres et des cultures LGBTQI+ \u00e0 travers le monde, renvoyant \u00e0 notre fonction naturelle de d\u00e9frichage et de d\u00e9couverte. Celle d\u2019un festival qui est plus que jamais \u00e0 la crois\u00e9e des chemins&nbsp;: associatif et parisien par son histoire, il n\u2019en demeure pas moins universel par ses th\u00e9matiques et international par ses aspirations.<\/p>\n<p>Les ambitions de nos d\u00e9buts n\u2019ont pas chang\u00e9, elles se sont \u00e9tendues&nbsp;: 70 longs-m\u00e9trages et 64 courts vous seront ainsi pr\u00e9sent\u00e9s. Un programme d\u2019une grande richesse qui nous l\u2019esp\u00e9rons vous comblera. Que la f\u00eate commence&nbsp;!&nbsp;<\/p>\n<p>\n<\/div><\/div><\/div><\/div><\/div><\/section>\n","protected":false},"excerpt":{"rendered":"","protected":false},"author":9,"featured_media":579,"parent":3746,"menu_order":0,"comment_status":"closed","ping_status":"closed","template":"","meta":{"footnotes":""},"cc_edition":[],"class_list":["post-3750","page","type-page","status-publish","has-post-thumbnail","hentry"],"_links":{"self":[{"href":"https:\/\/cheries-cheris.com\/festival\/wp-json\/wp\/v2\/pages\/3750","targetHints":{"allow":["GET"]}}],"collection":[{"href":"https:\/\/cheries-cheris.com\/festival\/wp-json\/wp\/v2\/pages"}],"about":[{"href":"https:\/\/cheries-cheris.com\/festival\/wp-json\/wp\/v2\/types\/page"}],"author":[{"embeddable":true,"href":"https:\/\/cheries-cheris.com\/festival\/wp-json\/wp\/v2\/users\/9"}],"replies":[{"embeddable":true,"href":"https:\/\/cheries-cheris.com\/festival\/wp-json\/wp\/v2\/comments?post=3750"}],"version-history":[{"count":5,"href":"https:\/\/cheries-cheris.com\/festival\/wp-json\/wp\/v2\/pages\/3750\/revisions"}],"predecessor-version":[{"id":3801,"href":"https:\/\/cheries-cheris.com\/festival\/wp-json\/wp\/v2\/pages\/3750\/revisions\/3801"}],"up":[{"embeddable":true,"href":"https:\/\/cheries-cheris.com\/festival\/wp-json\/wp\/v2\/pages\/3746"}],"wp:featuredmedia":[{"embeddable":true,"href":"https:\/\/cheries-cheris.com\/festival\/wp-json\/wp\/v2\/media\/579"}],"wp:attachment":[{"href":"https:\/\/cheries-cheris.com\/festival\/wp-json\/wp\/v2\/media?parent=3750"}],"wp:term":[{"taxonomy":"cc_edition","embeddable":true,"href":"https:\/\/cheries-cheris.com\/festival\/wp-json\/wp\/v2\/cc_edition?post=3750"}],"curies":[{"name":"wp","href":"https:\/\/api.w.org\/{rel}","templated":true}]}}