{"id":3672,"date":"2021-12-02T08:37:42","date_gmt":"2021-12-02T07:37:42","guid":{"rendered":"https:\/\/cheries-cheris.com\/festival\/?page_id=3672"},"modified":"2021-12-02T10:01:11","modified_gmt":"2021-12-02T09:01:11","slug":"palmares-du-27e-festival-international-du-film-lgbtq-de-paris","status":"publish","type":"page","link":"https:\/\/cheries-cheris.com\/festival\/27e-festival-international-du-film-lgbtq-de-paris-du-20-au-30-novembre-2021\/palmares-du-27e-festival-international-du-film-lgbtq-de-paris\/","title":{"rendered":"Palmar\u00e8s du 27e festival international du film LGBTQ &#038; +++ de Paris"},"content":{"rendered":"<section class=\"kc-elm kc-css-679398 kc_row\"><div class=\"kc-row-container  kc-container\"><div class=\"kc-wrap-columns\"><div class=\"kc-elm kc-css-676930 kc_col-sm-12 kc_column kc_col-sm-12\"><div class=\"kc-col-container\"><div class=\"kc-elm kc-css-473116\" style=\"height: 59px; clear: both; width:100%;\"><\/div><div class=\"kc-elm kc-css-595 kc_text_block\"><\/p>\n<h1 style=\"text-align: center;\">Annonce du palmar\u00e8s de la 27\u00e8me \u00e9dition<br \/>du Festival du Film LGBTQI&#038;+++<br \/>Ch\u00e9ries-Ch\u00e9ris<\/h1>\n<p>\n<\/div><div class=\"kc-elm kc-css-879858\" style=\"height: 59px; clear: both; width:100%;\"><\/div><div class=\"kc-elm kc-css-323424 kc_text_block\"><\/p>\n<h1 style=\"text-align: center;\"><strong>COMP\u00c9TITION FICTION<\/strong><\/h1>\n<p>\n<\/div><div class=\"kc-elm kc-css-172529\" style=\"height: 20px; clear: both; width:100%;\"><\/div><div class=\"kc-elm kc-css-236161 kc_row kc_row_inner\"><div class=\"kc-elm kc-css-453126 kc_col-sm-6 kc_column_inner kc_col-sm-6\"><div class=\"kc_wrapper kc-col-inner-container\">\n<div class=\"kc-elm kc-css-800108 kc-title-wrap \">\n\n\t<h1 class=\"kc_title\">Grand Prix<\/h1>\n<\/div>\n<div class=\"kc-elm kc-css-161396\" style=\"height: 20px; clear: both; width:100%;\"><\/div><div class=\"kc-elm kc-css-916368 kc_shortcode kc_single_image\">\n\n        <a  href=\"https:\/\/cheries-cheris.com\/festival\/films\/great-freedom\/\" title=\"GREAT FREEDOM\" target=\"_self\">\n        <img decoding=\"async\" src=\"https:\/\/cheries-cheris.com\/festival\/wp-content\/uploads\/2021\/11\/Great-Freadom.jpg\" class=\"\" alt=\"\" \/>    <\/a>\n    <\/div>\n<div class=\"kc-elm kc-css-392805 kc_text_block\"><\/p>\n<h2 style=\"text-align: center;\"><a href=\"https:\/\/cheries-cheris.com\/festival\/films\/great-freedom\/\">GREAT FREEDOM<\/a><\/h2>\n<p style=\"text-align: center;\">de Sebastian Meise (Autriche)<\/p>\n<p>\n<\/div><\/div><\/div><div class=\"kc-elm kc-css-272952 kc_col-sm-6 kc_column_inner kc_col-sm-6\"><div class=\"kc_wrapper kc-col-inner-container\">\n<div class=\"kc-elm kc-css-424662 kc-title-wrap \">\n\n\t<h1 class=\"kc_title\">Prix du Jury<\/h1>\n<\/div>\n<div class=\"kc-elm kc-css-971856\" style=\"height: 20px; clear: both; width:100%;\"><\/div><div class=\"kc-elm kc-css-645335 kc_shortcode kc_single_image\">\n\n        <a  href=\"https:\/\/cheries-cheris.com\/festival\/films\/valentina\/\" title=\"VALENTINA\" target=\"_self\">\n        <img decoding=\"async\" src=\"https:\/\/cheries-cheris.com\/festival\/wp-content\/uploads\/2021\/11\/Valentina_lancamento_06-scaled-1.jpg\" class=\"\" alt=\"\" \/>    <\/a>\n    <\/div>\n<div class=\"kc-elm kc-css-472918 kc_text_block\"><\/p>\n<h2 style=\"text-align: center;\"><a href=\"https:\/\/cheries-cheris.com\/festival\/films\/valentina\/\">VALENTINA<\/a><\/h2>\n<p style=\"text-align: center; margin-top: 0;\">de C\u00e1ssio Pereira dos Santos (Br\u00e9sil)<\/p>\n<p>\n<\/div><\/div><\/div><\/div><div class=\"kc-elm kc-css-153472\" style=\"height: 59px; clear: both; width:100%;\"><\/div>\n<div class=\"kc-elm kc-css-522140 kc-title-wrap \">\n\n\t<h1 class=\"kc_title\">Prix d'interpr\u00e9tation<\/h1>\n<\/div>\n<div class=\"kc-elm kc-css-356765 kc_row kc_row_inner\"><div class=\"kc-elm kc-css-358993 kc_col-sm-6 kc_column_inner kc_col-sm-6\"><div class=\"kc_wrapper kc-col-inner-container\"><div class=\"kc-elm kc-css-355740 kc_shortcode kc_single_image\">\n\n        <a  href=\"https:\/\/cheries-cheris.com\/festival\/films\/piccolo-corpo\/\" title=\"PICCOLO CORPO\" target=\"_self\">\n        <img decoding=\"async\" src=\"https:\/\/cheries-cheris.com\/festival\/wp-content\/uploads\/2021\/11\/Picolo-Corpo.jpg\" class=\"\" alt=\"\" \/>    <\/a>\n    <\/div>\n<\/div><\/div><div class=\"kc-elm kc-css-458346 kc_col-sm-6 kc_column_inner kc_col-sm-6\"><div class=\"kc_wrapper kc-col-inner-container\"><div class=\"kc-elm kc-css-83181 kc_text_block\"><\/p>\n<p>Celeste Cescutti &#038; Ondina Quadri pour<\/p>\n<h2><a href=\"https:\/\/cheries-cheris.com\/festival\/films\/piccolo-corpo\/\"> PICCOLO CORPO<\/a><\/h2>\n<p>de Laura Samani (Italie)<\/p>\n<p>\n<\/div><\/div><\/div><\/div><div class=\"kc-elm kc-css-209421\" style=\"height: 61px; clear: both; width:100%;\"><\/div><div class=\"kc-elm kc-css-225914 kc_text_block\"><\/p>\n<h1 style=\"text-align: center;\"><b>COMP\u00c9TITION DOCUMENTAIRE<\/b><\/h1>\n<p>\n<\/div><div class=\"kc-elm kc-css-500874 kc_row kc_row_inner\"><div class=\"kc-elm kc-css-166174 kc_col-sm-6 kc_column_inner kc_col-sm-6\"><div class=\"kc_wrapper kc-col-inner-container\">\n<div class=\"kc-elm kc-css-792009 kc-title-wrap \">\n\n\t<h1 class=\"kc_title\">Grand Prix<\/h1>\n<\/div>\n<div class=\"kc-elm kc-css-937841\" style=\"height: 20px; clear: both; width:100%;\"><\/div><div class=\"kc-elm kc-css-289452 kc_shortcode kc_single_image\">\n\n        <a  href=\"https:\/\/cheries-cheris.com\/festival\/films\/nos-corps-sont-vos-champs-de-bataille\/\" title=\"NOS CORPS SONT VOS CHAMPS DE BATAILLE\" target=\"_self\">\n        <img decoding=\"async\" src=\"https:\/\/cheries-cheris.com\/festival\/wp-content\/uploads\/2021\/11\/Nos-corps-sont-vos-champs-de-bataille.jpg\" class=\"\" alt=\"\" \/>    <\/a>\n    <\/div>\n<div class=\"kc-elm kc-css-297594 kc_text_block\"><\/p>\n<h3 style=\"text-align: center;\"><a href=\"https:\/\/cheries-cheris.com\/festival\/films\/nos-corps-sont-vos-champs-de-bataille\/\">NOS CORPS SONT VOS CHAMPS DE BATAILLE<\/a><\/h3>\n<p style=\"text-align: center;\">de Isabelle Solas (France)<\/p>\n<p>\n<\/div><\/div><\/div><div class=\"kc-elm kc-css-776178 kc_col-sm-6 kc_column_inner kc_col-sm-6\"><div class=\"kc_wrapper kc-col-inner-container\">\n<div class=\"kc-elm kc-css-687585 kc-title-wrap \">\n\n\t<h1 class=\"kc_title\">Prix du Jury<\/h1>\n<\/div>\n<div class=\"kc-elm kc-css-309926\" style=\"height: 20px; clear: both; width:100%;\"><\/div><div class=\"kc-elm kc-css-352204 kc_shortcode kc_single_image\">\n\n        <a  href=\"https:\/\/cheries-cheris.com\/festival\/films\/silent-voice\/\" title=\"SILENT VOICE\" target=\"_self\">\n        <img decoding=\"async\" src=\"https:\/\/cheries-cheris.com\/festival\/wp-content\/uploads\/2021\/11\/Silent_Voice_-_3_-_72_DPI.jpg\" class=\"\" alt=\"\" \/>    <\/a>\n    <\/div>\n<div class=\"kc-elm kc-css-95098 kc_text_block\"><\/p>\n<h3 style=\"text-align: center;\"><a href=\"https:\/\/cheries-cheris.com\/festival\/films\/silent-voice\/\">SILENT VOICE<\/a><\/h3>\n<p style=\"text-align: center;\">de Reka Valerik (France, Belgique)<\/p>\n<p>\n<\/div><\/div><\/div><\/div><div class=\"kc-elm kc-css-424386\" style=\"height: 61px; clear: both; width:100%;\"><\/div><div class=\"kc-elm kc-css-210197 kc_text_block\"><\/p>\n<h1 style=\"text-align: center;\"><b>COMP\u00c9TITION COURTS METRAGES<\/b><\/h1>\n<p>\n<\/div><div class=\"kc-elm kc-css-739742 kc_row kc_row_inner\"><div class=\"kc-elm kc-css-29104 kc_col-sm-4 kc_column_inner kc_col-sm-4\"><div class=\"kc_wrapper kc-col-inner-container\">\n<div class=\"kc-elm kc-css-924166 kc-title-wrap \">\n\n\t<h1 class=\"kc_title\">Grand Prix<\/h1>\n<\/div>\n<div class=\"kc-elm kc-css-891018\" style=\"height: 20px; clear: both; width:100%;\"><\/div><div class=\"kc-elm kc-css-276358 kc_shortcode kc_single_image\">\n\n        <a  href=\"https:\/\/cheries-cheris.com\/festival\/films\/competition-courts-metrages-gays-2\/\" title=\"COMP\u00c9TITION COURTS M\u00c9TRAGES GAYS 2\" target=\"_self\">\n        <img decoding=\"async\" src=\"https:\/\/cheries-cheris.com\/festival\/wp-content\/uploads\/2021\/11\/The-night-train.jpg\" class=\"\" alt=\"\" \/>    <\/a>\n    <\/div>\n<div class=\"kc-elm kc-css-746048 kc_text_block\"><\/p>\n<h3 style=\"text-align: center;\"><a href=\"https:\/\/cheries-cheris.com\/festival\/films\/competition-courts-metrages-gays-2\/\">THE NIGHT TRAIN<\/a><\/h3>\n<p style=\"text-align: center;\">de Jerry Carlsson (Su\u00e8de)<\/p>\n<p>\n<\/div><\/div><\/div><div class=\"kc-elm kc-css-537149 kc_col-sm-8 kc_column_inner kc_col-sm-8\"><div class=\"kc_wrapper kc-col-inner-container\">\n<div class=\"kc-elm kc-css-201789 kc-title-wrap \">\n\n\t<h1 class=\"kc_title\">Prix du Jury ex \u00e6quo<\/h1>\n<\/div>\n<div class=\"kc-elm kc-css-604712\" style=\"height: 20px; clear: both; width:100%;\"><\/div><div class=\"kc-elm kc-css-\u00bb96067&Prime; kc_row kc_row_inner\"><div class=\"kc-elm kc-css-\u00bb355136&Prime; kc_col-sm-1 kc_column_inner kc_col-sm-1\"><div class=\"kc_wrapper kc-col-inner-container\"><div class=\"kc-elm kc-css-880054 kc_shortcode kc_single_image\">\n\n        <a  href=\"https:\/\/cheries-cheris.com\/festival\/films\/competition-courts-metrages-queer-2\/\" title=\"COMP\u00c9TITION COURTS M\u00c9TRAGES QUEER\" target=\"_self\">\n        <img decoding=\"async\" src=\"https:\/\/cheries-cheris.com\/festival\/wp-content\/uploads\/2021\/11\/Les-De\u0301mons-de-Dorothy-bis.jpg\" class=\"\" alt=\"\" \/>    <\/a>\n    <\/div>\n<div class=\"kc-elm kc-css-261416 kc_text_block\"><\/p>\n<h3 style=\"text-align: center;\"><a href=\"https:\/\/cheries-cheris.com\/festival\/films\/competition-courts-metrages-queer-2\/\">LES D\u00c9MONS DE DOROTHY<\/a><\/h3>\n<p style=\"text-align: center;\">de Alexis Langlois (France)<\/p>\n<p>\n<\/div><\/div><\/div><div class=\"kc-elm kc-css-\u00bb346242&Prime; kc_col-sm-1 kc_column_inner kc_col-sm-1\"><div class=\"kc_wrapper kc-col-inner-container\"><div class=\"kc-elm kc-css-411803 kc_shortcode kc_single_image\">\n\n        <a  href=\"https:\/\/cheries-cheris.com\/festival\/films\/competition-courts-metrages-gays-3\/\" title=\"COMP\u00c9TITION COURTS M\u00c9TRAGES GAYS 3\" target=\"_self\">\n        <img decoding=\"async\" src=\"https:\/\/cheries-cheris.com\/festival\/wp-content\/uploads\/2021\/11\/Play-Time.jpg\" class=\"\" alt=\"\" \/>    <\/a>\n    <\/div>\n<div class=\"kc-elm kc-css-771498 kc_text_block\"><\/p>\n<h3 style=\"text-align: center;\"><a href=\"https:\/\/cheries-cheris.com\/festival\/films\/competition-courts-metrages-gays-3\/\">PLAYTIME<\/a><\/h3>\n<p style=\"text-align: center;\">de Simone Bozzelli (Italie)<\/p>\n<p>\n<\/div><\/div><\/div><\/div><\/div><\/div><\/div><div class=\"kc-elm kc-css-338170 kc_row kc_row_inner\"><div class=\"kc-elm kc-css-160264 kc_col-sm-4 kc_column_inner kc_col-sm-4\"><div class=\"kc_wrapper kc-col-inner-container\">\n<div class=\"kc-elm kc-css-756362 kc-title-wrap \">\n\n\t<h1 class=\"kc_title\">Prix sp\u00e9cial du Jury<\/h1>\n<\/div>\n<div class=\"kc-elm kc-css-227839\" style=\"height: 20px; clear: both; width:100%;\"><\/div><div class=\"kc-elm kc-css-703500 kc_shortcode kc_single_image\">\n\n        <a  href=\"https:\/\/cheries-cheris.com\/festival\/films\/competition-courts-metrages-gays-3\/\" title=\"COMP\u00c9TITION COURTS M\u00c9TRAGES GAYS 3\" target=\"_self\">\n        <img decoding=\"async\" src=\"https:\/\/cheries-cheris.com\/festival\/wp-content\/uploads\/2021\/11\/Perche\u0301s.jpg\" class=\"\" alt=\"\" \/>    <\/a>\n    <\/div>\n<div class=\"kc-elm kc-css-875605 kc_text_block\"><\/p>\n<h3 style=\"text-align: center;\"><a href=\"https:\/\/cheries-cheris.com\/festival\/films\/competition-courts-metrages-gays-3\/\">PERCH\u00c9S<\/a><\/h3>\n<p style=\"text-align: center;\">de Guillaume Lillo (France)<\/p>\n<p>\n<\/div><\/div><\/div><div class=\"kc-elm kc-css-880529 kc_col-sm-4 kc_column_inner kc_col-sm-4\"><div class=\"kc_wrapper kc-col-inner-container\"><\/div><\/div><div class=\"kc-elm kc-css-719747 kc_col-sm-4 kc_column_inner kc_col-sm-4\"><div class=\"kc_wrapper kc-col-inner-container\"><\/div><\/div><\/div><\/div><\/div><\/div><\/div><\/section>\n","protected":false},"excerpt":{"rendered":"","protected":false},"author":7,"featured_media":0,"parent":2971,"menu_order":0,"comment_status":"closed","ping_status":"closed","template":"template-cc-home.php","meta":{"footnotes":""},"cc_edition":[],"class_list":["post-3672","page","type-page","status-publish","hentry"],"_links":{"self":[{"href":"https:\/\/cheries-cheris.com\/festival\/wp-json\/wp\/v2\/pages\/3672","targetHints":{"allow":["GET"]}}],"collection":[{"href":"https:\/\/cheries-cheris.com\/festival\/wp-json\/wp\/v2\/pages"}],"about":[{"href":"https:\/\/cheries-cheris.com\/festival\/wp-json\/wp\/v2\/types\/page"}],"author":[{"embeddable":true,"href":"https:\/\/cheries-cheris.com\/festival\/wp-json\/wp\/v2\/users\/7"}],"replies":[{"embeddable":true,"href":"https:\/\/cheries-cheris.com\/festival\/wp-json\/wp\/v2\/comments?post=3672"}],"version-history":[{"count":6,"href":"https:\/\/cheries-cheris.com\/festival\/wp-json\/wp\/v2\/pages\/3672\/revisions"}],"predecessor-version":[{"id":3690,"href":"https:\/\/cheries-cheris.com\/festival\/wp-json\/wp\/v2\/pages\/3672\/revisions\/3690"}],"up":[{"embeddable":true,"href":"https:\/\/cheries-cheris.com\/festival\/wp-json\/wp\/v2\/pages\/2971"}],"wp:attachment":[{"href":"https:\/\/cheries-cheris.com\/festival\/wp-json\/wp\/v2\/media?parent=3672"}],"wp:term":[{"taxonomy":"cc_edition","embeddable":true,"href":"https:\/\/cheries-cheris.com\/festival\/wp-json\/wp\/v2\/cc_edition?post=3672"}],"curies":[{"name":"wp","href":"https:\/\/api.w.org\/{rel}","templated":true}]}}