{"id":3572,"date":"2021-11-09T09:37:46","date_gmt":"2021-11-09T08:37:46","guid":{"rendered":"https:\/\/cheries-cheris.com\/festival\/?page_id=3572"},"modified":"2021-11-09T09:40:59","modified_gmt":"2021-11-09T08:40:59","slug":"remerciements","status":"publish","type":"page","link":"https:\/\/cheries-cheris.com\/festival\/27e-festival-international-du-film-lgbtq-de-paris-du-20-au-30-novembre-2021\/remerciements\/","title":{"rendered":"Remerciements"},"content":{"rendered":"<p>Anne Hidalgo &#8211; Maire de Paris\u00a0; Carine Rolland &#8211; Adjointe \u00e0 la Culture et \u00e0 la Ville du quart d\u2019heure,\u00a0Alban Senault &#8211; conseiller Cin\u00e9ma aupr\u00e8s de Carine Rolland,\u00a0Michel Gomez et l\u2019\u00e9quipe de la mission Cin\u00e9ma de la Mairie de Paris\u00a0\u25c6\u00a0Val\u00e9rie P\u00e9cresse &#8211; Pr\u00e9sidente du Conseil r\u00e9gional d\u2019\u00cele-de-France\u00a0; Florence Portelli &#8211; Vice-Pr\u00e9sidente en charge de la culture, du patrimoine et de la cr\u00e9ation, Fran\u00e7ois Demas &#8211; Conseiller culture, Olivier Bruand et l\u2019\u00e9quipe du Conseil r\u00e9gional d\u2019\u00cele-de-France\u00a0\u25c6\u00a0Direction r\u00e9gionale des Affaires culturelles d\u2019\u00cele-de-France : Laurent Roturier (Directeur), Tifenn\u00a0Martinot-Lagarde\u00a0(Cheffe du service de l\u2019\u00e9conomie culturelle),\u00a0Emeric de Lastens, Catherine Ernatus (administration), Sothean Nihem (communication)\u00a0\u25c6\u00a0DILCRAH\u00a0: Fr\u00e9d\u00e9ric Potier (Pr\u00e9fet), Yohann Rosz\u00e9witch, Anne-Lise Savart et Jer\u00f4me Mateos \u25c6\u00a0Nathana\u00ebl Karmitz, Bertrand Roger, Caroline Leseur, St\u00e9phanie Laroque, Valentin Geffroy et les \u00e9quipes de MK2\u00a0\u25c6\u00a0 Erwann Corre, Manon Pechberty,\u00a0S\u00e9verine Dos Santos, Florent Ingicco, Vincent D\u00e9sormeaux\u00a0et les agents d\u2019accueil et projectionnistes des cin\u00e9mas MK2 Beaubourg, Quai de Seine et Biblioth\u00e8que\u00a0\u25c6\u00a0Michael L\u00e9ger et La Vague Production\u00a0\u25c6\u00a0Cyrille Marie et Pink TV\u00a0\u25c6\u00a0Alain Miguet, Dr Arame Reymes-Mbodje, et Sida Info Service\u00a0\u25c6\u00a0 Sida Info Solidarit\u00e9s animation\u00a0\u25c6St\u00e9phane Auclaire, Coline\u00a0Crance-Philouze, Chlo\u00e9 Baysse et UFO \u25c6Laurent P\u00e9tin, Mich\u00e8le Halberstadt, Philippe Kaempf, Pierre Seguy, C\u00e9cile Jeune et ARP S\u00e9lection \u25c6Laurence Gachet, Claire Blin et Paname Distribution \u25c6Steve Trameau et Optimale\u00a0\u25c6 Thibaut Foug\u00e8res, Diego Carazo et Outplay\u00a0\u25c6Vladimir Kokh, Gr\u00e9goire Marchal et KMBO \u25c6 Jimmy Mart\u00edn et Capricci \u25c6B\u00e9n\u00e9dicte Thomas et Arizona Distribution \u25c6 Amel Lacombe, Romain Brosolo et Eurozoom \u25c6Patrick Sibourd, Renaud Davy, L\u00e9lia Saligari et Nour Films \u25c6Hugues Peysson, Emmanuel Rossi, Antoine Davy, Charline Touzeau et l\u2019Atelier Distribution \u25c6Jovita Maeder et Bobine Films \u25c6Marte Rolland et Park Circus \u25c6Victor Lopez et Elys\u00e9es \u00c9ditions\/\u00c9l\u00e9phant Films \u25c6Serge Fendrikoff et Splendor Films \u25c6Daniel Chabannes, Louise Pageard et Epicentre Films\u00a0 \u25c6\u00a0Anne Delabre, Anne Cr\u00e9mieux et Le 7e Genre\u00a0\u25c6Thomas Arbez, Claire Mainfroiy et l\u2019INA \u25c6\u00a0Patrick Facchinetti, Olivier Demay, H\u00e9l\u00e8ne Philippi et l\u2019\u00e9quipe de Passeurs d\u2019Images\u00a0\u25c6\u00a0 Herv\u00e9 Latapie, Tony Bov\u00e9 et le Centre LGBT Paris\u00a0\u25c6\u00a0Jean-Marc Lalanne, Kristel Cascailh et Les Inrocks\u25c6 Antoine Baduel, Pierre Boiteux et Radio FG \u25c6\u00a0Didier Tell, Christophe Martet et le site Komitid\u00a0\u25c6\u00a0Nicolas Maille et le site Jock.life\u00a0\u25c6Ana\u00efs Carayon, Antoine Robinault, Marion Girard et Brain Magazine\u00a0\u25c6\u00a0Thierry Calmont, Patrick Courty et le magazine Tribu Move\u00a0\u25c6\u00a0Christophe Soret , Aldric Warnet, Qweek et Gar\u00e7on magazine\u25c6\u00a0Marion Webb, St\u00e9phanie Delon et Jeanne magazine\u00a0\u25c6\u00a0Gaspard Granaud et\u00a0le site Pop and films\u00a0\u25c6\u00a0Jacques Paulus et le festival Pink Screens de Bruxelles\u00a0\u25c6\u00a0Sylvie Cachin, Karine B\u00e9nard et le festival Everybody\u2019s perfect de Gen\u00e8ve\u00a0\u25c6 Sophie Mirouze et le Festival de La Rochelle \u25c6\u00a0Esther du Cin\u00e9marges de Bordeaux \u25c6 Ad\u00e8le Goliot, Bia Rodovalho et le festival Br\u00e9sil en Mouvements de Paris \u25c6 Sabine Gros La Faige, Marie-Christine Robin, Marie-Christine Sarrazin et le festival Cineffable de Paris \u25c6 Brigitte Zerbib, S\u00e9bastien Clavier, Sophie Lannier et le Zefestival de Nice\u25c6 Fr\u00e9d\u00e9ric Hay et ADHEOS \u25c6 Guillaume Guichon et Agir ensemble pour les droits humains \u25c6 Jean-Claude Pongault-Elongo et C\u0153ur Arc-en-ciel<\/p>\n<p>Un grand merci \u00e0\u00a0Christophe Vix-Gras, Zouzou et l\u2019\u00e9quipes des Rosa Bonheur \u25c6\u00a0Gr\u00e9gory Pinon, Laeticia Zerbib\u00a0et Le Cirque\u00a0\u25c6\u00a0Aur\u00e9lie Sala et le Corso \u25c6 Yoann\u00a0Datt, Franck Champion et les PopinGays\u00a0\u25c6\u00a0Jason Hentiger, Chris Rey et le Workshow\u00a0\u25c6Herv\u00e9 L\u00e9gerot et le Mange-disque\u00a0\u25c6\u00a0Aurore Foursy, Mathias Neviere et l\u2019Inter-LGBT\u00a0\u25c6\u00a0Tou(te)s les r\u00e9alisatrices-teurs, productrices-teurs, distributrices-teurs qui nous ont confi\u00e9 les films de cette 27e \u00e9dition\u00a0\u25c6<\/p>\n<p>RAINBOW SUBMARINE<\/p>\n<p>Co-Pre\u0301sidents\u00a0: Laurent Bocahut, Olivia Chaumont<br \/>\nTre\u0301sorier\u00a0: Laurent Bocahut<br \/>\nSecre\u0301taire\u00a0:\u00a0Fabien\u00a0Mcrae<br \/>\nC.A:\u00a0Laurent Bocahut, Olivia Chaumont, Herve\u0301 Joseph Lebrun, Cyril Rota et Fabien\u00a0Mcrae<\/p>\n<p>27e CHERIES-CHERIS<\/p>\n<p>Directeur artistique : Gr\u00e9gory Tilhac<br \/>\nProgrammation\u00a0: Neuza Bagorro, Laurent Bocahut, Juliette Canon et Olivia Chaumont<br \/>\nAttach\u00e9e de presse\u00a0: Anne-Lise Kontz (Stray Dogs)<br \/>\nPartenariats \/ publicit\u00e9s : Cyril Rota<br \/>\nSous-titrages\u00a0: Laure Valentin, V\u00e9ronique Boutron et Brigitte Lescut<br \/>\nEncodage DCP\u00a0: Michael L\u00e9ger (La Vague Productions)<br \/>\nR\u00e9gie technique\u00a0: Thibaut Cora \u2028Site internet\u00a0:\u00a0Florian Perrier<br \/>\nAccueil \/\u00e9v\u00e8nementiel : Elio Sonder et Patrice Peyron<br \/>\nCommunication digitale\u00a0: Lucky Time<br \/>\nBande-annonce\u00a0et vid\u00e9os promotionnelles\u00a0: Bertrand Picrel \u2028Photographe\u00a0: Aylau Tik<br \/>\nGraphiste et affichiste\u00a0: Christophe Cador\u2028Conception graphique de la brochure : Christophe Le Drean<\/p>\n","protected":false},"excerpt":{"rendered":"<p>Anne Hidalgo &#8211; Maire de Paris\u00a0; Carine Rolland &#8211; Adjointe \u00e0 la Culture et \u00e0 la Ville du quart d\u2019heure,\u00a0Alban Senault &#8211; conseiller Cin\u00e9ma aupr\u00e8s de Carine Rolland,\u00a0Michel Gomez et l\u2019\u00e9quipe de la mission Cin\u00e9ma de la Mairie de Paris\u00a0\u25c6\u00a0Val\u00e9rie P\u00e9cresse &#8211; Pr\u00e9sidente du Conseil r\u00e9gional d\u2019\u00cele-de-France\u00a0; Florence Portelli &#8211; Vice-Pr\u00e9sidente en charge de la [&hellip;]<\/p>\n","protected":false},"author":7,"featured_media":0,"parent":2971,"menu_order":0,"comment_status":"closed","ping_status":"closed","template":"","meta":{"footnotes":""},"cc_edition":[],"class_list":["post-3572","page","type-page","status-publish","hentry"],"_links":{"self":[{"href":"https:\/\/cheries-cheris.com\/festival\/wp-json\/wp\/v2\/pages\/3572","targetHints":{"allow":["GET"]}}],"collection":[{"href":"https:\/\/cheries-cheris.com\/festival\/wp-json\/wp\/v2\/pages"}],"about":[{"href":"https:\/\/cheries-cheris.com\/festival\/wp-json\/wp\/v2\/types\/page"}],"author":[{"embeddable":true,"href":"https:\/\/cheries-cheris.com\/festival\/wp-json\/wp\/v2\/users\/7"}],"replies":[{"embeddable":true,"href":"https:\/\/cheries-cheris.com\/festival\/wp-json\/wp\/v2\/comments?post=3572"}],"version-history":[{"count":3,"href":"https:\/\/cheries-cheris.com\/festival\/wp-json\/wp\/v2\/pages\/3572\/revisions"}],"predecessor-version":[{"id":3575,"href":"https:\/\/cheries-cheris.com\/festival\/wp-json\/wp\/v2\/pages\/3572\/revisions\/3575"}],"up":[{"embeddable":true,"href":"https:\/\/cheries-cheris.com\/festival\/wp-json\/wp\/v2\/pages\/2971"}],"wp:attachment":[{"href":"https:\/\/cheries-cheris.com\/festival\/wp-json\/wp\/v2\/media?parent=3572"}],"wp:term":[{"taxonomy":"cc_edition","embeddable":true,"href":"https:\/\/cheries-cheris.com\/festival\/wp-json\/wp\/v2\/cc_edition?post=3572"}],"curies":[{"name":"wp","href":"https:\/\/api.w.org\/{rel}","templated":true}]}}