{"id":2777,"date":"2021-05-12T18:51:01","date_gmt":"2021-05-12T16:51:01","guid":{"rendered":"https:\/\/cheries-cheris.com\/festival\/?page_id=2777"},"modified":"2025-10-23T16:30:16","modified_gmt":"2025-10-23T14:30:16","slug":"26e-festival-du-film-lgbtq-de-paris-du-25-au-1er-juin-2021","status":"publish","type":"page","link":"https:\/\/cheries-cheris.com\/festival\/26e-festival-du-film-lgbtq-de-paris-du-25-au-1er-juin-2021\/","title":{"rendered":"26e Festival du Film LGBTQI&#038;+ de Paris, du 25 Mai au 1er Juin 2021"},"content":{"rendered":"<section class=\"kc-elm kc-css-340603 kc_row\"><div class=\"kc-row-container  kc-container\"><div class=\"kc-wrap-columns\"><div class=\"kc-elm kc-css-107779 kc_col-sm-8 kc_column kc_col-sm-8\"><div class=\"kc-col-container\"><div class=\"kc-elm kc-css-936726\" style=\"height: 40px; clear: both; width:100%;\"><\/div>\n<div class=\"kc-elm kc-css-123689 kc-title-wrap \">\n\n\t<h2 class=\"kc_title\">Nous sommes heureux d\u2019enfin vous retrouver ici et bient\u00f4t sur Mk2Curiosity.com avec une collection de S\u00e9ances Sp\u00e9ciales en ligne, dont voici le programme<\/h2>\n<\/div>\n<div class=\"kc-elm kc-css-683707\" style=\"height: 40px; clear: both; width:100%;\"><\/div><div class=\"kc-elm kc-css-884509 kc_row kc_row_inner\"><div class=\"kc-elm kc-css-759810 kc_col-sm-4 kc_column_inner kc_col-sm-4\"><div class=\"kc_wrapper kc-col-inner-container\"><div class=\"widget master-slider-main-widget kc-elm kc-css-44119\"><h2 class=\"widgettitle\">PANORAMA FICTIONS<\/h2>\n\t\t<!-- MasterSlider -->\n\t\t<div id=\"P_MS69e17ec186bf2\" class=\"master-slider-parent msl ms-parent-id-27\" style=\"max-width:263px;\">\n\n\t\t\t\n\t\t\t<!-- MasterSlider Main -->\n\t\t\t<div id=\"MS69e17ec186bf2\" class=\"master-slider ms-skin-default\" >\n\t\t\t\t \t\t\t\t \n\t\t\t\t<div  class=\"ms-slide\" data-delay=\"3\" data-fill-mode=\"fill\"  >\n\t\t\t\t\t<img decoding=\"async\" src=\"https:\/\/cheries-cheris.com\/festival\/wp-content\/plugins\/master-slider\/public\/assets\/css\/blank.gif\" alt=\"\" title=\"\" data-src=\"https:\/\/cheries-cheris.com\/festival\/wp-content\/uploads\/2020\/10\/14-kokon_jost-hering-filme-cut-small-2000x1010-50-50-263x263.jpg\" \/>\n\t<a href=\"https:\/\/cheries-cheris.com\/festival\/film-type\/panorama-fictions\/?cc_edition=26\"     ><\/a>\n\n\n\t<div class=\"ms-thumb\" ><div class=\"ms-tab-context\"><div class=\"&quot;ms-tab-context&quot;\"><\/div><\/div>\n<\/div>\n\t\t\t\t<\/div>\n\t\t\t\t<div  class=\"ms-slide\" data-delay=\"3\" data-fill-mode=\"fill\"  >\n\t\t\t\t\t<img decoding=\"async\" src=\"https:\/\/cheries-cheris.com\/festival\/wp-content\/plugins\/master-slider\/public\/assets\/css\/blank.gif\" alt=\"\" title=\"\" data-src=\"https:\/\/cheries-cheris.com\/festival\/wp-content\/uploads\/2020\/10\/Je-mappelle-Bagdad-bis-263x263.jpg\" \/>\n\t<a href=\"https:\/\/cheries-cheris.com\/festival\/film-type\/panorama-fictions\/?cc_edition=26\"     ><\/a>\n\n\n\t<div class=\"ms-thumb\" ><div class=\"ms-tab-context\"><div class=\"&quot;ms-tab-context&quot;\"><\/div><\/div>\n<\/div>\n\t\t\t\t<\/div>\n\t\t\t\t<div  class=\"ms-slide\" data-delay=\"3\" data-fill-mode=\"fill\"  >\n\t\t\t\t\t<img decoding=\"async\" src=\"https:\/\/cheries-cheris.com\/festival\/wp-content\/plugins\/master-slider\/public\/assets\/css\/blank.gif\" alt=\"\" title=\"\" data-src=\"https:\/\/cheries-cheris.com\/festival\/wp-content\/uploads\/2020\/10\/LOSFUERTES-263x263.jpg\" \/>\n\t<a href=\"https:\/\/cheries-cheris.com\/festival\/film-type\/panorama-fictions\/?cc_edition=26\"     ><\/a>\n\n\n\t<div class=\"ms-thumb\" ><div class=\"ms-tab-context\"><div class=\"&quot;ms-tab-context&quot;\"><\/div><\/div>\n<\/div>\n\t\t\t\t<\/div>\n\t\t\t\t<div  class=\"ms-slide\" data-delay=\"3\" data-fill-mode=\"fill\"  >\n\t\t\t\t\t<img decoding=\"async\" src=\"https:\/\/cheries-cheris.com\/festival\/wp-content\/plugins\/master-slider\/public\/assets\/css\/blank.gif\" alt=\"\" title=\"\" data-src=\"https:\/\/cheries-cheris.com\/festival\/wp-content\/uploads\/2020\/10\/Bitter-Years-263x263.jpg\" \/>\n\t<a href=\"https:\/\/cheries-cheris.com\/festival\/film-type\/panorama-fictions\/?cc_edition=26\"     ><\/a>\n\n\n\t<div class=\"ms-thumb\" ><div class=\"ms-tab-context\"><div class=\"&quot;ms-tab-context&quot;\"><\/div><\/div>\n<\/div>\n\t\t\t\t<\/div>\n\n\t\t\t<\/div>\n\t\t\t<!-- END MasterSlider Main -->\n\n\t\t\t \n\t\t<\/div>\n\t\t<!-- END MasterSlider -->\n\n\t\t<script>\n\t\t(function ( $ ) {\n\t\t\t\"use strict\";\n\n\t\t\t$(function () {\n\t\t\t\tvar masterslider_6bf2 = new MasterSlider();\n\n\t\t\t\t\/\/ slider controls\n\n\t\t\t\t\/\/ slider setup\n\t\t\t\tmasterslider_6bf2.setup(\"MS69e17ec186bf2\", {\n\t\t\t\t\t\twidth           : 263,\n\t\t\t\t\t\theight          : 263,\n\t\t\t\t\t\tminHeight       : 0,\n\t\t\t\t\t\tspace           : 0,\n\t\t\t\t\t\tstart           : 1,\n\t\t\t\t\t\tgrabCursor      : false,\n\t\t\t\t\t\tswipe           : false,\n\t\t\t\t\t\tmouse           : false,\n\t\t\t\t\t\tlayout          : \"boxed\",\n\t\t\t\t\t\twheel           : false,\n\t\t\t\t\t\tautoplay        : true,\n\t\t\t\t\t\tinstantStartLayers:false,\n\t\t\t\t\t\tloop            : true,\n\t\t\t\t\t\tshuffle         : false,\n\t\t\t\t\t\tpreload         : 0,\n\t\t\t\t\t\theightLimit     : true,\n\t\t\t\t\t\tautoHeight      : false,\n\t\t\t\t\t\tsmoothHeight    : true,\n\t\t\t\t\t\tendPause        : false,\n\t\t\t\t\t\toverPause       : false,\n\t\t\t\t\t\tfillMode        : \"fill\",\n\t\t\t\t\t\tcenterControls  : true,\n\t\t\t\t\t\tstartOnAppear   : false,\n\t\t\t\t\t\tlayersMode      : \"center\",\n\t\t\t\t\t\thideLayers      : false,\n\t\t\t\t\t\tfullscreenMargin: 0,\n\t\t\t\t\t\tspeed           : 20,\n\t\t\t\t\t\tdir             : \"h\",\n\t\t\t\t\t\tparallaxMode    : 'swipe',\n\t\t\t\t\t\tview            : \"fade\"\n\t\t\t\t});\n\n\t\t\t\t\n\t\t\t\twindow.masterslider_instances = window.masterslider_instances || [];\n\t\t\t\twindow.masterslider_instances.push( masterslider_6bf2 );\n\t\t\t });\n\n\t\t})(jQuery);\n\t\t<\/script>\n\n<\/div><\/div><\/div><div class=\"kc-elm kc-css-648418 kc_col-sm-4 kc_column_inner kc_col-sm-4\"><div class=\"kc_wrapper kc-col-inner-container\"><div class=\"widget master-slider-main-widget kc-elm kc-css-757864\"><h2 class=\"widgettitle\">PANORAMA DOCUMENTAIRES<\/h2>\n\t\t<!-- MasterSlider -->\n\t\t<div id=\"P_MS69e17ec187891\" class=\"master-slider-parent msl ms-parent-id-28\" style=\"max-width:263px;\">\n\n\t\t\t\n\t\t\t<!-- MasterSlider Main -->\n\t\t\t<div id=\"MS69e17ec187891\" class=\"master-slider ms-skin-default\" >\n\t\t\t\t \t\t\t\t \n\t\t\t\t<div  class=\"ms-slide\" data-delay=\"3\" data-fill-mode=\"fill\"  >\n\t\t\t\t\t<img decoding=\"async\" src=\"https:\/\/cheries-cheris.com\/festival\/wp-content\/plugins\/master-slider\/public\/assets\/css\/blank.gif\" alt=\"\" title=\"\" data-src=\"https:\/\/cheries-cheris.com\/festival\/wp-content\/uploads\/2020\/10\/LFDC_photo1-263x263.jpg\" \/>\n\t<a href=\"https:\/\/cheries-cheris.com\/festival\/film-type\/panorama-documentaires\/?cc_edition=26\"     ><\/a>\n\n\n\t<div class=\"ms-thumb\" ><div class=\"ms-tab-context\"><div class=\"&quot;ms-tab-context&quot;\"><\/div><\/div>\n<\/div>\n\t\t\t\t<\/div>\n\t\t\t\t<div  class=\"ms-slide\" data-delay=\"3\" data-fill-mode=\"fill\"  >\n\t\t\t\t\t<img decoding=\"async\" src=\"https:\/\/cheries-cheris.com\/festival\/wp-content\/plugins\/master-slider\/public\/assets\/css\/blank.gif\" alt=\"\" title=\"\" data-src=\"https:\/\/cheries-cheris.com\/festival\/wp-content\/uploads\/2020\/10\/PARMAR_A_Place_of_Rage_1-263x263.jpg\" \/>\n\t<a href=\"https:\/\/cheries-cheris.com\/festival\/film-type\/panorama-documentaires\/?cc_edition=26\"     ><\/a>\n\n\n\t<div class=\"ms-thumb\" ><div class=\"ms-tab-context\"><div class=\"&quot;ms-tab-context&quot;\"><\/div><\/div>\n<\/div>\n\t\t\t\t<\/div>\n\t\t\t\t<div  class=\"ms-slide\" data-delay=\"3\" data-fill-mode=\"fill\"  >\n\t\t\t\t\t<img decoding=\"async\" src=\"https:\/\/cheries-cheris.com\/festival\/wp-content\/plugins\/master-slider\/public\/assets\/css\/blank.gif\" alt=\"\" title=\"\" data-src=\"https:\/\/cheries-cheris.com\/festival\/wp-content\/uploads\/2020\/10\/Sous-la-peau-263x263.jpg\" \/>\n\t<a href=\"https:\/\/cheries-cheris.com\/festival\/film-type\/panorama-documentaires\/?cc_edition=26\"     ><\/a>\n\n\n\t<div class=\"ms-thumb\" ><div class=\"ms-tab-context\"><div class=\"&quot;ms-tab-context&quot;\"><\/div><\/div>\n<\/div>\n\t\t\t\t<\/div>\n\n\t\t\t<\/div>\n\t\t\t<!-- END MasterSlider Main -->\n\n\t\t\t \n\t\t<\/div>\n\t\t<!-- END MasterSlider -->\n\n\t\t<script>\n\t\t(function ( $ ) {\n\t\t\t\"use strict\";\n\n\t\t\t$(function () {\n\t\t\t\tvar masterslider_7891 = new MasterSlider();\n\n\t\t\t\t\/\/ slider controls\n\n\t\t\t\t\/\/ slider setup\n\t\t\t\tmasterslider_7891.setup(\"MS69e17ec187891\", {\n\t\t\t\t\t\twidth           : 263,\n\t\t\t\t\t\theight          : 263,\n\t\t\t\t\t\tminHeight       : 0,\n\t\t\t\t\t\tspace           : 0,\n\t\t\t\t\t\tstart           : 1,\n\t\t\t\t\t\tgrabCursor      : false,\n\t\t\t\t\t\tswipe           : false,\n\t\t\t\t\t\tmouse           : false,\n\t\t\t\t\t\tlayout          : \"boxed\",\n\t\t\t\t\t\twheel           : false,\n\t\t\t\t\t\tautoplay        : true,\n\t\t\t\t\t\tinstantStartLayers:false,\n\t\t\t\t\t\tloop            : true,\n\t\t\t\t\t\tshuffle         : false,\n\t\t\t\t\t\tpreload         : 0,\n\t\t\t\t\t\theightLimit     : true,\n\t\t\t\t\t\tautoHeight      : false,\n\t\t\t\t\t\tsmoothHeight    : true,\n\t\t\t\t\t\tendPause        : false,\n\t\t\t\t\t\toverPause       : false,\n\t\t\t\t\t\tfillMode        : \"fill\",\n\t\t\t\t\t\tcenterControls  : true,\n\t\t\t\t\t\tstartOnAppear   : false,\n\t\t\t\t\t\tlayersMode      : \"center\",\n\t\t\t\t\t\thideLayers      : false,\n\t\t\t\t\t\tfullscreenMargin: 0,\n\t\t\t\t\t\tspeed           : 20,\n\t\t\t\t\t\tdir             : \"h\",\n\t\t\t\t\t\tparallaxMode    : 'swipe',\n\t\t\t\t\t\tview            : \"fade\"\n\t\t\t\t});\n\n\t\t\t\t\n\t\t\t\twindow.masterslider_instances = window.masterslider_instances || [];\n\t\t\t\twindow.masterslider_instances.push( masterslider_7891 );\n\t\t\t });\n\n\t\t})(jQuery);\n\t\t<\/script>\n\n<\/div><\/div><\/div><div class=\"kc-elm kc-css-367007 kc_col-sm-4 kc_column_inner kc_col-sm-4\"><div class=\"kc_wrapper kc-col-inner-container\"><div class=\"widget master-slider-main-widget kc-elm kc-css-635659\"><h2 class=\"widgettitle\">COMP\u00c9TITION COURTS M\u00c9TRAGES<\/h2>\n\t\t<!-- MasterSlider -->\n\t\t<div id=\"P_MS69e17ec18874f\" class=\"master-slider-parent msl ms-parent-id-26\" style=\"max-width:263px;\">\n\n\t\t\t\n\t\t\t<!-- MasterSlider Main -->\n\t\t\t<div id=\"MS69e17ec18874f\" class=\"master-slider ms-skin-default\" >\n\t\t\t\t \t\t\t\t \n\t\t\t\t<div  class=\"ms-slide\" data-delay=\"3\" data-fill-mode=\"fill\"  >\n\t\t\t\t\t<img decoding=\"async\" src=\"https:\/\/cheries-cheris.com\/festival\/wp-content\/plugins\/master-slider\/public\/assets\/css\/blank.gif\" alt=\"\" title=\"\" data-src=\"https:\/\/cheries-cheris.com\/festival\/wp-content\/uploads\/2020\/10\/Ayaneh-263x263.jpg\" \/>\n\t<a href=\"https:\/\/cheries-cheris.com\/festival\/film-type\/competition-courts-metrages?cc_edition=26\"     ><\/a>\n\n\n\t<div class=\"ms-thumb\" ><div class=\"ms-tab-context\"><div class=\"&quot;ms-tab-context&quot;\"><\/div><\/div>\n<\/div>\n\t\t\t\t<\/div>\n\t\t\t\t<div  class=\"ms-slide\" data-delay=\"3\" data-fill-mode=\"fill\"  >\n\t\t\t\t\t<img decoding=\"async\" src=\"https:\/\/cheries-cheris.com\/festival\/wp-content\/plugins\/master-slider\/public\/assets\/css\/blank.gif\" alt=\"\" title=\"\" data-src=\"https:\/\/cheries-cheris.com\/festival\/wp-content\/uploads\/2020\/10\/camille_et_moi_4-263x263.jpg\" \/>\n\t<a href=\"https:\/\/cheries-cheris.com\/festival\/film-type\/competition-courts-metrages?cc_edition=26\"     ><\/a>\n\n\n\t<div class=\"ms-thumb\" ><div class=\"ms-tab-context\"><div class=\"&quot;ms-tab-context&quot;\"><\/div><\/div>\n<\/div>\n\t\t\t\t<\/div>\n\t\t\t\t<div  class=\"ms-slide\" data-delay=\"3\" data-fill-mode=\"fill\"  >\n\t\t\t\t\t<img decoding=\"async\" src=\"https:\/\/cheries-cheris.com\/festival\/wp-content\/plugins\/master-slider\/public\/assets\/css\/blank.gif\" alt=\"\" title=\"\" data-src=\"https:\/\/cheries-cheris.com\/festival\/wp-content\/uploads\/2020\/10\/Et-chaque-nuit-263x263.jpg\" \/>\n\t<a href=\"https:\/\/cheries-cheris.com\/festival\/film-type\/competition-courts-metrages?cc_edition=26\"     ><\/a>\n\n\n\t<div class=\"ms-thumb\" ><div class=\"ms-tab-context\"><div class=\"&quot;ms-tab-context&quot;\"><\/div><\/div>\n<\/div>\n\t\t\t\t<\/div>\n\t\t\t\t<div  class=\"ms-slide\" data-delay=\"3\" data-fill-mode=\"fill\"  >\n\t\t\t\t\t<img decoding=\"async\" src=\"https:\/\/cheries-cheris.com\/festival\/wp-content\/plugins\/master-slider\/public\/assets\/css\/blank.gif\" alt=\"\" title=\"\" data-src=\"https:\/\/cheries-cheris.com\/festival\/wp-content\/uploads\/2020\/10\/Mani2-263x263.jpg\" \/>\n\t<a href=\"https:\/\/cheries-cheris.com\/festival\/film-type\/competition-courts-metrages?cc_edition=26\"     ><\/a>\n\n\n\t<div class=\"ms-thumb\" ><div class=\"ms-tab-context\"><div class=\"&quot;ms-tab-context&quot;\"><\/div><\/div>\n<\/div>\n\t\t\t\t<\/div>\n\t\t\t\t<div  class=\"ms-slide\" data-delay=\"3\" data-fill-mode=\"fill\"  >\n\t\t\t\t\t<img decoding=\"async\" src=\"https:\/\/cheries-cheris.com\/festival\/wp-content\/plugins\/master-slider\/public\/assets\/css\/blank.gif\" alt=\"\" title=\"\" data-src=\"https:\/\/cheries-cheris.com\/festival\/wp-content\/uploads\/2020\/10\/Baltringue-263x263.jpg\" \/>\n\t<a href=\"https:\/\/cheries-cheris.com\/festival\/film-type\/competition-courts-metrages?cc_edition=26\"     ><\/a>\n\n\n\t<div class=\"ms-thumb\" ><div class=\"ms-tab-context\"><div class=\"&quot;ms-tab-context&quot;\"><\/div><\/div>\n<\/div>\n\t\t\t\t<\/div>\n\t\t\t\t<div  class=\"ms-slide\" data-delay=\"3\" data-fill-mode=\"fill\"  >\n\t\t\t\t\t<img decoding=\"async\" src=\"https:\/\/cheries-cheris.com\/festival\/wp-content\/plugins\/master-slider\/public\/assets\/css\/blank.gif\" alt=\"\" title=\"\" data-src=\"https:\/\/cheries-cheris.com\/festival\/wp-content\/uploads\/2020\/10\/Le-jour-a-commenc\u00e9-hier-263x263.jpg\" \/>\n\t<a href=\"https:\/\/cheries-cheris.com\/festival\/film-type\/competition-courts-metrages?cc_edition=26\"     ><\/a>\n\n\n\t<div class=\"ms-thumb\" ><div class=\"ms-tab-context\"><div class=\"&quot;ms-tab-context&quot;\"><\/div><\/div>\n<\/div>\n\t\t\t\t<\/div>\n\n\t\t\t<\/div>\n\t\t\t<!-- END MasterSlider Main -->\n\n\t\t\t \n\t\t<\/div>\n\t\t<!-- END MasterSlider -->\n\n\t\t<script>\n\t\t(function ( $ ) {\n\t\t\t\"use strict\";\n\n\t\t\t$(function () {\n\t\t\t\tvar masterslider_874f = new MasterSlider();\n\n\t\t\t\t\/\/ slider controls\n\n\t\t\t\t\/\/ slider setup\n\t\t\t\tmasterslider_874f.setup(\"MS69e17ec18874f\", {\n\t\t\t\t\t\twidth           : 263,\n\t\t\t\t\t\theight          : 263,\n\t\t\t\t\t\tminHeight       : 0,\n\t\t\t\t\t\tspace           : 0,\n\t\t\t\t\t\tstart           : 1,\n\t\t\t\t\t\tgrabCursor      : false,\n\t\t\t\t\t\tswipe           : false,\n\t\t\t\t\t\tmouse           : false,\n\t\t\t\t\t\tlayout          : \"boxed\",\n\t\t\t\t\t\twheel           : false,\n\t\t\t\t\t\tautoplay        : true,\n\t\t\t\t\t\tinstantStartLayers:false,\n\t\t\t\t\t\tloop            : true,\n\t\t\t\t\t\tshuffle         : false,\n\t\t\t\t\t\tpreload         : 0,\n\t\t\t\t\t\theightLimit     : true,\n\t\t\t\t\t\tautoHeight      : false,\n\t\t\t\t\t\tsmoothHeight    : true,\n\t\t\t\t\t\tendPause        : false,\n\t\t\t\t\t\toverPause       : false,\n\t\t\t\t\t\tfillMode        : \"fill\",\n\t\t\t\t\t\tcenterControls  : true,\n\t\t\t\t\t\tstartOnAppear   : false,\n\t\t\t\t\t\tlayersMode      : \"center\",\n\t\t\t\t\t\thideLayers      : false,\n\t\t\t\t\t\tfullscreenMargin: 0,\n\t\t\t\t\t\tspeed           : 20,\n\t\t\t\t\t\tdir             : \"h\",\n\t\t\t\t\t\tparallaxMode    : 'swipe',\n\t\t\t\t\t\tview            : \"fade\"\n\t\t\t\t});\n\n\t\t\t\t\n\t\t\t\twindow.masterslider_instances = window.masterslider_instances || [];\n\t\t\t\twindow.masterslider_instances.push( masterslider_874f );\n\t\t\t });\n\n\t\t})(jQuery);\n\t\t<\/script>\n\n<\/div><\/div><\/div><\/div><div class=\"kc-elm kc-css-880518 kc_row kc_row_inner\"><div class=\"kc-elm kc-css-911553 kc_col-sm-6 kc_column_inner kc_col-sm-6\"><div class=\"kc_wrapper kc-col-inner-container\"><div class=\"widget master-slider-main-widget kc-elm kc-css-224336\"><h2 class=\"widgettitle\">S\u00c9ANCES SP\u00c9CIALES<\/h2>\n\t\t<!-- MasterSlider -->\n\t\t<div id=\"P_MS69e17ec1893e9\" class=\"master-slider-parent msl ms-parent-id-29\" style=\"max-width:263px;\">\n\n\t\t\t\n\t\t\t<!-- MasterSlider Main -->\n\t\t\t<div id=\"MS69e17ec1893e9\" class=\"master-slider ms-skin-default\" >\n\t\t\t\t \t\t\t\t \n\t\t\t\t<div  class=\"ms-slide\" data-delay=\"3\" data-fill-mode=\"fill\"  >\n\t\t\t\t\t<img decoding=\"async\" src=\"https:\/\/cheries-cheris.com\/festival\/wp-content\/plugins\/master-slider\/public\/assets\/css\/blank.gif\" alt=\"\" title=\"\" data-src=\"https:\/\/cheries-cheris.com\/festival\/wp-content\/uploads\/2020\/10\/Ce-nest-pas-un-film-de-cow-boys-263x263.jpg\" \/>\n\t<a href=\"https:\/\/cheries-cheris.com\/festival\/film-type\/seances-speciales?cc_edition=26\"     ><\/a>\n\n\n\t<div class=\"ms-thumb\" ><div class=\"ms-tab-context\"><div class=\"&quot;ms-tab-context&quot;\"><\/div><\/div>\n<\/div>\n\t\t\t\t<\/div>\n\t\t\t\t<div  class=\"ms-slide\" data-delay=\"3\" data-fill-mode=\"fill\"  >\n\t\t\t\t\t<img decoding=\"async\" src=\"https:\/\/cheries-cheris.com\/festival\/wp-content\/plugins\/master-slider\/public\/assets\/css\/blank.gif\" alt=\"\" title=\"\" data-src=\"https:\/\/cheries-cheris.com\/festival\/wp-content\/uploads\/2021\/06\/Pour-toujours-263x263.jpg\" \/>\n\t<a href=\"https:\/\/cheries-cheris.com\/festival\/film-type\/seances-speciales?cc_edition=26\"     ><\/a>\n\n\n\t<div class=\"ms-thumb\" ><div class=\"ms-tab-context\"><div class=\"&quot;ms-tab-context&quot;\"><\/div><\/div>\n<\/div>\n\t\t\t\t<\/div>\n\t\t\t\t<div  class=\"ms-slide\" data-delay=\"3\" data-fill-mode=\"fill\"  >\n\t\t\t\t\t<img decoding=\"async\" src=\"https:\/\/cheries-cheris.com\/festival\/wp-content\/plugins\/master-slider\/public\/assets\/css\/blank.gif\" alt=\"\" title=\"\" data-src=\"https:\/\/cheries-cheris.com\/festival\/wp-content\/uploads\/2020\/10\/sain-narcisse-263x263.jpg\" \/>\n\t<a href=\"https:\/\/cheries-cheris.com\/festival\/film-type\/seances-speciales?cc_edition=26\"     ><\/a>\n\n\n\t<div class=\"ms-thumb\" ><div class=\"ms-tab-context\"><div class=\"&quot;ms-tab-context&quot;\"><\/div><\/div>\n<\/div>\n\t\t\t\t<\/div>\n\n\t\t\t<\/div>\n\t\t\t<!-- END MasterSlider Main -->\n\n\t\t\t \n\t\t<\/div>\n\t\t<!-- END MasterSlider -->\n\n\t\t<script>\n\t\t(function ( $ ) {\n\t\t\t\"use strict\";\n\n\t\t\t$(function () {\n\t\t\t\tvar masterslider_93e9 = new MasterSlider();\n\n\t\t\t\t\/\/ slider controls\n\n\t\t\t\t\/\/ slider setup\n\t\t\t\tmasterslider_93e9.setup(\"MS69e17ec1893e9\", {\n\t\t\t\t\t\twidth           : 263,\n\t\t\t\t\t\theight          : 263,\n\t\t\t\t\t\tminHeight       : 0,\n\t\t\t\t\t\tspace           : 0,\n\t\t\t\t\t\tstart           : 1,\n\t\t\t\t\t\tgrabCursor      : false,\n\t\t\t\t\t\tswipe           : false,\n\t\t\t\t\t\tmouse           : false,\n\t\t\t\t\t\tlayout          : \"boxed\",\n\t\t\t\t\t\twheel           : false,\n\t\t\t\t\t\tautoplay        : true,\n\t\t\t\t\t\tinstantStartLayers:false,\n\t\t\t\t\t\tloop            : true,\n\t\t\t\t\t\tshuffle         : false,\n\t\t\t\t\t\tpreload         : 0,\n\t\t\t\t\t\theightLimit     : true,\n\t\t\t\t\t\tautoHeight      : false,\n\t\t\t\t\t\tsmoothHeight    : true,\n\t\t\t\t\t\tendPause        : false,\n\t\t\t\t\t\toverPause       : false,\n\t\t\t\t\t\tfillMode        : \"fill\",\n\t\t\t\t\t\tcenterControls  : true,\n\t\t\t\t\t\tstartOnAppear   : false,\n\t\t\t\t\t\tlayersMode      : \"center\",\n\t\t\t\t\t\thideLayers      : false,\n\t\t\t\t\t\tfullscreenMargin: 0,\n\t\t\t\t\t\tspeed           : 20,\n\t\t\t\t\t\tdir             : \"h\",\n\t\t\t\t\t\tparallaxMode    : 'swipe',\n\t\t\t\t\t\tview            : \"fade\"\n\t\t\t\t});\n\n\t\t\t\t\n\t\t\t\twindow.masterslider_instances = window.masterslider_instances || [];\n\t\t\t\twindow.masterslider_instances.push( masterslider_93e9 );\n\t\t\t });\n\n\t\t})(jQuery);\n\t\t<\/script>\n\n<\/div><\/div><\/div><div class=\"kc-elm kc-css-189938 kc_col-sm-6 kc_column_inner kc_col-sm-6\"><div class=\"kc_wrapper kc-col-inner-container\"><div class=\"widget master-slider-main-widget kc-elm kc-css-771515\"><h2 class=\"widgettitle\">RENAISSANCE NOIRE<\/h2>\n\t\t<!-- MasterSlider -->\n\t\t<div id=\"P_MS69e17ec189c83\" class=\"master-slider-parent msl ms-parent-id-30\" style=\"max-width:263px;\">\n\n\t\t\t\n\t\t\t<!-- MasterSlider Main -->\n\t\t\t<div id=\"MS69e17ec189c83\" class=\"master-slider ms-skin-default\" >\n\t\t\t\t \t\t\t\t \n\t\t\t\t<div  class=\"ms-slide\" data-delay=\"3\" data-fill-mode=\"fill\"  >\n\t\t\t\t\t<img decoding=\"async\" src=\"https:\/\/cheries-cheris.com\/festival\/wp-content\/plugins\/master-slider\/public\/assets\/css\/blank.gif\" alt=\"\" title=\"\" data-src=\"https:\/\/cheries-cheris.com\/festival\/wp-content\/uploads\/2020\/10\/JULIEN_BLACKWOOD_The_Passion_of_Remembrance_1-263x263.jpg\" \/>\n\t<a href=\"https:\/\/cheries-cheris.com\/festival\/26e-festival-du-film-lgbtq-de-paris-du-29-juin-au-6-juillet-2021\/week-end-before-une-renaissance-noire\/\"     ><\/a>\n\n\n\t<div class=\"ms-thumb\" ><div class=\"ms-tab-context\"><div class=\"&quot;ms-tab-context&quot;\"><\/div><\/div>\n<\/div>\n\t\t\t\t<\/div>\n\t\t\t\t<div  class=\"ms-slide\" data-delay=\"3\" data-fill-mode=\"fill\"  >\n\t\t\t\t\t<img decoding=\"async\" src=\"https:\/\/cheries-cheris.com\/festival\/wp-content\/plugins\/master-slider\/public\/assets\/css\/blank.gif\" alt=\"\" title=\"\" data-src=\"https:\/\/cheries-cheris.com\/festival\/wp-content\/uploads\/2020\/10\/DUNYE_The_Watermelon_Woman_2-263x263.jpg\" \/>\n\t<a href=\"https:\/\/cheries-cheris.com\/festival\/26e-festival-du-film-lgbtq-de-paris-du-29-juin-au-6-juillet-2021\/week-end-before-une-renaissance-noire\/\"     ><\/a>\n\n\n\t<div class=\"ms-thumb\" ><div class=\"ms-tab-context\"><div class=\"&quot;ms-tab-context&quot;\"><\/div><\/div>\n<\/div>\n\t\t\t\t<\/div>\n\t\t\t\t<div  class=\"ms-slide\" data-delay=\"3\" data-fill-mode=\"fill\"  >\n\t\t\t\t\t<img decoding=\"async\" src=\"https:\/\/cheries-cheris.com\/festival\/wp-content\/plugins\/master-slider\/public\/assets\/css\/blank.gif\" alt=\"\" title=\"\" data-src=\"https:\/\/cheries-cheris.com\/festival\/wp-content\/uploads\/2020\/10\/PARMAR_A_Place_of_Rage_1-263x263.jpg\" \/>\n\t<a href=\"https:\/\/cheries-cheris.com\/festival\/26e-festival-du-film-lgbtq-de-paris-du-29-juin-au-6-juillet-2021\/week-end-before-une-renaissance-noire\/\"     ><\/a>\n\n\n\t<div class=\"ms-thumb\" ><div class=\"ms-tab-context\"><div class=\"&quot;ms-tab-context&quot;\"><\/div><\/div>\n<\/div>\n\t\t\t\t<\/div>\n\n\t\t\t<\/div>\n\t\t\t<!-- END MasterSlider Main -->\n\n\t\t\t \n\t\t<\/div>\n\t\t<!-- END MasterSlider -->\n\n\t\t<script>\n\t\t(function ( $ ) {\n\t\t\t\"use strict\";\n\n\t\t\t$(function () {\n\t\t\t\tvar masterslider_9c83 = new MasterSlider();\n\n\t\t\t\t\/\/ slider controls\n\n\t\t\t\t\/\/ slider setup\n\t\t\t\tmasterslider_9c83.setup(\"MS69e17ec189c83\", {\n\t\t\t\t\t\twidth           : 263,\n\t\t\t\t\t\theight          : 263,\n\t\t\t\t\t\tminHeight       : 0,\n\t\t\t\t\t\tspace           : 0,\n\t\t\t\t\t\tstart           : 1,\n\t\t\t\t\t\tgrabCursor      : false,\n\t\t\t\t\t\tswipe           : false,\n\t\t\t\t\t\tmouse           : false,\n\t\t\t\t\t\tlayout          : \"boxed\",\n\t\t\t\t\t\twheel           : false,\n\t\t\t\t\t\tautoplay        : true,\n\t\t\t\t\t\tinstantStartLayers:false,\n\t\t\t\t\t\tloop            : true,\n\t\t\t\t\t\tshuffle         : false,\n\t\t\t\t\t\tpreload         : 0,\n\t\t\t\t\t\theightLimit     : true,\n\t\t\t\t\t\tautoHeight      : false,\n\t\t\t\t\t\tsmoothHeight    : true,\n\t\t\t\t\t\tendPause        : false,\n\t\t\t\t\t\toverPause       : false,\n\t\t\t\t\t\tfillMode        : \"fill\",\n\t\t\t\t\t\tcenterControls  : true,\n\t\t\t\t\t\tstartOnAppear   : false,\n\t\t\t\t\t\tlayersMode      : \"center\",\n\t\t\t\t\t\thideLayers      : false,\n\t\t\t\t\t\tfullscreenMargin: 0,\n\t\t\t\t\t\tspeed           : 20,\n\t\t\t\t\t\tdir             : \"h\",\n\t\t\t\t\t\tparallaxMode    : 'swipe',\n\t\t\t\t\t\tview            : \"fade\"\n\t\t\t\t});\n\n\t\t\t\t\n\t\t\t\twindow.masterslider_instances = window.masterslider_instances || [];\n\t\t\t\twindow.masterslider_instances.push( masterslider_9c83 );\n\t\t\t });\n\n\t\t})(jQuery);\n\t\t<\/script>\n\n<\/div><\/div><\/div><\/div><div class=\"kc-elm kc-css-721141\" style=\"height: 40px; clear: both; width:100%;\"><\/div><\/div><\/div><div class=\"kc-elm kc-css-507355 kc_col-sm-4 kc_column kc_col-sm-4\"><div class=\"kc-col-container\"><div class=\"kc-elm kc-css-976482\" style=\"height: 40px; clear: both; width:100%;\"><\/div><div class=\"kc-elm kc-css-212725\" style=\"height: 12px; clear: both; width:100%;\"><\/div><div class=\"kc-elm kc-css-533940 kc-feature-boxes kc-fb-layout-3\">\n\n\t<div class=\"content-icon\"><i class=\"fa-heart\"><\/i><\/div><div class=\"box-right\"><div class=\"content-title\">Remerciements<\/div><div class=\"content-desc\">Merci \u00e0 <a href=\"https:\/\/cheries-cheris.com\/festival\/26e-festival-du-film-lgbtq-de-paris-du-14-au-24-novembre-2020\/nos-partenaires\/\">nos Partenaires<\/a> et \u00e0 <a href=\"https:\/\/cheries-cheris.com\/festival\/26e-festival-du-film-lgbtq-de-paris-du-14-au-24-novembre-2020\/remerciements\/\">toutes celles et ceux qui contribuent et nous soutiennent<\/a>.<\/div><\/div>\n<\/div>\n<\/div><\/div><\/div><\/div><\/section>\n","protected":false},"excerpt":{"rendered":"","protected":false},"author":5,"featured_media":2778,"parent":0,"menu_order":0,"comment_status":"closed","ping_status":"closed","template":"template-cc-home.php","meta":{"footnotes":""},"cc_edition":[59],"class_list":["post-2777","page","type-page","status-publish","has-post-thumbnail","hentry","cc_edition-59"],"_links":{"self":[{"href":"https:\/\/cheries-cheris.com\/festival\/wp-json\/wp\/v2\/pages\/2777","targetHints":{"allow":["GET"]}}],"collection":[{"href":"https:\/\/cheries-cheris.com\/festival\/wp-json\/wp\/v2\/pages"}],"about":[{"href":"https:\/\/cheries-cheris.com\/festival\/wp-json\/wp\/v2\/types\/page"}],"author":[{"embeddable":true,"href":"https:\/\/cheries-cheris.com\/festival\/wp-json\/wp\/v2\/users\/5"}],"replies":[{"embeddable":true,"href":"https:\/\/cheries-cheris.com\/festival\/wp-json\/wp\/v2\/comments?post=2777"}],"version-history":[{"count":7,"href":"https:\/\/cheries-cheris.com\/festival\/wp-json\/wp\/v2\/pages\/2777\/revisions"}],"predecessor-version":[{"id":7395,"href":"https:\/\/cheries-cheris.com\/festival\/wp-json\/wp\/v2\/pages\/2777\/revisions\/7395"}],"wp:featuredmedia":[{"embeddable":true,"href":"https:\/\/cheries-cheris.com\/festival\/wp-json\/wp\/v2\/media\/2778"}],"wp:attachment":[{"href":"https:\/\/cheries-cheris.com\/festival\/wp-json\/wp\/v2\/media?parent=2777"}],"wp:term":[{"taxonomy":"cc_edition","embeddable":true,"href":"https:\/\/cheries-cheris.com\/festival\/wp-json\/wp\/v2\/cc_edition?post=2777"}],"curies":[{"name":"wp","href":"https:\/\/api.w.org\/{rel}","templated":true}]}}