{"id":2569,"date":"2020-10-24T11:01:24","date_gmt":"2020-10-24T09:01:24","guid":{"rendered":"https:\/\/cheries-cheris.com\/festival\/?page_id=2569"},"modified":"2021-05-30T09:26:01","modified_gmt":"2021-05-30T07:26:01","slug":"kit-cinema-contre-les-lgbtphobies","status":"publish","type":"page","link":"https:\/\/cheries-cheris.com\/festival\/26e-festival-du-film-lgbtq-de-paris-du-29-juin-au-6-juillet-2021\/kit-cinema-contre-les-lgbtphobies\/","title":{"rendered":"KIT CIN\u00c9MA CONTRE LES LGBTPHOBIES"},"content":{"rendered":"<section class=\"kc-elm kc-css-284852 kc_row\"><div class=\"kc-row-container  kc-container\"><div class=\"kc-wrap-columns\"><div class=\"kc-elm kc-css-365480 kc_col-sm-8 kc_column kc_col-sm-8\"><div class=\"kc-col-container\">\n<div class=\"kc-elm kc-css-376656 kc-title-wrap \">\n\n\t<h4 class=\"kc_title\">APR\u00c8S-MIDI PROFESSIONNELLE @CH\u00c9RIES-CH\u00c9RIS<\/h4>\n<\/div>\n<div class=\"kc-elm kc-css-226879\" style=\"height: 20px; clear: both; width:100%;\"><\/div><div class=\"kc-elm kc-css-502791 kc_text_block\"><\/p>\n<p>\n<strong>L\u2019association Passeurs d\u2019images*, en partenariat avec Le Blackmaria, P\u00f4le r\u00e9gional d\u2019\u00e9ducation aux images de <\/strong><strong>Champagne-Ardenne et Ch\u00e9ries-Ch\u00e9ris, organisent une apr\u00e8s-midi de pr\u00e9sentation nationale de l\u2019outil <span style=\"color: #bb007d;\">Je, tu, il, elle, nous aimons. Kit cin\u00e9ma contre les LGBTphobies<\/span>.<\/strong><\/p>\n<p>En 2021, l\u2019association Passeurs d\u2019Images organise le d\u00e9ploiement national du Kit en le rendant accessible \u00e0 l\u2019ensemble des acteurs de son r\u00e9seau. Une s\u00e9ance de formation \u00e0 distance a permis \u00e0 120 stagiaires de d\u00e9couvrir les possibilit\u00e9s de l&rsquo;outil et de recevoir un kit pour mener des ateliers avec des jeunes sur tout le territoire national.&nbsp; Un questionnaire approfondi rempli par chaque stagiaire apr\u00e8s ces ateliers permettra de faire une \u00e9valuation pr\u00e9cise de l&rsquo;exp\u00e9rience.&nbsp; &nbsp;<\/p>\n<p>\n<\/div><div class=\"kc-elm kc-css-573153\" style=\"height: 20px; clear: both; width:100%;\"><\/div><div class=\"kc-elm kc-css-674756 kc_row kc_row_inner\"><div class=\"kc-elm kc-css-90308 kc_col-sm-3 kc_column_inner kc_col-sm-3\"><div class=\"kc_wrapper kc-col-inner-container\"><div class=\"kc-elm kc-css-469709 kc_shortcode kc_single_image\">\n\n        <a  href=\"https:\/\/www.passeursdimages.fr\/\" title=\"Passeurs d:apos:images\" target=\"_blank\">\n        <img decoding=\"async\" src=\"https:\/\/cheries-cheris.com\/festival\/wp-content\/uploads\/2020\/10\/Passeurs-d-images.png\" class=\"\" alt=\"\" \/>    <\/a>\n    <\/div>\n<\/div><\/div><div class=\"kc-elm kc-css-100429 kc_col-sm-8 kc_column_inner kc_col-sm-8\"><div class=\"kc_wrapper kc-col-inner-container\"><div class=\"kc-elm kc-css-892641 kc_text_block\"><\/p>\n<p>\n*Passeurs d\u2019Images a pour objet de f\u00e9d\u00e9rer et d\u2019animer le r\u00e9seau des acteurs de l\u2019\u00e9ducation aux images qui oeuvrent en direction de l\u2019ensemble des publics jeunes, particuli\u00e8rement ceux des quartiers prioritaires de la politique de la ville, des zones p\u00e9ri-urbaines et des territoires ruraux prioritaires ainsi que des publics les plus \u00e9loign\u00e9s des pratiques cin\u00e9matographiques (publics sous-main de justice, publics en situation de handicap\u2026).&nbsp;<\/p>\n<p>L\u2019association assure la coordination nationale et la mise en r\u00e9seau des acteurs qui conduisent des projets d\u2019\u00e9ducation artistique et culturelle dans le cadre des dispositifs scolaires (\u00ab \u00c9cole et cin\u00e9ma \u00bb, \u00ab Coll\u00e8ge au cin\u00e9ma \u00bb), extra-scolaires (\u00ab Passeurs d\u2019images \u00bb) et de l\u2019op\u00e9ration \u00ab Des cin\u00e9s, la vie ! \u00bb.<\/p>\n<p>-&gt; <a href=\"https:\/\/www.passeursdimages.fr\/\" target=\"_blank\" rel=\"noopener\">https:\/\/www.passeursdimages.fr\/<\/a><\/p>\n<p>\n<\/div><\/div><\/div><\/div><\/div><\/div><div class=\"kc-elm kc-css-619889 kc_col-sm-4 kc_column kc_col-sm-4\"><div class=\"kc-col-container\"><div class=\"kc-elm kc-css-554849 kc_text_block\"><\/p>\n<p><b>Mardi 29 Juin 2021<\/b><\/p>\n<p>D\u00e9roulement de l\u2019apr\u00e8s-midi de pr\u00e9sentation nationale du Kit cin\u00e9ma, du projet en cours et des retours des premiers ateliers.<br \/>30 nouveaux stagiaires pourront s\u2019inscrire pour obtenir le Kit aupr\u00e8s de l\u2019association Passeurs d\u2019Images et participer au projet.<\/p>\n<p><strong>13H45<\/strong> Accueil au Mk2 Biblioth\u00e8que<\/p>\n<p><strong>14H00<\/strong>\u00a0Projection publique\u00a0de cinq courts-m\u00e9trages issus du Kit suivi d\u2019une pr\u00e9sentation de l\u2019outil et du projet national.<\/p>\n<p><strong>18H00<\/strong> Invitation des participant.e.s \u00e0 suivre la c\u00e9r\u00e9monie d\u2019ouverture du 26e Ch\u00e9ries-Ch\u00e9ris suivi de son film.<\/p>\n<p>-&gt; Informations sur le Kit aupr\u00e8s de Passeurs d\u2019Images : <a href=\"mailto:olivier@passeursdimages.fr\">Olivier Demay olivier@passeursdimages.fr<\/a><\/p>\n<p>\n<\/div><div class=\"kc-elm kc-css-15460\" style=\"height: 20px; clear: both; width:100%;\"><\/div><div class=\"kc-elm kc-css-42207 kc_shortcode kc_single_image\">\n\n        <img decoding=\"async\" src=\"https:\/\/cheries-cheris.com\/festival\/wp-content\/uploads\/2020\/10\/Visuel-Kit-LGBT.png\" class=\"\" alt=\"\" \/>    <\/div>\n<\/div><\/div><\/div><\/div><\/section>\n","protected":false},"excerpt":{"rendered":"","protected":false},"author":1,"featured_media":0,"parent":1991,"menu_order":0,"comment_status":"closed","ping_status":"closed","template":"","meta":{"footnotes":""},"cc_edition":[],"class_list":["post-2569","page","type-page","status-publish","hentry"],"_links":{"self":[{"href":"https:\/\/cheries-cheris.com\/festival\/wp-json\/wp\/v2\/pages\/2569","targetHints":{"allow":["GET"]}}],"collection":[{"href":"https:\/\/cheries-cheris.com\/festival\/wp-json\/wp\/v2\/pages"}],"about":[{"href":"https:\/\/cheries-cheris.com\/festival\/wp-json\/wp\/v2\/types\/page"}],"author":[{"embeddable":true,"href":"https:\/\/cheries-cheris.com\/festival\/wp-json\/wp\/v2\/users\/1"}],"replies":[{"embeddable":true,"href":"https:\/\/cheries-cheris.com\/festival\/wp-json\/wp\/v2\/comments?post=2569"}],"version-history":[{"count":8,"href":"https:\/\/cheries-cheris.com\/festival\/wp-json\/wp\/v2\/pages\/2569\/revisions"}],"predecessor-version":[{"id":2816,"href":"https:\/\/cheries-cheris.com\/festival\/wp-json\/wp\/v2\/pages\/2569\/revisions\/2816"}],"up":[{"embeddable":true,"href":"https:\/\/cheries-cheris.com\/festival\/wp-json\/wp\/v2\/pages\/1991"}],"wp:attachment":[{"href":"https:\/\/cheries-cheris.com\/festival\/wp-json\/wp\/v2\/media?parent=2569"}],"wp:term":[{"taxonomy":"cc_edition","embeddable":true,"href":"https:\/\/cheries-cheris.com\/festival\/wp-json\/wp\/v2\/cc_edition?post=2569"}],"curies":[{"name":"wp","href":"https:\/\/api.w.org\/{rel}","templated":true}]}}