{"id":2563,"date":"2020-10-24T10:41:05","date_gmt":"2020-10-24T08:41:05","guid":{"rendered":"https:\/\/cheries-cheris.com\/festival\/?page_id=2563"},"modified":"2020-10-24T11:20:21","modified_gmt":"2020-10-24T09:20:21","slug":"rencontres-pro-cheries-cheris","status":"publish","type":"page","link":"https:\/\/cheries-cheris.com\/festival\/26e-festival-du-film-lgbtq-de-paris-du-29-juin-au-6-juillet-2021\/rencontres-pro-cheries-cheris\/","title":{"rendered":"RENCONTRES PRO @CH\u00c9RIES-CH\u00c9RIS"},"content":{"rendered":"<section class=\"kc-elm kc-css-246134 kc_row\"><div class=\"kc-row-container  kc-container\"><div class=\"kc-wrap-columns\"><div class=\"kc-elm kc-css-797328 kc_col-sm-8 kc_column kc_col-sm-8\"><div class=\"kc-col-container\">\n<div class=\"kc-elm kc-css-760289 kc-title-wrap \">\n\n\t<h4 class=\"kc_title\">JOURN\u00c9E PROFESSIONNELLE<\/h4>\n<\/div>\n<div class=\"kc-elm kc-css-292722\" style=\"height: 20px; clear: both; width:100%;\"><\/div><div class=\"kc-elm kc-css-22774 kc_text_block\"><\/p>\n<p><strong>Pour sa 26e \u00e9dition, Ch\u00e9ries-Ch\u00e9ris 2020 donne un coup de pouce \u00e0 10 projets de films en cours.<\/strong><\/p>\n<p>Heureux chaque ann\u00e9e de participer \u00e0 la visibilit\u00e9 des court-m\u00e9trages d\u2019une jeune g\u00e9n\u00e9ration de r\u00e9alisateur\u00b7rice\u00b7s, Ch\u00e9ries-Ch\u00e9ris 2020 souhaite aujourd\u2019hui donner un coup de pouce \u00e0 leur prochain projet de fi lm LGBTQI+. Pour cela, dix d\u2019entre elles\u00b7eux ont \u00e9t\u00e9 s\u00e9lectionn\u00e9s et invit\u00e9s \u00e0 le pr\u00e9senter lors de notre journ\u00e9e.<\/p>\n<p>Dans une ambiance d\u00e9contract\u00e9e et non-comp\u00e9titive, cette journ\u00e9e \u00ab Rencontres Pro @ Ch\u00e9ries-Ch\u00e9ris \u00bb donne l\u2019occasion \u00e0 nos dix heureux\u00b7ses \u00e9lu\u00b7e\u00b7s de \u00ab pitcher \u00bb leur projet devant un panel de professionnel\u00b7le\u00b7s bienveillant\u00b7e\u00b7s, et de rencontrer des r\u00e9alisateur\u00b7trice\u00b7s et producteur\u00b7trice\u00b7s dont le long-m\u00e9trage est au programme<br \/>\nde Ch\u00e9ries-Ch\u00e9ris.<\/p>\n<p>Durant toute l\u2019apr\u00e8s-midi, par petits ateliers, nos professionnel\u00b7le\u00b7s invit\u00e9\u00b7e\u00b7s dispenseront leurs conseils personnalis\u00e9s \u00e0 cette jeune g\u00e9n\u00e9ration de r\u00e9alisateur\u00b7rice\u00b7s et lui feront profi ter de leur expertise.<br \/>\nCette journ\u00e9e, con\u00e7ue et anim\u00e9e par Laurent Bocahut (producteur ind\u00e9pendant, r\u00e9alisateur documentaire et programmateur \u00e0 Ch\u00e9ries-Ch\u00e9ris) est la seconde \u00e9dition des Rencontres Pro @ Ch\u00e9ries-Ch\u00e9ris.<\/p>\n<p>\n<\/div><\/div><\/div><div class=\"kc-elm kc-css-347009 kc_col-sm-4 kc_column kc_col-sm-4\"><div class=\"kc-col-container\"><div class=\"kc-elm kc-css-149477 kc_text_block\"><\/p>\n<p>Lundi 16 novembre de 9h30 \u00e0 18h \u00e0 L&rsquo;Aiguillage, galerie &amp; cantine, 19 rue des frigos 75013 Paris.<\/p>\n<p>\n<\/div><div class=\"kc-elm kc-css-650582\" style=\"height: 20px; clear: both; width:100%;\"><\/div><div class=\"kc-elm kc-css-318479 kc_shortcode kc_single_image\">\n\n        <a  href=\"https:\/\/www.aiguillage.paris\/\" title=\"Aiguillage\" target=\"_blank\">\n        <img decoding=\"async\" src=\"https:\/\/cheries-cheris.com\/festival\/wp-content\/uploads\/2020\/10\/logo-aiguillage.jpg\" class=\"\" alt=\"\" \/>    <\/a>\n    <\/div>\n<\/div><\/div><\/div><\/div><\/section>\n","protected":false},"excerpt":{"rendered":"","protected":false},"author":1,"featured_media":0,"parent":1991,"menu_order":0,"comment_status":"closed","ping_status":"closed","template":"","meta":{"footnotes":""},"cc_edition":[],"class_list":["post-2563","page","type-page","status-publish","hentry"],"_links":{"self":[{"href":"https:\/\/cheries-cheris.com\/festival\/wp-json\/wp\/v2\/pages\/2563","targetHints":{"allow":["GET"]}}],"collection":[{"href":"https:\/\/cheries-cheris.com\/festival\/wp-json\/wp\/v2\/pages"}],"about":[{"href":"https:\/\/cheries-cheris.com\/festival\/wp-json\/wp\/v2\/types\/page"}],"author":[{"embeddable":true,"href":"https:\/\/cheries-cheris.com\/festival\/wp-json\/wp\/v2\/users\/1"}],"replies":[{"embeddable":true,"href":"https:\/\/cheries-cheris.com\/festival\/wp-json\/wp\/v2\/comments?post=2563"}],"version-history":[{"count":7,"href":"https:\/\/cheries-cheris.com\/festival\/wp-json\/wp\/v2\/pages\/2563\/revisions"}],"predecessor-version":[{"id":2580,"href":"https:\/\/cheries-cheris.com\/festival\/wp-json\/wp\/v2\/pages\/2563\/revisions\/2580"}],"up":[{"embeddable":true,"href":"https:\/\/cheries-cheris.com\/festival\/wp-json\/wp\/v2\/pages\/1991"}],"wp:attachment":[{"href":"https:\/\/cheries-cheris.com\/festival\/wp-json\/wp\/v2\/media?parent=2563"}],"wp:term":[{"taxonomy":"cc_edition","embeddable":true,"href":"https:\/\/cheries-cheris.com\/festival\/wp-json\/wp\/v2\/cc_edition?post=2563"}],"curies":[{"name":"wp","href":"https:\/\/api.w.org\/{rel}","templated":true}]}}